{"id":11384,"date":"2019-03-11T16:09:16","date_gmt":"2019-03-11T16:09:16","guid":{"rendered":"https:\/\/wp.discount-licensing.com\/\/product\/dynamics-crm-server-basic-cal-2016-user\/"},"modified":"2023-05-30T10:27:49","modified_gmt":"2023-05-30T09:27:49","slug":"dynamics-crm-2016-basic-cal-user","status":"publish","type":"product","link":"https:\/\/discount-licensing.com\/it\/prodotto\/dynamics-crm-2016-basic-cal-user\/","title":{"rendered":"Dynamics CRM Server Basic CAL 2016 &#8211; User"},"content":{"rendered":"<p><strong>Descrizione<\/strong><\/p>\n<p>Microsoft Dynamics CRM Server Basic CAL 2016 User : La licenza \u00e8 destinata agli utenti CRM di livello base che necessitano dell\u2019accesso alle funzionalit\u00e0 CRM fondamentali, come la gestione degli account, dei contatti, dei lead e dei casi. Questa licenza \u00e8 concepita anche per gli analisti aziendali che necessitano delle capacit\u00e0 di reportistica di Microsoft Dynamics CRM. Questa licenza \u00e8 indicata anche per gli utenti che operano in scenari di applicazioni personalizzate da utente a utente.<\/p>\n<p>Tutte le nostre licenze software usate provengono da licenze perpetue multi-installazione Open, Select, Enterprise o da programmi MPSA. Tutte le licenze software sono sottoposte a rigorosi controlli, per assicurare che siano pienamente conformi alla legislazione dell\u2019UE e del Regno Unito. Le licenze software sono vendute a prezzi scontati e consegnate con una traccia di controllo completa e documentata, per attestare la legittimit\u00e0 del possesso in caso di verifica del fornitore\/gestore della sicurezza degli account. Per ulteriori informazioni, chiamaci al n. <a href=\"tel:+34934923499\">+34 934 923499<\/a> (UE) <a href=\"tel:+441283511524\">o +44(0)1283 511524<\/a> (Regno Unito) o invia una richiesta online oggi stesso.<\/p>\n<p><strong>Panoramica \/ Caratteristiche<\/strong><\/p>\n<p>Tipo di Licenza: Usata Perpetua Multi-installazione<br \/>\nValida Per: Periodo illimitato<br \/>\nMetodo Di Installazione:<br \/>\nArchitettura:<br \/>\nPiattaforma Sistema Operativo:<br \/>\nRequisiti di Sistema:<br \/>\nTipo di Processore Minimo:<br \/>\nRAM Minima:<br \/>\n&#8211;<br \/>\n&#8211;<\/p>\n","protected":false},"excerpt":{"rendered":"<p>Descrizione Microsoft Dynamics CRM Server Basic CAL 2016 User : La licenza \u00e8 destinata agli utenti CRM di livello base che necessitano dell\u2019accesso alle funzionalit\u00e0 CRM<span class=\"excerpt-hellip\"> [\u2026]<\/span><\/p>\n","protected":false},"featured_media":6787,"template":"","meta":[],"product_brand":[],"product_cat":[291,272,372,414],"product_tag":[],"class_list":{"0":"post-11384","1":"product","2":"type-product","3":"status-publish","4":"has-post-thumbnail","6":"product_cat-2016-versions-it-2","7":"product_cat-server-it","8":"product_cat-dynamics-crm-2016-server-cal-it","9":"product_cat-microsoft-dynamics-crm-it","11":"first","12":"instock","13":"shipping-taxable","14":"purchasable","15":"product-type-simple"},"yoast_head":"<!-- This site is optimized with the Yoast SEO plugin v27.1.1 - https:\/\/yoast.com\/product\/yoast-seo-wordpress\/ -->\n<title>Dynamics CRM Server Basic CAL 2016 - User - discount-licensing<\/title>\n<meta name=\"robots\" content=\"index, follow, max-snippet:-1, max-image-preview:large, max-video-preview:-1\" \/>\n<link rel=\"canonical\" href=\"https:\/\/discount-licensing.com\/it\/prodotto\/dynamics-crm-2016-basic-cal-user\/\" \/>\n<meta property=\"og:locale\" content=\"it_IT\" \/>\n<meta property=\"og:type\" content=\"article\" \/>\n<meta property=\"og:title\" content=\"Dynamics CRM Server Basic CAL 2016 - User - discount-licensing\" \/>\n<meta property=\"og:description\" content=\"Descrizione Microsoft Dynamics CRM Server Basic CAL 2016 User : La licenza \u00e8 destinata agli utenti CRM di livello base che necessitano dell\u2019accesso alle funzionalit\u00e0 CRM [\u2026]\" \/>\n<meta property=\"og:url\" content=\"https:\/\/discount-licensing.com\/it\/prodotto\/dynamics-crm-2016-basic-cal-user\/\" \/>\n<meta property=\"og:site_name\" content=\"discount-licensing\" \/>\n<meta property=\"article:publisher\" content=\"https:\/\/www.facebook.com\/DiscountLicensing\" \/>\n<meta property=\"article:modified_time\" content=\"2023-05-30T09:27:49+00:00\" \/>\n<meta property=\"og:image\" content=\"https:\/\/discount-licensing.com\/wp-content\/uploads\/2022\/09\/Dynamics-CRM-2016-Basic-CAL-\u2013-User.jpg\" \/>\n\t<meta property=\"og:image:width\" content=\"787\" \/>\n\t<meta property=\"og:image:height\" content=\"787\" \/>\n\t<meta property=\"og:image:type\" content=\"image\/jpeg\" \/>\n<meta name=\"twitter:card\" content=\"summary_large_image\" \/>\n<meta name=\"twitter:label1\" content=\"Tempo di lettura stimato\" \/>\n\t<meta name=\"twitter:data1\" content=\"1 minuto\" \/>\n<script type=\"application\/ld+json\" class=\"yoast-schema-graph\">{\"@context\":\"https:\/\/schema.org\",\"@graph\":[{\"@type\":\"WebPage\",\"@id\":\"https:\/\/discount-licensing.com\/it\/prodotto\/dynamics-crm-2016-basic-cal-user\/\",\"url\":\"https:\/\/discount-licensing.com\/it\/prodotto\/dynamics-crm-2016-basic-cal-user\/\",\"name\":\"Dynamics CRM Server Basic CAL 2016 - User - discount-licensing\",\"isPartOf\":{\"@id\":\"https:\/\/discount-licensing.com\/it\/#website\"},\"primaryImageOfPage\":{\"@id\":\"https:\/\/discount-licensing.com\/it\/prodotto\/dynamics-crm-2016-basic-cal-user\/#primaryimage\"},\"image\":{\"@id\":\"https:\/\/discount-licensing.com\/it\/prodotto\/dynamics-crm-2016-basic-cal-user\/#primaryimage\"},\"thumbnailUrl\":\"https:\/\/discount-licensing.com\/wp-content\/uploads\/2022\/09\/Dynamics-CRM-2016-Basic-CAL-\u2013-User.jpg\",\"datePublished\":\"2019-03-11T16:09:16+00:00\",\"dateModified\":\"2023-05-30T09:27:49+00:00\",\"breadcrumb\":{\"@id\":\"https:\/\/discount-licensing.com\/it\/prodotto\/dynamics-crm-2016-basic-cal-user\/#breadcrumb\"},\"inLanguage\":\"it-IT\",\"potentialAction\":[{\"@type\":\"ReadAction\",\"target\":[\"https:\/\/discount-licensing.com\/it\/prodotto\/dynamics-crm-2016-basic-cal-user\/\"]}]},{\"@type\":\"ImageObject\",\"inLanguage\":\"it-IT\",\"@id\":\"https:\/\/discount-licensing.com\/it\/prodotto\/dynamics-crm-2016-basic-cal-user\/#primaryimage\",\"url\":\"https:\/\/discount-licensing.com\/wp-content\/uploads\/2022\/09\/Dynamics-CRM-2016-Basic-CAL-\u2013-User.jpg\",\"contentUrl\":\"https:\/\/discount-licensing.com\/wp-content\/uploads\/2022\/09\/Dynamics-CRM-2016-Basic-CAL-\u2013-User.jpg\",\"width\":787,\"height\":787},{\"@type\":\"BreadcrumbList\",\"@id\":\"https:\/\/discount-licensing.com\/it\/prodotto\/dynamics-crm-2016-basic-cal-user\/#breadcrumb\",\"itemListElement\":[{\"@type\":\"ListItem\",\"position\":1,\"name\":\"Home\",\"item\":\"https:\/\/discount-licensing.com\/it\/home\/\"},{\"@type\":\"ListItem\",\"position\":2,\"name\":\"Shop\",\"item\":\"https:\/\/discount-licensing.com\/it\/shop\/\"},{\"@type\":\"ListItem\",\"position\":3,\"name\":\"Dynamics CRM Server Basic CAL 2016 &#8211; User\"}]},{\"@type\":\"WebSite\",\"@id\":\"https:\/\/discount-licensing.com\/it\/#website\",\"url\":\"https:\/\/discount-licensing.com\/it\/\",\"name\":\"discount-licensing\",\"description\":\"We Sell Discounted Pre-owned Microsoft Volume Software Throughout Europe\",\"publisher\":{\"@id\":\"https:\/\/discount-licensing.com\/it\/#organization\"},\"potentialAction\":[{\"@type\":\"SearchAction\",\"target\":{\"@type\":\"EntryPoint\",\"urlTemplate\":\"https:\/\/discount-licensing.com\/it\/?s={search_term_string}\"},\"query-input\":{\"@type\":\"PropertyValueSpecification\",\"valueRequired\":true,\"valueName\":\"search_term_string\"}}],\"inLanguage\":\"it-IT\"},{\"@type\":\"Organization\",\"@id\":\"https:\/\/discount-licensing.com\/it\/#organization\",\"name\":\"discount-licensing\",\"url\":\"https:\/\/discount-licensing.com\/it\/\",\"logo\":{\"@type\":\"ImageObject\",\"inLanguage\":\"it-IT\",\"@id\":\"https:\/\/discount-licensing.com\/it\/#\/schema\/logo\/image\/\",\"url\":\"https:\/\/discount-licensing.com\/wp-content\/uploads\/2023\/09\/discount-licensing-1.jpg\",\"contentUrl\":\"https:\/\/discount-licensing.com\/wp-content\/uploads\/2023\/09\/discount-licensing-1.jpg\",\"width\":800,\"height\":533,\"caption\":\"discount-licensing\"},\"image\":{\"@id\":\"https:\/\/discount-licensing.com\/it\/#\/schema\/logo\/image\/\"},\"sameAs\":[\"https:\/\/www.facebook.com\/DiscountLicensing\"]}]}<\/script>\n<!-- \/ Yoast SEO plugin. -->","yoast_head_json":{"title":"Dynamics CRM Server Basic CAL 2016 - User - discount-licensing","robots":{"index":"index","follow":"follow","max-snippet":"max-snippet:-1","max-image-preview":"max-image-preview:large","max-video-preview":"max-video-preview:-1"},"canonical":"https:\/\/discount-licensing.com\/it\/prodotto\/dynamics-crm-2016-basic-cal-user\/","og_locale":"it_IT","og_type":"article","og_title":"Dynamics CRM Server Basic CAL 2016 - User - discount-licensing","og_description":"Descrizione Microsoft Dynamics CRM Server Basic CAL 2016 User : La licenza \u00e8 destinata agli utenti CRM di livello base che necessitano dell\u2019accesso alle funzionalit\u00e0 CRM [\u2026]","og_url":"https:\/\/discount-licensing.com\/it\/prodotto\/dynamics-crm-2016-basic-cal-user\/","og_site_name":"discount-licensing","article_publisher":"https:\/\/www.facebook.com\/DiscountLicensing","article_modified_time":"2023-05-30T09:27:49+00:00","og_image":[{"width":787,"height":787,"url":"https:\/\/discount-licensing.com\/wp-content\/uploads\/2022\/09\/Dynamics-CRM-2016-Basic-CAL-\u2013-User.jpg","type":"image\/jpeg"}],"twitter_card":"summary_large_image","twitter_misc":{"Tempo di lettura stimato":"1 minuto"},"schema":{"@context":"https:\/\/schema.org","@graph":[{"@type":"WebPage","@id":"https:\/\/discount-licensing.com\/it\/prodotto\/dynamics-crm-2016-basic-cal-user\/","url":"https:\/\/discount-licensing.com\/it\/prodotto\/dynamics-crm-2016-basic-cal-user\/","name":"Dynamics CRM Server Basic CAL 2016 - User - discount-licensing","isPartOf":{"@id":"https:\/\/discount-licensing.com\/it\/#website"},"primaryImageOfPage":{"@id":"https:\/\/discount-licensing.com\/it\/prodotto\/dynamics-crm-2016-basic-cal-user\/#primaryimage"},"image":{"@id":"https:\/\/discount-licensing.com\/it\/prodotto\/dynamics-crm-2016-basic-cal-user\/#primaryimage"},"thumbnailUrl":"https:\/\/discount-licensing.com\/wp-content\/uploads\/2022\/09\/Dynamics-CRM-2016-Basic-CAL-\u2013-User.jpg","datePublished":"2019-03-11T16:09:16+00:00","dateModified":"2023-05-30T09:27:49+00:00","breadcrumb":{"@id":"https:\/\/discount-licensing.com\/it\/prodotto\/dynamics-crm-2016-basic-cal-user\/#breadcrumb"},"inLanguage":"it-IT","potentialAction":[{"@type":"ReadAction","target":["https:\/\/discount-licensing.com\/it\/prodotto\/dynamics-crm-2016-basic-cal-user\/"]}]},{"@type":"ImageObject","inLanguage":"it-IT","@id":"https:\/\/discount-licensing.com\/it\/prodotto\/dynamics-crm-2016-basic-cal-user\/#primaryimage","url":"https:\/\/discount-licensing.com\/wp-content\/uploads\/2022\/09\/Dynamics-CRM-2016-Basic-CAL-\u2013-User.jpg","contentUrl":"https:\/\/discount-licensing.com\/wp-content\/uploads\/2022\/09\/Dynamics-CRM-2016-Basic-CAL-\u2013-User.jpg","width":787,"height":787},{"@type":"BreadcrumbList","@id":"https:\/\/discount-licensing.com\/it\/prodotto\/dynamics-crm-2016-basic-cal-user\/#breadcrumb","itemListElement":[{"@type":"ListItem","position":1,"name":"Home","item":"https:\/\/discount-licensing.com\/it\/home\/"},{"@type":"ListItem","position":2,"name":"Shop","item":"https:\/\/discount-licensing.com\/it\/shop\/"},{"@type":"ListItem","position":3,"name":"Dynamics CRM Server Basic CAL 2016 &#8211; User"}]},{"@type":"WebSite","@id":"https:\/\/discount-licensing.com\/it\/#website","url":"https:\/\/discount-licensing.com\/it\/","name":"discount-licensing","description":"We Sell Discounted Pre-owned Microsoft Volume Software Throughout Europe","publisher":{"@id":"https:\/\/discount-licensing.com\/it\/#organization"},"potentialAction":[{"@type":"SearchAction","target":{"@type":"EntryPoint","urlTemplate":"https:\/\/discount-licensing.com\/it\/?s={search_term_string}"},"query-input":{"@type":"PropertyValueSpecification","valueRequired":true,"valueName":"search_term_string"}}],"inLanguage":"it-IT"},{"@type":"Organization","@id":"https:\/\/discount-licensing.com\/it\/#organization","name":"discount-licensing","url":"https:\/\/discount-licensing.com\/it\/","logo":{"@type":"ImageObject","inLanguage":"it-IT","@id":"https:\/\/discount-licensing.com\/it\/#\/schema\/logo\/image\/","url":"https:\/\/discount-licensing.com\/wp-content\/uploads\/2023\/09\/discount-licensing-1.jpg","contentUrl":"https:\/\/discount-licensing.com\/wp-content\/uploads\/2023\/09\/discount-licensing-1.jpg","width":800,"height":533,"caption":"discount-licensing"},"image":{"@id":"https:\/\/discount-licensing.com\/it\/#\/schema\/logo\/image\/"},"sameAs":["https:\/\/www.facebook.com\/DiscountLicensing"]}]}},"_links":{"self":[{"href":"https:\/\/discount-licensing.com\/it\/wp-json\/wp\/v2\/product\/11384","targetHints":{"allow":["GET"]}}],"collection":[{"href":"https:\/\/discount-licensing.com\/it\/wp-json\/wp\/v2\/product"}],"about":[{"href":"https:\/\/discount-licensing.com\/it\/wp-json\/wp\/v2\/types\/product"}],"version-history":[{"count":0,"href":"https:\/\/discount-licensing.com\/it\/wp-json\/wp\/v2\/product\/11384\/revisions"}],"wp:featuredmedia":[{"embeddable":true,"href":"https:\/\/discount-licensing.com\/it\/wp-json\/wp\/v2\/media\/6787"}],"wp:attachment":[{"href":"https:\/\/discount-licensing.com\/it\/wp-json\/wp\/v2\/media?parent=11384"}],"wp:term":[{"taxonomy":"product_brand","embeddable":true,"href":"https:\/\/discount-licensing.com\/it\/wp-json\/wp\/v2\/product_brand?post=11384"},{"taxonomy":"product_cat","embeddable":true,"href":"https:\/\/discount-licensing.com\/it\/wp-json\/wp\/v2\/product_cat?post=11384"},{"taxonomy":"product_tag","embeddable":true,"href":"https:\/\/discount-licensing.com\/it\/wp-json\/wp\/v2\/product_tag?post=11384"}],"curies":[{"name":"wp","href":"https:\/\/api.w.org\/{rel}","templated":true}]}}