{"id":11164,"date":"2019-03-11T12:37:13","date_gmt":"2019-03-11T12:37:13","guid":{"rendered":"https:\/\/wp.discount-licensing.com\/\/product\/sql-server-enterprise-2014-2-core\/"},"modified":"2023-06-01T11:44:20","modified_gmt":"2023-06-01T10:44:20","slug":"sql-server-2014-enterprise-2-core","status":"publish","type":"product","link":"https:\/\/discount-licensing.com\/it\/prodotto\/sql-server-2014-enterprise-2-core\/","title":{"rendered":"SQL Server Enterprise 2014 (2 Core)"},"content":{"rendered":"<p><strong>Descrizione<\/strong><\/p>\n<p>SQL Server Enterprise 2014 (2 Core) il software Microsoft di gestione dei database relazionali, in cui i dati possono essere memorizzati e richiamati da altre applicazioni. Sono inclusi i diritti di passaggio alla versione precedente. SQL Server Enterprise Edition include servizi aggiuntivi ed \u00e8 ideale per le applicazioni che richiedono prestazioni di importanza fondamentale in memoria centrale, sicurezza ed elevata disponibilit\u00e0. Con la licenza SQL Server Enterprise Edition si deve assegnare il giusto numero di licenze per le unit\u00e0 di calcolo (il requisito minimo \u00e8 4 unit\u00e0 di calcolo). Una volta ottenuta la licenza, un numero illimitato di utenti o di dispositivi pu\u00f2 connettersi senza necessit\u00e0 di licenze di accesso client (CAL). <\/p>\n<p>Tutte le nostre licenze software usate provengono da licenze perpetue multi-installazione Open, Select, Enterprise o da programmi MPSA. Tutte le licenze software sono sottoposte a rigorosi controlli, per assicurare che siano pienamente conformi alla legislazione dell\u2019UE e del Regno Unito. Le licenze software sono vendute a prezzi scontati e consegnate con una traccia di controllo completa e documentata, per attestare la legittimit\u00e0 del possesso in caso di verifica del fornitore\/gestore della sicurezza degli account. Per ulteriori informazioni, chiamaci al n. <a href=\"tel:+34934923499\">+34 934 923499<\/a> (UE) <a href=\"tel:+441283511524\">o +44(0)1283 511524<\/a> (Regno Unito) o invia una richiesta online oggi stesso.<\/p>\n<p><strong>Panoramica \/ Caratteristiche<\/strong><\/p>\n<p>Tipo di Licenza: Usata Perpetua Multi-installazione<br \/>\nValida Per: Periodo illimitato<br \/>\nMetodo Di Installazione: ISO<br \/>\nArchitettura: 64 bit<br \/>\nPiattaforma Sistema Operativo:<br \/>\nRequisiti di Sistema:<br \/>\nTipo di Processore Minimo:<br \/>\nRAM Minima:<br \/>\n&#8211;<br \/>\n&#8211;<\/p>\n","protected":false},"excerpt":{"rendered":"<p>Descrizione SQL Server Enterprise 2014 (2 Core) il software Microsoft di gestione dei database relazionali, in cui i dati possono essere memorizzati e richiamati da altre<span class=\"excerpt-hellip\"> [\u2026]<\/span><\/p>\n","protected":false},"featured_media":6623,"template":"","meta":[],"product_brand":[],"product_cat":[308,272,644,474],"product_tag":[],"class_list":{"0":"post-11164","1":"product","2":"type-product","3":"status-publish","4":"has-post-thumbnail","6":"product_cat-microsoft-sql-server-it","7":"product_cat-server-it","8":"product_cat-2014-versions-it","9":"product_cat-sql-server-2014-it","11":"first","12":"instock","13":"shipping-taxable","14":"purchasable","15":"product-type-simple"},"yoast_head":"<!-- This site is optimized with the Yoast SEO plugin v27.1.1 - https:\/\/yoast.com\/product\/yoast-seo-wordpress\/ -->\n<title>SQL Server Enterprise 2014 (2 Core) - discount-licensing<\/title>\n<meta name=\"robots\" content=\"index, follow, max-snippet:-1, max-image-preview:large, max-video-preview:-1\" \/>\n<link rel=\"canonical\" href=\"https:\/\/discount-licensing.com\/it\/prodotto\/sql-server-2014-enterprise-2-core\/\" \/>\n<meta property=\"og:locale\" content=\"it_IT\" \/>\n<meta property=\"og:type\" content=\"article\" \/>\n<meta property=\"og:title\" content=\"SQL Server Enterprise 2014 (2 Core) - discount-licensing\" \/>\n<meta property=\"og:description\" content=\"Descrizione SQL Server Enterprise 2014 (2 Core) il software Microsoft di gestione dei database relazionali, in cui i dati possono essere memorizzati e richiamati da altre [\u2026]\" \/>\n<meta property=\"og:url\" content=\"https:\/\/discount-licensing.com\/it\/prodotto\/sql-server-2014-enterprise-2-core\/\" \/>\n<meta property=\"og:site_name\" content=\"discount-licensing\" \/>\n<meta property=\"article:publisher\" content=\"https:\/\/www.facebook.com\/DiscountLicensing\" \/>\n<meta property=\"article:modified_time\" content=\"2023-06-01T10:44:20+00:00\" \/>\n<meta property=\"og:image\" content=\"https:\/\/discount-licensing.com\/wp-content\/uploads\/2022\/09\/SQL-2014-Enterprise-2-Core.jpg\" \/>\n\t<meta property=\"og:image:width\" content=\"787\" \/>\n\t<meta property=\"og:image:height\" content=\"787\" \/>\n\t<meta property=\"og:image:type\" content=\"image\/jpeg\" \/>\n<meta name=\"twitter:card\" content=\"summary_large_image\" \/>\n<meta name=\"twitter:label1\" content=\"Tempo di lettura stimato\" \/>\n\t<meta name=\"twitter:data1\" content=\"1 minuto\" \/>\n<script type=\"application\/ld+json\" class=\"yoast-schema-graph\">{\"@context\":\"https:\/\/schema.org\",\"@graph\":[{\"@type\":\"WebPage\",\"@id\":\"https:\/\/discount-licensing.com\/it\/prodotto\/sql-server-2014-enterprise-2-core\/\",\"url\":\"https:\/\/discount-licensing.com\/it\/prodotto\/sql-server-2014-enterprise-2-core\/\",\"name\":\"SQL Server Enterprise 2014 (2 Core) - discount-licensing\",\"isPartOf\":{\"@id\":\"https:\/\/discount-licensing.com\/it\/#website\"},\"primaryImageOfPage\":{\"@id\":\"https:\/\/discount-licensing.com\/it\/prodotto\/sql-server-2014-enterprise-2-core\/#primaryimage\"},\"image\":{\"@id\":\"https:\/\/discount-licensing.com\/it\/prodotto\/sql-server-2014-enterprise-2-core\/#primaryimage\"},\"thumbnailUrl\":\"https:\/\/discount-licensing.com\/wp-content\/uploads\/2022\/09\/SQL-2014-Enterprise-2-Core.jpg\",\"datePublished\":\"2019-03-11T12:37:13+00:00\",\"dateModified\":\"2023-06-01T10:44:20+00:00\",\"breadcrumb\":{\"@id\":\"https:\/\/discount-licensing.com\/it\/prodotto\/sql-server-2014-enterprise-2-core\/#breadcrumb\"},\"inLanguage\":\"it-IT\",\"potentialAction\":[{\"@type\":\"ReadAction\",\"target\":[\"https:\/\/discount-licensing.com\/it\/prodotto\/sql-server-2014-enterprise-2-core\/\"]}]},{\"@type\":\"ImageObject\",\"inLanguage\":\"it-IT\",\"@id\":\"https:\/\/discount-licensing.com\/it\/prodotto\/sql-server-2014-enterprise-2-core\/#primaryimage\",\"url\":\"https:\/\/discount-licensing.com\/wp-content\/uploads\/2022\/09\/SQL-2014-Enterprise-2-Core.jpg\",\"contentUrl\":\"https:\/\/discount-licensing.com\/wp-content\/uploads\/2022\/09\/SQL-2014-Enterprise-2-Core.jpg\",\"width\":787,\"height\":787},{\"@type\":\"BreadcrumbList\",\"@id\":\"https:\/\/discount-licensing.com\/it\/prodotto\/sql-server-2014-enterprise-2-core\/#breadcrumb\",\"itemListElement\":[{\"@type\":\"ListItem\",\"position\":1,\"name\":\"Home\",\"item\":\"https:\/\/discount-licensing.com\/it\/home\/\"},{\"@type\":\"ListItem\",\"position\":2,\"name\":\"Shop\",\"item\":\"https:\/\/discount-licensing.com\/it\/shop\/\"},{\"@type\":\"ListItem\",\"position\":3,\"name\":\"SQL Server Enterprise 2014 (2 Core)\"}]},{\"@type\":\"WebSite\",\"@id\":\"https:\/\/discount-licensing.com\/it\/#website\",\"url\":\"https:\/\/discount-licensing.com\/it\/\",\"name\":\"discount-licensing\",\"description\":\"We Sell Discounted Pre-owned Microsoft Volume Software Throughout Europe\",\"publisher\":{\"@id\":\"https:\/\/discount-licensing.com\/it\/#organization\"},\"potentialAction\":[{\"@type\":\"SearchAction\",\"target\":{\"@type\":\"EntryPoint\",\"urlTemplate\":\"https:\/\/discount-licensing.com\/it\/?s={search_term_string}\"},\"query-input\":{\"@type\":\"PropertyValueSpecification\",\"valueRequired\":true,\"valueName\":\"search_term_string\"}}],\"inLanguage\":\"it-IT\"},{\"@type\":\"Organization\",\"@id\":\"https:\/\/discount-licensing.com\/it\/#organization\",\"name\":\"discount-licensing\",\"url\":\"https:\/\/discount-licensing.com\/it\/\",\"logo\":{\"@type\":\"ImageObject\",\"inLanguage\":\"it-IT\",\"@id\":\"https:\/\/discount-licensing.com\/it\/#\/schema\/logo\/image\/\",\"url\":\"https:\/\/discount-licensing.com\/wp-content\/uploads\/2023\/09\/discount-licensing-1.jpg\",\"contentUrl\":\"https:\/\/discount-licensing.com\/wp-content\/uploads\/2023\/09\/discount-licensing-1.jpg\",\"width\":800,\"height\":533,\"caption\":\"discount-licensing\"},\"image\":{\"@id\":\"https:\/\/discount-licensing.com\/it\/#\/schema\/logo\/image\/\"},\"sameAs\":[\"https:\/\/www.facebook.com\/DiscountLicensing\"]}]}<\/script>\n<!-- \/ Yoast SEO plugin. -->","yoast_head_json":{"title":"SQL Server Enterprise 2014 (2 Core) - discount-licensing","robots":{"index":"index","follow":"follow","max-snippet":"max-snippet:-1","max-image-preview":"max-image-preview:large","max-video-preview":"max-video-preview:-1"},"canonical":"https:\/\/discount-licensing.com\/it\/prodotto\/sql-server-2014-enterprise-2-core\/","og_locale":"it_IT","og_type":"article","og_title":"SQL Server Enterprise 2014 (2 Core) - discount-licensing","og_description":"Descrizione SQL Server Enterprise 2014 (2 Core) il software Microsoft di gestione dei database relazionali, in cui i dati possono essere memorizzati e richiamati da altre [\u2026]","og_url":"https:\/\/discount-licensing.com\/it\/prodotto\/sql-server-2014-enterprise-2-core\/","og_site_name":"discount-licensing","article_publisher":"https:\/\/www.facebook.com\/DiscountLicensing","article_modified_time":"2023-06-01T10:44:20+00:00","og_image":[{"width":787,"height":787,"url":"https:\/\/discount-licensing.com\/wp-content\/uploads\/2022\/09\/SQL-2014-Enterprise-2-Core.jpg","type":"image\/jpeg"}],"twitter_card":"summary_large_image","twitter_misc":{"Tempo di lettura stimato":"1 minuto"},"schema":{"@context":"https:\/\/schema.org","@graph":[{"@type":"WebPage","@id":"https:\/\/discount-licensing.com\/it\/prodotto\/sql-server-2014-enterprise-2-core\/","url":"https:\/\/discount-licensing.com\/it\/prodotto\/sql-server-2014-enterprise-2-core\/","name":"SQL Server Enterprise 2014 (2 Core) - discount-licensing","isPartOf":{"@id":"https:\/\/discount-licensing.com\/it\/#website"},"primaryImageOfPage":{"@id":"https:\/\/discount-licensing.com\/it\/prodotto\/sql-server-2014-enterprise-2-core\/#primaryimage"},"image":{"@id":"https:\/\/discount-licensing.com\/it\/prodotto\/sql-server-2014-enterprise-2-core\/#primaryimage"},"thumbnailUrl":"https:\/\/discount-licensing.com\/wp-content\/uploads\/2022\/09\/SQL-2014-Enterprise-2-Core.jpg","datePublished":"2019-03-11T12:37:13+00:00","dateModified":"2023-06-01T10:44:20+00:00","breadcrumb":{"@id":"https:\/\/discount-licensing.com\/it\/prodotto\/sql-server-2014-enterprise-2-core\/#breadcrumb"},"inLanguage":"it-IT","potentialAction":[{"@type":"ReadAction","target":["https:\/\/discount-licensing.com\/it\/prodotto\/sql-server-2014-enterprise-2-core\/"]}]},{"@type":"ImageObject","inLanguage":"it-IT","@id":"https:\/\/discount-licensing.com\/it\/prodotto\/sql-server-2014-enterprise-2-core\/#primaryimage","url":"https:\/\/discount-licensing.com\/wp-content\/uploads\/2022\/09\/SQL-2014-Enterprise-2-Core.jpg","contentUrl":"https:\/\/discount-licensing.com\/wp-content\/uploads\/2022\/09\/SQL-2014-Enterprise-2-Core.jpg","width":787,"height":787},{"@type":"BreadcrumbList","@id":"https:\/\/discount-licensing.com\/it\/prodotto\/sql-server-2014-enterprise-2-core\/#breadcrumb","itemListElement":[{"@type":"ListItem","position":1,"name":"Home","item":"https:\/\/discount-licensing.com\/it\/home\/"},{"@type":"ListItem","position":2,"name":"Shop","item":"https:\/\/discount-licensing.com\/it\/shop\/"},{"@type":"ListItem","position":3,"name":"SQL Server Enterprise 2014 (2 Core)"}]},{"@type":"WebSite","@id":"https:\/\/discount-licensing.com\/it\/#website","url":"https:\/\/discount-licensing.com\/it\/","name":"discount-licensing","description":"We Sell Discounted Pre-owned Microsoft Volume Software Throughout Europe","publisher":{"@id":"https:\/\/discount-licensing.com\/it\/#organization"},"potentialAction":[{"@type":"SearchAction","target":{"@type":"EntryPoint","urlTemplate":"https:\/\/discount-licensing.com\/it\/?s={search_term_string}"},"query-input":{"@type":"PropertyValueSpecification","valueRequired":true,"valueName":"search_term_string"}}],"inLanguage":"it-IT"},{"@type":"Organization","@id":"https:\/\/discount-licensing.com\/it\/#organization","name":"discount-licensing","url":"https:\/\/discount-licensing.com\/it\/","logo":{"@type":"ImageObject","inLanguage":"it-IT","@id":"https:\/\/discount-licensing.com\/it\/#\/schema\/logo\/image\/","url":"https:\/\/discount-licensing.com\/wp-content\/uploads\/2023\/09\/discount-licensing-1.jpg","contentUrl":"https:\/\/discount-licensing.com\/wp-content\/uploads\/2023\/09\/discount-licensing-1.jpg","width":800,"height":533,"caption":"discount-licensing"},"image":{"@id":"https:\/\/discount-licensing.com\/it\/#\/schema\/logo\/image\/"},"sameAs":["https:\/\/www.facebook.com\/DiscountLicensing"]}]}},"_links":{"self":[{"href":"https:\/\/discount-licensing.com\/it\/wp-json\/wp\/v2\/product\/11164","targetHints":{"allow":["GET"]}}],"collection":[{"href":"https:\/\/discount-licensing.com\/it\/wp-json\/wp\/v2\/product"}],"about":[{"href":"https:\/\/discount-licensing.com\/it\/wp-json\/wp\/v2\/types\/product"}],"version-history":[{"count":0,"href":"https:\/\/discount-licensing.com\/it\/wp-json\/wp\/v2\/product\/11164\/revisions"}],"wp:featuredmedia":[{"embeddable":true,"href":"https:\/\/discount-licensing.com\/it\/wp-json\/wp\/v2\/media\/6623"}],"wp:attachment":[{"href":"https:\/\/discount-licensing.com\/it\/wp-json\/wp\/v2\/media?parent=11164"}],"wp:term":[{"taxonomy":"product_brand","embeddable":true,"href":"https:\/\/discount-licensing.com\/it\/wp-json\/wp\/v2\/product_brand?post=11164"},{"taxonomy":"product_cat","embeddable":true,"href":"https:\/\/discount-licensing.com\/it\/wp-json\/wp\/v2\/product_cat?post=11164"},{"taxonomy":"product_tag","embeddable":true,"href":"https:\/\/discount-licensing.com\/it\/wp-json\/wp\/v2\/product_tag?post=11164"}],"curies":[{"name":"wp","href":"https:\/\/api.w.org\/{rel}","templated":true}]}}