{"id":10245,"date":"2019-03-04T16:31:09","date_gmt":"2019-03-04T16:31:09","guid":{"rendered":"https:\/\/wp.discount-licensing.com\/\/product\/visio-2016-professional\/"},"modified":"2023-05-31T14:15:16","modified_gmt":"2023-05-31T13:15:16","slug":"microsoft-visio-professional-2016","status":"publish","type":"product","link":"https:\/\/discount-licensing.com\/it\/prodotto\/microsoft-visio-professional-2016\/","title":{"rendered":"Visio 2016 Professional"},"content":{"rendered":"<p><strong>Descrizione<\/strong><\/p>\n<p>Parte della famiglia Microsoft Office, Microsoft Visio 2016 Professional \u00e8 un\u2019applicazione per la realizzazione di diagrammi e di grafiche vettoriali, che crea in modo professionale diagrammi di flusso, grafici e organigrammi. Sono inclusi i diritti di passaggio alla versione precedente. La versione Professional contiene modelli aggiuntivi per realizzare diagrammi e configurazioni pi\u00f9 avanzati nonch\u00e9 per una pi\u00f9 agevole connettivit\u00e0 alle fonti dei dati.<\/p>\n<p>Tutte le nostre licenze software usate provengono da licenze perpetue multi-installazione Open, Select, Enterprise o da programmi MPSA. Tutte le licenze software sono sottoposte a rigorosi controlli, per assicurare che siano pienamente conformi alla legislazione dell\u2019UE e del Regno Unito. Le licenze software sono vendute a prezzi scontati e consegnate con una traccia di controllo completa e documentata, per attestare la legittimit\u00e0 del possesso in caso di verifica del fornitore\/gestore della sicurezza degli account. Per ulteriori informazioni, chiamaci al n. <a href=\"tel:+34934923499\">+34 934 923499<\/a> (UE) <a href=\"tel:+441283511524\">o +44(0)1283 511524<\/a> (Regno Unito) o invia una richiesta online oggi stesso.<\/p>\n<p><strong>Panoramica \/ Caratteristiche<\/strong><\/p>\n<p>Tipo di Licenza: Usata Perpetua Multi-installazione<br \/>\nValida Per: Periodo illimitato<br \/>\nMetodo Di Installazione: ISO<br \/>\nArchitettura: 32\/64 bit<br \/>\nPiattaforma Sistema Operativo: Windows 10<br \/>\nRequisiti di Sistema:<br \/>\nTipo di Processore Minimo:<br \/>\nRAM Minima:<br \/>\n&#8211; <\/p>\n","protected":false},"excerpt":{"rendered":"<p>Descrizione Parte della famiglia Microsoft Office, Microsoft Visio 2016 Professional \u00e8 un\u2019applicazione per la realizzazione di diagrammi e di grafiche vettoriali, che crea in modo professionale<span class=\"excerpt-hellip\"> [\u2026]<\/span><\/p>\n","protected":false},"featured_media":6535,"template":"","meta":[],"product_brand":[],"product_cat":[243,198,263,268],"product_tag":[],"class_list":{"0":"post-10245","1":"product","2":"type-product","3":"status-publish","4":"has-post-thumbnail","6":"product_cat-2016-versions-it","7":"product_cat-applicazioni","8":"product_cat-microsoft-visio-it","9":"product_cat-visio-2016-it","11":"first","12":"instock","13":"shipping-taxable","14":"purchasable","15":"product-type-simple"},"yoast_head":"<!-- This site is optimized with the Yoast SEO plugin v27.1.1 - https:\/\/yoast.com\/product\/yoast-seo-wordpress\/ -->\n<title>Visio 2016 Professional - discount-licensing<\/title>\n<meta name=\"robots\" content=\"index, follow, max-snippet:-1, max-image-preview:large, max-video-preview:-1\" \/>\n<link rel=\"canonical\" href=\"https:\/\/discount-licensing.com\/it\/prodotto\/microsoft-visio-professional-2016\/\" \/>\n<meta property=\"og:locale\" content=\"it_IT\" \/>\n<meta property=\"og:type\" content=\"article\" \/>\n<meta property=\"og:title\" content=\"Visio 2016 Professional - discount-licensing\" \/>\n<meta property=\"og:description\" content=\"Descrizione Parte della famiglia Microsoft Office, Microsoft Visio 2016 Professional \u00e8 un\u2019applicazione per la realizzazione di diagrammi e di grafiche vettoriali, che crea in modo professionale [\u2026]\" \/>\n<meta property=\"og:url\" content=\"https:\/\/discount-licensing.com\/it\/prodotto\/microsoft-visio-professional-2016\/\" \/>\n<meta property=\"og:site_name\" content=\"discount-licensing\" \/>\n<meta property=\"article:publisher\" content=\"https:\/\/www.facebook.com\/DiscountLicensing\" \/>\n<meta property=\"article:modified_time\" content=\"2023-05-31T13:15:16+00:00\" \/>\n<meta property=\"og:image\" content=\"https:\/\/discount-licensing.com\/wp-content\/uploads\/2022\/09\/Visio-2016-Professional.jpg\" \/>\n\t<meta property=\"og:image:width\" content=\"787\" \/>\n\t<meta property=\"og:image:height\" content=\"787\" \/>\n\t<meta property=\"og:image:type\" content=\"image\/jpeg\" \/>\n<meta name=\"twitter:card\" content=\"summary_large_image\" \/>\n<meta name=\"twitter:label1\" content=\"Tempo di lettura stimato\" \/>\n\t<meta name=\"twitter:data1\" content=\"1 minuto\" \/>\n<script type=\"application\/ld+json\" class=\"yoast-schema-graph\">{\"@context\":\"https:\/\/schema.org\",\"@graph\":[{\"@type\":\"WebPage\",\"@id\":\"https:\/\/discount-licensing.com\/it\/prodotto\/microsoft-visio-professional-2016\/\",\"url\":\"https:\/\/discount-licensing.com\/it\/prodotto\/microsoft-visio-professional-2016\/\",\"name\":\"Visio 2016 Professional - discount-licensing\",\"isPartOf\":{\"@id\":\"https:\/\/discount-licensing.com\/it\/#website\"},\"primaryImageOfPage\":{\"@id\":\"https:\/\/discount-licensing.com\/it\/prodotto\/microsoft-visio-professional-2016\/#primaryimage\"},\"image\":{\"@id\":\"https:\/\/discount-licensing.com\/it\/prodotto\/microsoft-visio-professional-2016\/#primaryimage\"},\"thumbnailUrl\":\"https:\/\/discount-licensing.com\/wp-content\/uploads\/2022\/09\/Visio-2016-Professional.jpg\",\"datePublished\":\"2019-03-04T16:31:09+00:00\",\"dateModified\":\"2023-05-31T13:15:16+00:00\",\"breadcrumb\":{\"@id\":\"https:\/\/discount-licensing.com\/it\/prodotto\/microsoft-visio-professional-2016\/#breadcrumb\"},\"inLanguage\":\"it-IT\",\"potentialAction\":[{\"@type\":\"ReadAction\",\"target\":[\"https:\/\/discount-licensing.com\/it\/prodotto\/microsoft-visio-professional-2016\/\"]}]},{\"@type\":\"ImageObject\",\"inLanguage\":\"it-IT\",\"@id\":\"https:\/\/discount-licensing.com\/it\/prodotto\/microsoft-visio-professional-2016\/#primaryimage\",\"url\":\"https:\/\/discount-licensing.com\/wp-content\/uploads\/2022\/09\/Visio-2016-Professional.jpg\",\"contentUrl\":\"https:\/\/discount-licensing.com\/wp-content\/uploads\/2022\/09\/Visio-2016-Professional.jpg\",\"width\":787,\"height\":787},{\"@type\":\"BreadcrumbList\",\"@id\":\"https:\/\/discount-licensing.com\/it\/prodotto\/microsoft-visio-professional-2016\/#breadcrumb\",\"itemListElement\":[{\"@type\":\"ListItem\",\"position\":1,\"name\":\"Home\",\"item\":\"https:\/\/discount-licensing.com\/it\/home\/\"},{\"@type\":\"ListItem\",\"position\":2,\"name\":\"Shop\",\"item\":\"https:\/\/discount-licensing.com\/it\/shop\/\"},{\"@type\":\"ListItem\",\"position\":3,\"name\":\"Visio 2016 Professional\"}]},{\"@type\":\"WebSite\",\"@id\":\"https:\/\/discount-licensing.com\/it\/#website\",\"url\":\"https:\/\/discount-licensing.com\/it\/\",\"name\":\"discount-licensing\",\"description\":\"We Sell Discounted Pre-owned Microsoft Volume Software Throughout Europe\",\"publisher\":{\"@id\":\"https:\/\/discount-licensing.com\/it\/#organization\"},\"potentialAction\":[{\"@type\":\"SearchAction\",\"target\":{\"@type\":\"EntryPoint\",\"urlTemplate\":\"https:\/\/discount-licensing.com\/it\/?s={search_term_string}\"},\"query-input\":{\"@type\":\"PropertyValueSpecification\",\"valueRequired\":true,\"valueName\":\"search_term_string\"}}],\"inLanguage\":\"it-IT\"},{\"@type\":\"Organization\",\"@id\":\"https:\/\/discount-licensing.com\/it\/#organization\",\"name\":\"discount-licensing\",\"url\":\"https:\/\/discount-licensing.com\/it\/\",\"logo\":{\"@type\":\"ImageObject\",\"inLanguage\":\"it-IT\",\"@id\":\"https:\/\/discount-licensing.com\/it\/#\/schema\/logo\/image\/\",\"url\":\"https:\/\/discount-licensing.com\/wp-content\/uploads\/2023\/09\/discount-licensing-1.jpg\",\"contentUrl\":\"https:\/\/discount-licensing.com\/wp-content\/uploads\/2023\/09\/discount-licensing-1.jpg\",\"width\":800,\"height\":533,\"caption\":\"discount-licensing\"},\"image\":{\"@id\":\"https:\/\/discount-licensing.com\/it\/#\/schema\/logo\/image\/\"},\"sameAs\":[\"https:\/\/www.facebook.com\/DiscountLicensing\"]}]}<\/script>\n<!-- \/ Yoast SEO plugin. -->","yoast_head_json":{"title":"Visio 2016 Professional - discount-licensing","robots":{"index":"index","follow":"follow","max-snippet":"max-snippet:-1","max-image-preview":"max-image-preview:large","max-video-preview":"max-video-preview:-1"},"canonical":"https:\/\/discount-licensing.com\/it\/prodotto\/microsoft-visio-professional-2016\/","og_locale":"it_IT","og_type":"article","og_title":"Visio 2016 Professional - discount-licensing","og_description":"Descrizione Parte della famiglia Microsoft Office, Microsoft Visio 2016 Professional \u00e8 un\u2019applicazione per la realizzazione di diagrammi e di grafiche vettoriali, che crea in modo professionale [\u2026]","og_url":"https:\/\/discount-licensing.com\/it\/prodotto\/microsoft-visio-professional-2016\/","og_site_name":"discount-licensing","article_publisher":"https:\/\/www.facebook.com\/DiscountLicensing","article_modified_time":"2023-05-31T13:15:16+00:00","og_image":[{"width":787,"height":787,"url":"https:\/\/discount-licensing.com\/wp-content\/uploads\/2022\/09\/Visio-2016-Professional.jpg","type":"image\/jpeg"}],"twitter_card":"summary_large_image","twitter_misc":{"Tempo di lettura stimato":"1 minuto"},"schema":{"@context":"https:\/\/schema.org","@graph":[{"@type":"WebPage","@id":"https:\/\/discount-licensing.com\/it\/prodotto\/microsoft-visio-professional-2016\/","url":"https:\/\/discount-licensing.com\/it\/prodotto\/microsoft-visio-professional-2016\/","name":"Visio 2016 Professional - discount-licensing","isPartOf":{"@id":"https:\/\/discount-licensing.com\/it\/#website"},"primaryImageOfPage":{"@id":"https:\/\/discount-licensing.com\/it\/prodotto\/microsoft-visio-professional-2016\/#primaryimage"},"image":{"@id":"https:\/\/discount-licensing.com\/it\/prodotto\/microsoft-visio-professional-2016\/#primaryimage"},"thumbnailUrl":"https:\/\/discount-licensing.com\/wp-content\/uploads\/2022\/09\/Visio-2016-Professional.jpg","datePublished":"2019-03-04T16:31:09+00:00","dateModified":"2023-05-31T13:15:16+00:00","breadcrumb":{"@id":"https:\/\/discount-licensing.com\/it\/prodotto\/microsoft-visio-professional-2016\/#breadcrumb"},"inLanguage":"it-IT","potentialAction":[{"@type":"ReadAction","target":["https:\/\/discount-licensing.com\/it\/prodotto\/microsoft-visio-professional-2016\/"]}]},{"@type":"ImageObject","inLanguage":"it-IT","@id":"https:\/\/discount-licensing.com\/it\/prodotto\/microsoft-visio-professional-2016\/#primaryimage","url":"https:\/\/discount-licensing.com\/wp-content\/uploads\/2022\/09\/Visio-2016-Professional.jpg","contentUrl":"https:\/\/discount-licensing.com\/wp-content\/uploads\/2022\/09\/Visio-2016-Professional.jpg","width":787,"height":787},{"@type":"BreadcrumbList","@id":"https:\/\/discount-licensing.com\/it\/prodotto\/microsoft-visio-professional-2016\/#breadcrumb","itemListElement":[{"@type":"ListItem","position":1,"name":"Home","item":"https:\/\/discount-licensing.com\/it\/home\/"},{"@type":"ListItem","position":2,"name":"Shop","item":"https:\/\/discount-licensing.com\/it\/shop\/"},{"@type":"ListItem","position":3,"name":"Visio 2016 Professional"}]},{"@type":"WebSite","@id":"https:\/\/discount-licensing.com\/it\/#website","url":"https:\/\/discount-licensing.com\/it\/","name":"discount-licensing","description":"We Sell Discounted Pre-owned Microsoft Volume Software Throughout Europe","publisher":{"@id":"https:\/\/discount-licensing.com\/it\/#organization"},"potentialAction":[{"@type":"SearchAction","target":{"@type":"EntryPoint","urlTemplate":"https:\/\/discount-licensing.com\/it\/?s={search_term_string}"},"query-input":{"@type":"PropertyValueSpecification","valueRequired":true,"valueName":"search_term_string"}}],"inLanguage":"it-IT"},{"@type":"Organization","@id":"https:\/\/discount-licensing.com\/it\/#organization","name":"discount-licensing","url":"https:\/\/discount-licensing.com\/it\/","logo":{"@type":"ImageObject","inLanguage":"it-IT","@id":"https:\/\/discount-licensing.com\/it\/#\/schema\/logo\/image\/","url":"https:\/\/discount-licensing.com\/wp-content\/uploads\/2023\/09\/discount-licensing-1.jpg","contentUrl":"https:\/\/discount-licensing.com\/wp-content\/uploads\/2023\/09\/discount-licensing-1.jpg","width":800,"height":533,"caption":"discount-licensing"},"image":{"@id":"https:\/\/discount-licensing.com\/it\/#\/schema\/logo\/image\/"},"sameAs":["https:\/\/www.facebook.com\/DiscountLicensing"]}]}},"_links":{"self":[{"href":"https:\/\/discount-licensing.com\/it\/wp-json\/wp\/v2\/product\/10245","targetHints":{"allow":["GET"]}}],"collection":[{"href":"https:\/\/discount-licensing.com\/it\/wp-json\/wp\/v2\/product"}],"about":[{"href":"https:\/\/discount-licensing.com\/it\/wp-json\/wp\/v2\/types\/product"}],"version-history":[{"count":0,"href":"https:\/\/discount-licensing.com\/it\/wp-json\/wp\/v2\/product\/10245\/revisions"}],"wp:featuredmedia":[{"embeddable":true,"href":"https:\/\/discount-licensing.com\/it\/wp-json\/wp\/v2\/media\/6535"}],"wp:attachment":[{"href":"https:\/\/discount-licensing.com\/it\/wp-json\/wp\/v2\/media?parent=10245"}],"wp:term":[{"taxonomy":"product_brand","embeddable":true,"href":"https:\/\/discount-licensing.com\/it\/wp-json\/wp\/v2\/product_brand?post=10245"},{"taxonomy":"product_cat","embeddable":true,"href":"https:\/\/discount-licensing.com\/it\/wp-json\/wp\/v2\/product_cat?post=10245"},{"taxonomy":"product_tag","embeddable":true,"href":"https:\/\/discount-licensing.com\/it\/wp-json\/wp\/v2\/product_tag?post=10245"}],"curies":[{"name":"wp","href":"https:\/\/api.w.org\/{rel}","templated":true}]}}