{"id":9065,"date":"2019-03-04T16:11:00","date_gmt":"2019-03-04T16:11:00","guid":{"rendered":"https:\/\/wp.discount-licensing.com\/\/product\/office-2019-standard-french\/"},"modified":"2025-05-23T11:52:50","modified_gmt":"2025-05-23T10:52:50","slug":"microsoft-office-2019-standard","status":"publish","type":"product","link":"https:\/\/discount-licensing.com\/fr\/produit\/microsoft-office-2019-standard\/","title":{"rendered":"Microsoft 365 : Office 2019 Standard"},"content":{"rendered":"<h5>*** <strong>Please Note: Minimum Order Quantity of 3 Licences***<\/strong><\/h5>\n<p><strong>Description<\/strong><\/p>\n<p>Microsoft Office 2019 Standard est une suite d\u2019applications de bureau comprenant Word, Excel, PowerPoint, OneNote, Outlook, et Publisher. Cette licence de p\u00e9riph\u00e9rique convient \u00e0 un usage commercial, dans un environnement de services du terminal. Comprend les droits de mise \u00e0 niveau vers une version ant\u00e9rieure.<\/p>\n<p>Toutes nos licences logicielles d\u2019occasion proviennent des programmes de licences perp\u00e9tuelles en volume de Microsoft Open, Select, Enterprise ou MPSA. Toutes les licences logicielles sont soumises \u00e0 des contr\u00f4les rigoureux afin de garantir leur conformit\u00e9 avec la l\u00e9gislation europ\u00e9enne et britannique. Les licences logicielles sont vendues \u00e0 un prix r\u00e9duit et fournies avec une piste d\u2019audit enti\u00e8rement document\u00e9e afin de prouver la propri\u00e9t\u00e9 l\u00e9gale en cas d\u2019audit fournisseur\/SAM. Pour en savoir plus, veuillez nous appeler au <a href=\"tel:+34934923499\">+34 934 923499<\/a> (UE) ou <a href=\"tel:+441283511524\">+44(0)1283 511524<\/a> (RU) ou faire une demande en ligne.<\/p>\n<p><strong>Pr\u00e9sentation \/ Fonctionnalit\u00e9s<\/strong><\/p>\n<p>Type de licence : Volume perp\u00e9tuel d&rsquo;occasion<br \/>\nValable pour : P\u00e9riode illimit\u00e9e<br \/>\nM\u00e9thode d&rsquo;installation : Microsoft Office Deployment Tool<br \/>\nArchitecture : 32\/64 bit<br \/>\nPlateforme OS : Windows 10, Windows 11<br \/>\nConfiguration requise :<br \/>\nType de processeur minimum :<br \/>\nTaille de RAM minimum :<br \/>\nEspace disque dur minimum :<\/p>\n<p><strong>Microsoft Word<\/strong> &#8211; cchoisissez parmi les nombreux mod\u00e8les pr\u00e9-install\u00e9s ou cr\u00e9ez enti\u00e8rement votre propre mod\u00e8le gr\u00e2ce aux nombreux outils de Microsoft qui vous aideront \u00e0 cr\u00e9er le document parfait.<\/p>\n<p><strong>Microsoft Excel<\/strong> &#8211; organisez et analysez les donn\u00e9es gr\u00e2ce \u00e0 ce tableur performant. Sa gamme compl\u00e8te de fonctions et fonctionnalit\u00e9s comprend le recalcul intelligent des cellules, des outils graphiques, des tableaux crois\u00e9s dynamiques, la saisie semi-automatique et la cr\u00e9ation de macros.<\/p>\n<p><strong>Microsoft Publisher<\/strong> &#8211; cr\u00e9ez facilement des mises en page soign\u00e9es et professionnelles pour vos livrets, prospectus et bulletins d\u2019information. Publiez vos documents d\u2019une mani\u00e8re adapt\u00e9e \u00e0 votre public.<\/p>\n<p><strong>Microsoft PowerPoint<\/strong> &#8211; cr\u00e9ez des pr\u00e9sentations percutantes, \u00e9laborez votre propre cr\u00e9ation ou choisissez parmi les nombreux mod\u00e8les propos\u00e9s. Personnalisez les jeux de couleurs, ajoutez des animations, du son ou des \u00e9l\u00e9ments multim\u00e9dia, importez des graphiques, des tableaux ou des images.<\/p>\n<p><strong>Microsoft Outlook<\/strong> &#8211; lisez et g\u00e9rez vos messages \u00e9lectroniques gr\u00e2ce \u00e0 Microsoft Outlook. Programmez des r\u00e9unions, partagez votre calendrier, d\u00e9finissez des rappels de t\u00e2che et configurez des r\u00e8gles de bo\u00eete aux lettres afin que l\u2019application trie automatiquement vos messages.<\/p>\n","protected":false},"excerpt":{"rendered":"<p>*** Please Note: Minimum Order Quantity of 3 Licences*** Description Microsoft Office 2019 Standard est une suite d\u2019applications de bureau comprenant Word, Excel, PowerPoint, OneNote, Outlook,<span class=\"excerpt-hellip\"> [\u2026]<\/span><\/p>\n","protected":false},"featured_media":6481,"template":"","meta":[],"product_brand":[],"product_cat":[202,192,200,201],"product_tag":[],"class_list":{"0":"post-9065","1":"product","2":"type-product","3":"status-publish","4":"has-post-thumbnail","6":"product_cat-2019-versions-fr","7":"product_cat-applications-fr","8":"product_cat-microsoft-office-fr","9":"product_cat-office-2019-fr","11":"first","12":"instock","13":"shipping-taxable","14":"purchasable","15":"product-type-simple"},"yoast_head":"<!-- This site is optimized with the Yoast SEO plugin v27.1.1 - https:\/\/yoast.com\/product\/yoast-seo-wordpress\/ -->\n<title>Microsoft 365 : Office 2019 Standard - discount-licensing<\/title>\n<meta name=\"robots\" content=\"index, follow, max-snippet:-1, max-image-preview:large, max-video-preview:-1\" \/>\n<link rel=\"canonical\" href=\"https:\/\/discount-licensing.com\/fr\/produit\/microsoft-office-2019-standard\/\" \/>\n<meta property=\"og:locale\" content=\"fr_FR\" \/>\n<meta property=\"og:type\" content=\"article\" \/>\n<meta property=\"og:title\" content=\"Microsoft 365 : Office 2019 Standard - discount-licensing\" \/>\n<meta property=\"og:description\" content=\"*** Please Note: Minimum Order Quantity of 3 Licences*** Description Microsoft Office 2019 Standard est une suite d\u2019applications de bureau comprenant Word, Excel, PowerPoint, OneNote, Outlook, [\u2026]\" \/>\n<meta property=\"og:url\" content=\"https:\/\/discount-licensing.com\/fr\/produit\/microsoft-office-2019-standard\/\" \/>\n<meta property=\"og:site_name\" content=\"discount-licensing\" \/>\n<meta property=\"article:modified_time\" content=\"2025-05-23T10:52:50+00:00\" \/>\n<meta property=\"og:image\" content=\"https:\/\/discount-licensing.com\/wp-content\/uploads\/2022\/09\/Office-2019-Standard.jpg\" \/>\n\t<meta property=\"og:image:width\" content=\"787\" \/>\n\t<meta property=\"og:image:height\" content=\"787\" \/>\n\t<meta property=\"og:image:type\" content=\"image\/jpeg\" \/>\n<meta name=\"twitter:card\" content=\"summary_large_image\" \/>\n<meta name=\"twitter:label1\" content=\"Dur\u00e9e de lecture estim\u00e9e\" \/>\n\t<meta name=\"twitter:data1\" content=\"2 minutes\" \/>\n<script type=\"application\/ld+json\" class=\"yoast-schema-graph\">{\"@context\":\"https:\/\/schema.org\",\"@graph\":[{\"@type\":\"WebPage\",\"@id\":\"https:\/\/discount-licensing.com\/fr\/produit\/microsoft-office-2019-standard\/\",\"url\":\"https:\/\/discount-licensing.com\/fr\/produit\/microsoft-office-2019-standard\/\",\"name\":\"Microsoft 365 : Office 2019 Standard - discount-licensing\",\"isPartOf\":{\"@id\":\"https:\/\/discount-licensing.com\/fr\/#website\"},\"primaryImageOfPage\":{\"@id\":\"https:\/\/discount-licensing.com\/fr\/produit\/microsoft-office-2019-standard\/#primaryimage\"},\"image\":{\"@id\":\"https:\/\/discount-licensing.com\/fr\/produit\/microsoft-office-2019-standard\/#primaryimage\"},\"thumbnailUrl\":\"https:\/\/discount-licensing.com\/wp-content\/uploads\/2022\/09\/Office-2019-Standard.jpg\",\"datePublished\":\"2019-03-04T16:11:00+00:00\",\"dateModified\":\"2025-05-23T10:52:50+00:00\",\"breadcrumb\":{\"@id\":\"https:\/\/discount-licensing.com\/fr\/produit\/microsoft-office-2019-standard\/#breadcrumb\"},\"inLanguage\":\"fr-FR\",\"potentialAction\":[{\"@type\":\"ReadAction\",\"target\":[\"https:\/\/discount-licensing.com\/fr\/produit\/microsoft-office-2019-standard\/\"]}]},{\"@type\":\"ImageObject\",\"inLanguage\":\"fr-FR\",\"@id\":\"https:\/\/discount-licensing.com\/fr\/produit\/microsoft-office-2019-standard\/#primaryimage\",\"url\":\"https:\/\/discount-licensing.com\/wp-content\/uploads\/2022\/09\/Office-2019-Standard.jpg\",\"contentUrl\":\"https:\/\/discount-licensing.com\/wp-content\/uploads\/2022\/09\/Office-2019-Standard.jpg\",\"width\":787,\"height\":787},{\"@type\":\"BreadcrumbList\",\"@id\":\"https:\/\/discount-licensing.com\/fr\/produit\/microsoft-office-2019-standard\/#breadcrumb\",\"itemListElement\":[{\"@type\":\"ListItem\",\"position\":1,\"name\":\"Home\",\"item\":\"https:\/\/discount-licensing.com\/fr\/home\/\"},{\"@type\":\"ListItem\",\"position\":2,\"name\":\"Shop\",\"item\":\"https:\/\/discount-licensing.com\/fr\/shop\/\"},{\"@type\":\"ListItem\",\"position\":3,\"name\":\"Microsoft 365 : Office 2019 Standard\"}]},{\"@type\":\"WebSite\",\"@id\":\"https:\/\/discount-licensing.com\/fr\/#website\",\"url\":\"https:\/\/discount-licensing.com\/fr\/\",\"name\":\"discount-licensing\",\"description\":\"We Sell Discounted Pre-owned Microsoft Volume Software Throughout Europe\",\"potentialAction\":[{\"@type\":\"SearchAction\",\"target\":{\"@type\":\"EntryPoint\",\"urlTemplate\":\"https:\/\/discount-licensing.com\/fr\/?s={search_term_string}\"},\"query-input\":{\"@type\":\"PropertyValueSpecification\",\"valueRequired\":true,\"valueName\":\"search_term_string\"}}],\"inLanguage\":\"fr-FR\"}]}<\/script>\n<!-- \/ Yoast SEO plugin. -->","yoast_head_json":{"title":"Microsoft 365 : Office 2019 Standard - discount-licensing","robots":{"index":"index","follow":"follow","max-snippet":"max-snippet:-1","max-image-preview":"max-image-preview:large","max-video-preview":"max-video-preview:-1"},"canonical":"https:\/\/discount-licensing.com\/fr\/produit\/microsoft-office-2019-standard\/","og_locale":"fr_FR","og_type":"article","og_title":"Microsoft 365 : Office 2019 Standard - discount-licensing","og_description":"*** Please Note: Minimum Order Quantity of 3 Licences*** Description Microsoft Office 2019 Standard est une suite d\u2019applications de bureau comprenant Word, Excel, PowerPoint, OneNote, Outlook, [\u2026]","og_url":"https:\/\/discount-licensing.com\/fr\/produit\/microsoft-office-2019-standard\/","og_site_name":"discount-licensing","article_modified_time":"2025-05-23T10:52:50+00:00","og_image":[{"width":787,"height":787,"url":"https:\/\/discount-licensing.com\/wp-content\/uploads\/2022\/09\/Office-2019-Standard.jpg","type":"image\/jpeg"}],"twitter_card":"summary_large_image","twitter_misc":{"Dur\u00e9e de lecture estim\u00e9e":"2 minutes"},"schema":{"@context":"https:\/\/schema.org","@graph":[{"@type":"WebPage","@id":"https:\/\/discount-licensing.com\/fr\/produit\/microsoft-office-2019-standard\/","url":"https:\/\/discount-licensing.com\/fr\/produit\/microsoft-office-2019-standard\/","name":"Microsoft 365 : Office 2019 Standard - discount-licensing","isPartOf":{"@id":"https:\/\/discount-licensing.com\/fr\/#website"},"primaryImageOfPage":{"@id":"https:\/\/discount-licensing.com\/fr\/produit\/microsoft-office-2019-standard\/#primaryimage"},"image":{"@id":"https:\/\/discount-licensing.com\/fr\/produit\/microsoft-office-2019-standard\/#primaryimage"},"thumbnailUrl":"https:\/\/discount-licensing.com\/wp-content\/uploads\/2022\/09\/Office-2019-Standard.jpg","datePublished":"2019-03-04T16:11:00+00:00","dateModified":"2025-05-23T10:52:50+00:00","breadcrumb":{"@id":"https:\/\/discount-licensing.com\/fr\/produit\/microsoft-office-2019-standard\/#breadcrumb"},"inLanguage":"fr-FR","potentialAction":[{"@type":"ReadAction","target":["https:\/\/discount-licensing.com\/fr\/produit\/microsoft-office-2019-standard\/"]}]},{"@type":"ImageObject","inLanguage":"fr-FR","@id":"https:\/\/discount-licensing.com\/fr\/produit\/microsoft-office-2019-standard\/#primaryimage","url":"https:\/\/discount-licensing.com\/wp-content\/uploads\/2022\/09\/Office-2019-Standard.jpg","contentUrl":"https:\/\/discount-licensing.com\/wp-content\/uploads\/2022\/09\/Office-2019-Standard.jpg","width":787,"height":787},{"@type":"BreadcrumbList","@id":"https:\/\/discount-licensing.com\/fr\/produit\/microsoft-office-2019-standard\/#breadcrumb","itemListElement":[{"@type":"ListItem","position":1,"name":"Home","item":"https:\/\/discount-licensing.com\/fr\/home\/"},{"@type":"ListItem","position":2,"name":"Shop","item":"https:\/\/discount-licensing.com\/fr\/shop\/"},{"@type":"ListItem","position":3,"name":"Microsoft 365 : Office 2019 Standard"}]},{"@type":"WebSite","@id":"https:\/\/discount-licensing.com\/fr\/#website","url":"https:\/\/discount-licensing.com\/fr\/","name":"discount-licensing","description":"We Sell Discounted Pre-owned Microsoft Volume Software Throughout Europe","potentialAction":[{"@type":"SearchAction","target":{"@type":"EntryPoint","urlTemplate":"https:\/\/discount-licensing.com\/fr\/?s={search_term_string}"},"query-input":{"@type":"PropertyValueSpecification","valueRequired":true,"valueName":"search_term_string"}}],"inLanguage":"fr-FR"}]}},"_links":{"self":[{"href":"https:\/\/discount-licensing.com\/fr\/wp-json\/wp\/v2\/product\/9065","targetHints":{"allow":["GET"]}}],"collection":[{"href":"https:\/\/discount-licensing.com\/fr\/wp-json\/wp\/v2\/product"}],"about":[{"href":"https:\/\/discount-licensing.com\/fr\/wp-json\/wp\/v2\/types\/product"}],"version-history":[{"count":2,"href":"https:\/\/discount-licensing.com\/fr\/wp-json\/wp\/v2\/product\/9065\/revisions"}],"predecessor-version":[{"id":24998,"href":"https:\/\/discount-licensing.com\/fr\/wp-json\/wp\/v2\/product\/9065\/revisions\/24998"}],"wp:featuredmedia":[{"embeddable":true,"href":"https:\/\/discount-licensing.com\/fr\/wp-json\/wp\/v2\/media\/6481"}],"wp:attachment":[{"href":"https:\/\/discount-licensing.com\/fr\/wp-json\/wp\/v2\/media?parent=9065"}],"wp:term":[{"taxonomy":"product_brand","embeddable":true,"href":"https:\/\/discount-licensing.com\/fr\/wp-json\/wp\/v2\/product_brand?post=9065"},{"taxonomy":"product_cat","embeddable":true,"href":"https:\/\/discount-licensing.com\/fr\/wp-json\/wp\/v2\/product_cat?post=9065"},{"taxonomy":"product_tag","embeddable":true,"href":"https:\/\/discount-licensing.com\/fr\/wp-json\/wp\/v2\/product_tag?post=9065"}],"curies":[{"name":"wp","href":"https:\/\/api.w.org\/{rel}","templated":true}]}}