{"id":11191,"date":"2019-06-14T13:20:56","date_gmt":"2019-06-14T12:20:56","guid":{"rendered":"https:\/\/wp.discount-licensing.com\/\/product\/exchange-server-enterprise-cal-2019-user\/"},"modified":"2023-06-01T12:39:32","modified_gmt":"2023-06-01T11:39:32","slug":"exchange-server-enterprise-2019-cal-user","status":"publish","type":"product","link":"https:\/\/discount-licensing.com\/fr\/produit\/exchange-server-enterprise-2019-cal-user\/","title":{"rendered":"Exchange Server Enterprise CAL 2019 &#8211; User"},"content":{"rendered":"<p><strong>Description<\/strong><\/p>\n<p>La CAL Exchange Server Entreprise 2019 User permet \u00e0 un utilisateur d\u2019activer la fonctionnalit\u00e9 d\u2019archivage et les capacit\u00e9s de protection des informations d\u2019Exchange Server 2019. Une CAL Standard est requise pour la CAL Entreprise.<\/p>\n<p>Toutes nos licences logicielles d\u2019occasion proviennent des programmes de licences perp\u00e9tuelles en volume de Microsoft Open, Select, Enterprise ou MPSA. Toutes les licences logicielles sont soumises \u00e0 des contr\u00f4les rigoureux afin de garantir leur conformit\u00e9 avec la l\u00e9gislation europ\u00e9enne et britannique. Les licences logicielles sont vendues \u00e0 un prix r\u00e9duit et fournies avec une piste d\u2019audit enti\u00e8rement document\u00e9e afin de prouver la propri\u00e9t\u00e9 l\u00e9gale en cas d\u2019audit fournisseur\/SAM. Pour en savoir plus, veuillez nous appeler au <a href=\"tel:+34934923499\">+34 934 923499<\/a> (UE) ou <a href=\"tel:+441283511524\">+44(0)1283 511524<\/a> (RU) ou faire une demande en ligne.<\/p>\n<p><strong>Pr\u00e9sentation \/ Fonctionnalit\u00e9s<\/strong><\/p>\n<p>Type de Licence : Perp\u00e9tuelle d\u2019occasion en Volume<br \/>\nValidit\u00e9 : Dur\u00e9e illimit\u00e9e<br \/>\nM\u00e9thode D\u2019installation :<br \/>\nArchitecture :<br \/>\nPlateforme SE :<br \/>\nConfiguration Requise :<br \/>\nType de Processeur Minimum :<br \/>\nRAM Minimum :<br \/>\nEspace Disque Minimum :<br \/>\n&#8211;<\/p>\n","protected":false},"excerpt":{"rendered":"<p>Description La CAL Exchange Server Entreprise 2019 User permet \u00e0 un utilisateur d\u2019activer la fonctionnalit\u00e9 d\u2019archivage et les capacit\u00e9s de protection des informations d\u2019Exchange Server 2019.<span class=\"excerpt-hellip\"> [\u2026]<\/span><\/p>\n","protected":false},"featured_media":6869,"template":"","meta":[],"product_brand":[],"product_cat":[217,213,319,374],"product_tag":[],"class_list":{"0":"post-11191","1":"product","2":"type-product","3":"status-publish","4":"has-post-thumbnail","6":"product_cat-2019-versions-fr-2","7":"product_cat-server-fr","8":"product_cat-exchange-server-2019-cals-fr","9":"product_cat-microsoft-exchange-server-fr","11":"first","12":"instock","13":"shipping-taxable","14":"purchasable","15":"product-type-simple"},"yoast_head":"<!-- This site is optimized with the Yoast SEO plugin v27.1.1 - https:\/\/yoast.com\/product\/yoast-seo-wordpress\/ -->\n<title>Exchange Server Enterprise CAL 2019 - User - discount-licensing<\/title>\n<meta name=\"robots\" content=\"index, follow, max-snippet:-1, max-image-preview:large, max-video-preview:-1\" \/>\n<link rel=\"canonical\" href=\"https:\/\/discount-licensing.com\/fr\/produit\/exchange-server-enterprise-2019-cal-user\/\" \/>\n<meta property=\"og:locale\" content=\"fr_FR\" \/>\n<meta property=\"og:type\" content=\"article\" \/>\n<meta property=\"og:title\" content=\"Exchange Server Enterprise CAL 2019 - User - discount-licensing\" \/>\n<meta property=\"og:description\" content=\"Description La CAL Exchange Server Entreprise 2019 User permet \u00e0 un utilisateur d\u2019activer la fonctionnalit\u00e9 d\u2019archivage et les capacit\u00e9s de protection des informations d\u2019Exchange Server 2019. [\u2026]\" \/>\n<meta property=\"og:url\" content=\"https:\/\/discount-licensing.com\/fr\/produit\/exchange-server-enterprise-2019-cal-user\/\" \/>\n<meta property=\"og:site_name\" content=\"discount-licensing\" \/>\n<meta property=\"article:modified_time\" content=\"2023-06-01T11:39:32+00:00\" \/>\n<meta property=\"og:image\" content=\"https:\/\/discount-licensing.com\/wp-content\/uploads\/2022\/09\/Exchange-Server-Enterprise-2019-Cal-User.jpg\" \/>\n\t<meta property=\"og:image:width\" content=\"787\" \/>\n\t<meta property=\"og:image:height\" content=\"787\" \/>\n\t<meta property=\"og:image:type\" content=\"image\/jpeg\" \/>\n<meta name=\"twitter:card\" content=\"summary_large_image\" \/>\n<meta name=\"twitter:label1\" content=\"Dur\u00e9e de lecture estim\u00e9e\" \/>\n\t<meta name=\"twitter:data1\" content=\"1 minute\" \/>\n<script type=\"application\/ld+json\" class=\"yoast-schema-graph\">{\"@context\":\"https:\/\/schema.org\",\"@graph\":[{\"@type\":\"WebPage\",\"@id\":\"https:\/\/discount-licensing.com\/fr\/produit\/exchange-server-enterprise-2019-cal-user\/\",\"url\":\"https:\/\/discount-licensing.com\/fr\/produit\/exchange-server-enterprise-2019-cal-user\/\",\"name\":\"Exchange Server Enterprise CAL 2019 - User - discount-licensing\",\"isPartOf\":{\"@id\":\"https:\/\/discount-licensing.com\/fr\/#website\"},\"primaryImageOfPage\":{\"@id\":\"https:\/\/discount-licensing.com\/fr\/produit\/exchange-server-enterprise-2019-cal-user\/#primaryimage\"},\"image\":{\"@id\":\"https:\/\/discount-licensing.com\/fr\/produit\/exchange-server-enterprise-2019-cal-user\/#primaryimage\"},\"thumbnailUrl\":\"https:\/\/discount-licensing.com\/wp-content\/uploads\/2022\/09\/Exchange-Server-Enterprise-2019-Cal-User.jpg\",\"datePublished\":\"2019-06-14T12:20:56+00:00\",\"dateModified\":\"2023-06-01T11:39:32+00:00\",\"breadcrumb\":{\"@id\":\"https:\/\/discount-licensing.com\/fr\/produit\/exchange-server-enterprise-2019-cal-user\/#breadcrumb\"},\"inLanguage\":\"fr-FR\",\"potentialAction\":[{\"@type\":\"ReadAction\",\"target\":[\"https:\/\/discount-licensing.com\/fr\/produit\/exchange-server-enterprise-2019-cal-user\/\"]}]},{\"@type\":\"ImageObject\",\"inLanguage\":\"fr-FR\",\"@id\":\"https:\/\/discount-licensing.com\/fr\/produit\/exchange-server-enterprise-2019-cal-user\/#primaryimage\",\"url\":\"https:\/\/discount-licensing.com\/wp-content\/uploads\/2022\/09\/Exchange-Server-Enterprise-2019-Cal-User.jpg\",\"contentUrl\":\"https:\/\/discount-licensing.com\/wp-content\/uploads\/2022\/09\/Exchange-Server-Enterprise-2019-Cal-User.jpg\",\"width\":787,\"height\":787},{\"@type\":\"BreadcrumbList\",\"@id\":\"https:\/\/discount-licensing.com\/fr\/produit\/exchange-server-enterprise-2019-cal-user\/#breadcrumb\",\"itemListElement\":[{\"@type\":\"ListItem\",\"position\":1,\"name\":\"Home\",\"item\":\"https:\/\/discount-licensing.com\/fr\/home\/\"},{\"@type\":\"ListItem\",\"position\":2,\"name\":\"Shop\",\"item\":\"https:\/\/discount-licensing.com\/fr\/shop\/\"},{\"@type\":\"ListItem\",\"position\":3,\"name\":\"Exchange Server Enterprise CAL 2019 &#8211; User\"}]},{\"@type\":\"WebSite\",\"@id\":\"https:\/\/discount-licensing.com\/fr\/#website\",\"url\":\"https:\/\/discount-licensing.com\/fr\/\",\"name\":\"discount-licensing\",\"description\":\"We Sell Discounted Pre-owned Microsoft Volume Software Throughout Europe\",\"potentialAction\":[{\"@type\":\"SearchAction\",\"target\":{\"@type\":\"EntryPoint\",\"urlTemplate\":\"https:\/\/discount-licensing.com\/fr\/?s={search_term_string}\"},\"query-input\":{\"@type\":\"PropertyValueSpecification\",\"valueRequired\":true,\"valueName\":\"search_term_string\"}}],\"inLanguage\":\"fr-FR\"}]}<\/script>\n<!-- \/ Yoast SEO plugin. -->","yoast_head_json":{"title":"Exchange Server Enterprise CAL 2019 - User - discount-licensing","robots":{"index":"index","follow":"follow","max-snippet":"max-snippet:-1","max-image-preview":"max-image-preview:large","max-video-preview":"max-video-preview:-1"},"canonical":"https:\/\/discount-licensing.com\/fr\/produit\/exchange-server-enterprise-2019-cal-user\/","og_locale":"fr_FR","og_type":"article","og_title":"Exchange Server Enterprise CAL 2019 - User - discount-licensing","og_description":"Description La CAL Exchange Server Entreprise 2019 User permet \u00e0 un utilisateur d\u2019activer la fonctionnalit\u00e9 d\u2019archivage et les capacit\u00e9s de protection des informations d\u2019Exchange Server 2019. [\u2026]","og_url":"https:\/\/discount-licensing.com\/fr\/produit\/exchange-server-enterprise-2019-cal-user\/","og_site_name":"discount-licensing","article_modified_time":"2023-06-01T11:39:32+00:00","og_image":[{"width":787,"height":787,"url":"https:\/\/discount-licensing.com\/wp-content\/uploads\/2022\/09\/Exchange-Server-Enterprise-2019-Cal-User.jpg","type":"image\/jpeg"}],"twitter_card":"summary_large_image","twitter_misc":{"Dur\u00e9e de lecture estim\u00e9e":"1 minute"},"schema":{"@context":"https:\/\/schema.org","@graph":[{"@type":"WebPage","@id":"https:\/\/discount-licensing.com\/fr\/produit\/exchange-server-enterprise-2019-cal-user\/","url":"https:\/\/discount-licensing.com\/fr\/produit\/exchange-server-enterprise-2019-cal-user\/","name":"Exchange Server Enterprise CAL 2019 - User - discount-licensing","isPartOf":{"@id":"https:\/\/discount-licensing.com\/fr\/#website"},"primaryImageOfPage":{"@id":"https:\/\/discount-licensing.com\/fr\/produit\/exchange-server-enterprise-2019-cal-user\/#primaryimage"},"image":{"@id":"https:\/\/discount-licensing.com\/fr\/produit\/exchange-server-enterprise-2019-cal-user\/#primaryimage"},"thumbnailUrl":"https:\/\/discount-licensing.com\/wp-content\/uploads\/2022\/09\/Exchange-Server-Enterprise-2019-Cal-User.jpg","datePublished":"2019-06-14T12:20:56+00:00","dateModified":"2023-06-01T11:39:32+00:00","breadcrumb":{"@id":"https:\/\/discount-licensing.com\/fr\/produit\/exchange-server-enterprise-2019-cal-user\/#breadcrumb"},"inLanguage":"fr-FR","potentialAction":[{"@type":"ReadAction","target":["https:\/\/discount-licensing.com\/fr\/produit\/exchange-server-enterprise-2019-cal-user\/"]}]},{"@type":"ImageObject","inLanguage":"fr-FR","@id":"https:\/\/discount-licensing.com\/fr\/produit\/exchange-server-enterprise-2019-cal-user\/#primaryimage","url":"https:\/\/discount-licensing.com\/wp-content\/uploads\/2022\/09\/Exchange-Server-Enterprise-2019-Cal-User.jpg","contentUrl":"https:\/\/discount-licensing.com\/wp-content\/uploads\/2022\/09\/Exchange-Server-Enterprise-2019-Cal-User.jpg","width":787,"height":787},{"@type":"BreadcrumbList","@id":"https:\/\/discount-licensing.com\/fr\/produit\/exchange-server-enterprise-2019-cal-user\/#breadcrumb","itemListElement":[{"@type":"ListItem","position":1,"name":"Home","item":"https:\/\/discount-licensing.com\/fr\/home\/"},{"@type":"ListItem","position":2,"name":"Shop","item":"https:\/\/discount-licensing.com\/fr\/shop\/"},{"@type":"ListItem","position":3,"name":"Exchange Server Enterprise CAL 2019 &#8211; User"}]},{"@type":"WebSite","@id":"https:\/\/discount-licensing.com\/fr\/#website","url":"https:\/\/discount-licensing.com\/fr\/","name":"discount-licensing","description":"We Sell Discounted Pre-owned Microsoft Volume Software Throughout Europe","potentialAction":[{"@type":"SearchAction","target":{"@type":"EntryPoint","urlTemplate":"https:\/\/discount-licensing.com\/fr\/?s={search_term_string}"},"query-input":{"@type":"PropertyValueSpecification","valueRequired":true,"valueName":"search_term_string"}}],"inLanguage":"fr-FR"}]}},"_links":{"self":[{"href":"https:\/\/discount-licensing.com\/fr\/wp-json\/wp\/v2\/product\/11191","targetHints":{"allow":["GET"]}}],"collection":[{"href":"https:\/\/discount-licensing.com\/fr\/wp-json\/wp\/v2\/product"}],"about":[{"href":"https:\/\/discount-licensing.com\/fr\/wp-json\/wp\/v2\/types\/product"}],"version-history":[{"count":0,"href":"https:\/\/discount-licensing.com\/fr\/wp-json\/wp\/v2\/product\/11191\/revisions"}],"wp:featuredmedia":[{"embeddable":true,"href":"https:\/\/discount-licensing.com\/fr\/wp-json\/wp\/v2\/media\/6869"}],"wp:attachment":[{"href":"https:\/\/discount-licensing.com\/fr\/wp-json\/wp\/v2\/media?parent=11191"}],"wp:term":[{"taxonomy":"product_brand","embeddable":true,"href":"https:\/\/discount-licensing.com\/fr\/wp-json\/wp\/v2\/product_brand?post=11191"},{"taxonomy":"product_cat","embeddable":true,"href":"https:\/\/discount-licensing.com\/fr\/wp-json\/wp\/v2\/product_cat?post=11191"},{"taxonomy":"product_tag","embeddable":true,"href":"https:\/\/discount-licensing.com\/fr\/wp-json\/wp\/v2\/product_tag?post=11191"}],"curies":[{"name":"wp","href":"https:\/\/api.w.org\/{rel}","templated":true}]}}