{"id":10107,"date":"2019-03-11T16:17:27","date_gmt":"2019-03-11T16:17:27","guid":{"rendered":"https:\/\/wp.discount-licensing.com\/\/product\/enterprise-cal-suite-2016-user\/"},"modified":"2023-06-13T13:33:44","modified_gmt":"2023-06-13T12:33:44","slug":"enteprise-cal-suite-2016-user","status":"publish","type":"product","link":"https:\/\/discount-licensing.com\/fr\/produit\/enteprise-cal-suite-2016-user\/","title":{"rendered":"Enterprise CAL Suite 2016 &#8211; User"},"content":{"rendered":"<p><strong>Description<\/strong><\/p>\n<p>Une suite Licence d\u2019acc\u00e8s client (CAL) Entreprise 2016 User est une licence unique qui fournit des droits d\u2019utilisation \u00e9quivalents pour plusieurs licences. Cette licence comprend les droits de mise \u00e0 niveau vers une version ant\u00e9rieure. La suite Microsoft Core CAL contient les licences \u00e9quivalentes suivante : CAL Windows Server 2016 ; CAL SharePoint Server Standard &amp; Enterprise 2016 ; CAL Exchange Server Standard &amp; Enterprise 2016 ; licence System Center Configuration Manager Client Management ; licence System Center Endpoint Protection Client Management ; CAL Skype Entreprise Server Standard &amp; Enterprise ; CAL Windows Server Active Directory Rights Management Services ; licence Advanced Threat Analytics Client Management.<\/p>\n<p>Toutes nos licences logicielles d\u2019occasion proviennent des programmes de licences perp\u00e9tuelles en volume de Microsoft Open, Select, Enterprise ou MPSA. Toutes les licences logicielles sont soumises \u00e0 des contr\u00f4les rigoureux afin de garantir leur conformit\u00e9 avec la l\u00e9gislation europ\u00e9enne et britannique. Les licences logicielles sont vendues \u00e0 un prix r\u00e9duit et fournies avec une piste d\u2019audit enti\u00e8rement document\u00e9e afin de prouver la propri\u00e9t\u00e9 l\u00e9gale en cas d\u2019audit fournisseur\/SAM. Pour en savoir plus, veuillez nous appeler au <a href=\"tel:+34934923499\">+34 934 923499<\/a> (UE) ou <a href=\"tel:+441283511524\">+44(0)1283 511524<\/a> (RU) ou faire une demande en ligne.<\/p>\n<p><strong>Pr\u00e9sentation \/ Fonctionnalit\u00e9s<\/strong><\/p>\n<p>Type de Licence : Perp\u00e9tuelle d\u2019occasion en Volume<br \/>\nValidit\u00e9 : Dur\u00e9e illimit\u00e9e<br \/>\nM\u00e9thode D\u2019installation : ISO<br \/>\nArchitecture :<br \/>\nPlateforme SE :<br \/>\nConfiguration Requise :<br \/>\nType de Processeur Minimum :<br \/>\nRAM Minimum :<br \/>\nEspace Disque Minimum :<br \/>\n&#8211;<\/p>\n","protected":false},"excerpt":{"rendered":"<p>Description Une suite Licence d\u2019acc\u00e8s client (CAL) Entreprise 2016 User est une licence unique qui fournit des droits d\u2019utilisation \u00e9quivalents pour plusieurs licences. Cette licence comprend<span class=\"excerpt-hellip\"> [\u2026]<\/span><\/p>\n","protected":false},"featured_media":6845,"template":"","meta":[],"product_brand":[],"product_cat":[220,222,213,224],"product_tag":[],"class_list":{"0":"post-10107","1":"product","2":"type-product","3":"status-publish","4":"has-post-thumbnail","6":"product_cat-2016-versions-fr-2","7":"product_cat-microsoft-core-cal-suite-fr","8":"product_cat-server-fr","9":"product_cat-suite-2016-fr","11":"first","12":"instock","13":"shipping-taxable","14":"purchasable","15":"product-type-simple"},"yoast_head":"<!-- This site is optimized with the Yoast SEO plugin v27.1.1 - https:\/\/yoast.com\/product\/yoast-seo-wordpress\/ -->\n<title>Enterprise CAL Suite 2016 - User - discount-licensing<\/title>\n<meta name=\"robots\" content=\"index, follow, max-snippet:-1, max-image-preview:large, max-video-preview:-1\" \/>\n<link rel=\"canonical\" href=\"https:\/\/discount-licensing.com\/fr\/produit\/enteprise-cal-suite-2016-user\/\" \/>\n<meta property=\"og:locale\" content=\"fr_FR\" \/>\n<meta property=\"og:type\" content=\"article\" \/>\n<meta property=\"og:title\" content=\"Enterprise CAL Suite 2016 - User - discount-licensing\" \/>\n<meta property=\"og:description\" content=\"Description Une suite Licence d\u2019acc\u00e8s client (CAL) Entreprise 2016 User est une licence unique qui fournit des droits d\u2019utilisation \u00e9quivalents pour plusieurs licences. Cette licence comprend [\u2026]\" \/>\n<meta property=\"og:url\" content=\"https:\/\/discount-licensing.com\/fr\/produit\/enteprise-cal-suite-2016-user\/\" \/>\n<meta property=\"og:site_name\" content=\"discount-licensing\" \/>\n<meta property=\"article:modified_time\" content=\"2023-06-13T12:33:44+00:00\" \/>\n<meta property=\"og:image\" content=\"https:\/\/discount-licensing.com\/wp-content\/uploads\/2022\/09\/Enterprise-CAL-Suite-2016-\u2013-User.jpg\" \/>\n\t<meta property=\"og:image:width\" content=\"787\" \/>\n\t<meta property=\"og:image:height\" content=\"787\" \/>\n\t<meta property=\"og:image:type\" content=\"image\/jpeg\" \/>\n<meta name=\"twitter:card\" content=\"summary_large_image\" \/>\n<meta name=\"twitter:label1\" content=\"Dur\u00e9e de lecture estim\u00e9e\" \/>\n\t<meta name=\"twitter:data1\" content=\"1 minute\" \/>\n<script type=\"application\/ld+json\" class=\"yoast-schema-graph\">{\"@context\":\"https:\/\/schema.org\",\"@graph\":[{\"@type\":\"WebPage\",\"@id\":\"https:\/\/discount-licensing.com\/fr\/produit\/enteprise-cal-suite-2016-user\/\",\"url\":\"https:\/\/discount-licensing.com\/fr\/produit\/enteprise-cal-suite-2016-user\/\",\"name\":\"Enterprise CAL Suite 2016 - User - discount-licensing\",\"isPartOf\":{\"@id\":\"https:\/\/discount-licensing.com\/fr\/#website\"},\"primaryImageOfPage\":{\"@id\":\"https:\/\/discount-licensing.com\/fr\/produit\/enteprise-cal-suite-2016-user\/#primaryimage\"},\"image\":{\"@id\":\"https:\/\/discount-licensing.com\/fr\/produit\/enteprise-cal-suite-2016-user\/#primaryimage\"},\"thumbnailUrl\":\"https:\/\/discount-licensing.com\/wp-content\/uploads\/2022\/09\/Enterprise-CAL-Suite-2016-\u2013-User.jpg\",\"datePublished\":\"2019-03-11T16:17:27+00:00\",\"dateModified\":\"2023-06-13T12:33:44+00:00\",\"breadcrumb\":{\"@id\":\"https:\/\/discount-licensing.com\/fr\/produit\/enteprise-cal-suite-2016-user\/#breadcrumb\"},\"inLanguage\":\"fr-FR\",\"potentialAction\":[{\"@type\":\"ReadAction\",\"target\":[\"https:\/\/discount-licensing.com\/fr\/produit\/enteprise-cal-suite-2016-user\/\"]}]},{\"@type\":\"ImageObject\",\"inLanguage\":\"fr-FR\",\"@id\":\"https:\/\/discount-licensing.com\/fr\/produit\/enteprise-cal-suite-2016-user\/#primaryimage\",\"url\":\"https:\/\/discount-licensing.com\/wp-content\/uploads\/2022\/09\/Enterprise-CAL-Suite-2016-\u2013-User.jpg\",\"contentUrl\":\"https:\/\/discount-licensing.com\/wp-content\/uploads\/2022\/09\/Enterprise-CAL-Suite-2016-\u2013-User.jpg\",\"width\":787,\"height\":787},{\"@type\":\"BreadcrumbList\",\"@id\":\"https:\/\/discount-licensing.com\/fr\/produit\/enteprise-cal-suite-2016-user\/#breadcrumb\",\"itemListElement\":[{\"@type\":\"ListItem\",\"position\":1,\"name\":\"Home\",\"item\":\"https:\/\/discount-licensing.com\/fr\/home\/\"},{\"@type\":\"ListItem\",\"position\":2,\"name\":\"Shop\",\"item\":\"https:\/\/discount-licensing.com\/fr\/shop\/\"},{\"@type\":\"ListItem\",\"position\":3,\"name\":\"Enterprise CAL Suite 2016 &#8211; User\"}]},{\"@type\":\"WebSite\",\"@id\":\"https:\/\/discount-licensing.com\/fr\/#website\",\"url\":\"https:\/\/discount-licensing.com\/fr\/\",\"name\":\"discount-licensing\",\"description\":\"We Sell Discounted Pre-owned Microsoft Volume Software Throughout Europe\",\"potentialAction\":[{\"@type\":\"SearchAction\",\"target\":{\"@type\":\"EntryPoint\",\"urlTemplate\":\"https:\/\/discount-licensing.com\/fr\/?s={search_term_string}\"},\"query-input\":{\"@type\":\"PropertyValueSpecification\",\"valueRequired\":true,\"valueName\":\"search_term_string\"}}],\"inLanguage\":\"fr-FR\"}]}<\/script>\n<!-- \/ Yoast SEO plugin. -->","yoast_head_json":{"title":"Enterprise CAL Suite 2016 - User - discount-licensing","robots":{"index":"index","follow":"follow","max-snippet":"max-snippet:-1","max-image-preview":"max-image-preview:large","max-video-preview":"max-video-preview:-1"},"canonical":"https:\/\/discount-licensing.com\/fr\/produit\/enteprise-cal-suite-2016-user\/","og_locale":"fr_FR","og_type":"article","og_title":"Enterprise CAL Suite 2016 - User - discount-licensing","og_description":"Description Une suite Licence d\u2019acc\u00e8s client (CAL) Entreprise 2016 User est une licence unique qui fournit des droits d\u2019utilisation \u00e9quivalents pour plusieurs licences. Cette licence comprend [\u2026]","og_url":"https:\/\/discount-licensing.com\/fr\/produit\/enteprise-cal-suite-2016-user\/","og_site_name":"discount-licensing","article_modified_time":"2023-06-13T12:33:44+00:00","og_image":[{"width":787,"height":787,"url":"https:\/\/discount-licensing.com\/wp-content\/uploads\/2022\/09\/Enterprise-CAL-Suite-2016-\u2013-User.jpg","type":"image\/jpeg"}],"twitter_card":"summary_large_image","twitter_misc":{"Dur\u00e9e de lecture estim\u00e9e":"1 minute"},"schema":{"@context":"https:\/\/schema.org","@graph":[{"@type":"WebPage","@id":"https:\/\/discount-licensing.com\/fr\/produit\/enteprise-cal-suite-2016-user\/","url":"https:\/\/discount-licensing.com\/fr\/produit\/enteprise-cal-suite-2016-user\/","name":"Enterprise CAL Suite 2016 - User - discount-licensing","isPartOf":{"@id":"https:\/\/discount-licensing.com\/fr\/#website"},"primaryImageOfPage":{"@id":"https:\/\/discount-licensing.com\/fr\/produit\/enteprise-cal-suite-2016-user\/#primaryimage"},"image":{"@id":"https:\/\/discount-licensing.com\/fr\/produit\/enteprise-cal-suite-2016-user\/#primaryimage"},"thumbnailUrl":"https:\/\/discount-licensing.com\/wp-content\/uploads\/2022\/09\/Enterprise-CAL-Suite-2016-\u2013-User.jpg","datePublished":"2019-03-11T16:17:27+00:00","dateModified":"2023-06-13T12:33:44+00:00","breadcrumb":{"@id":"https:\/\/discount-licensing.com\/fr\/produit\/enteprise-cal-suite-2016-user\/#breadcrumb"},"inLanguage":"fr-FR","potentialAction":[{"@type":"ReadAction","target":["https:\/\/discount-licensing.com\/fr\/produit\/enteprise-cal-suite-2016-user\/"]}]},{"@type":"ImageObject","inLanguage":"fr-FR","@id":"https:\/\/discount-licensing.com\/fr\/produit\/enteprise-cal-suite-2016-user\/#primaryimage","url":"https:\/\/discount-licensing.com\/wp-content\/uploads\/2022\/09\/Enterprise-CAL-Suite-2016-\u2013-User.jpg","contentUrl":"https:\/\/discount-licensing.com\/wp-content\/uploads\/2022\/09\/Enterprise-CAL-Suite-2016-\u2013-User.jpg","width":787,"height":787},{"@type":"BreadcrumbList","@id":"https:\/\/discount-licensing.com\/fr\/produit\/enteprise-cal-suite-2016-user\/#breadcrumb","itemListElement":[{"@type":"ListItem","position":1,"name":"Home","item":"https:\/\/discount-licensing.com\/fr\/home\/"},{"@type":"ListItem","position":2,"name":"Shop","item":"https:\/\/discount-licensing.com\/fr\/shop\/"},{"@type":"ListItem","position":3,"name":"Enterprise CAL Suite 2016 &#8211; User"}]},{"@type":"WebSite","@id":"https:\/\/discount-licensing.com\/fr\/#website","url":"https:\/\/discount-licensing.com\/fr\/","name":"discount-licensing","description":"We Sell Discounted Pre-owned Microsoft Volume Software Throughout Europe","potentialAction":[{"@type":"SearchAction","target":{"@type":"EntryPoint","urlTemplate":"https:\/\/discount-licensing.com\/fr\/?s={search_term_string}"},"query-input":{"@type":"PropertyValueSpecification","valueRequired":true,"valueName":"search_term_string"}}],"inLanguage":"fr-FR"}]}},"_links":{"self":[{"href":"https:\/\/discount-licensing.com\/fr\/wp-json\/wp\/v2\/product\/10107","targetHints":{"allow":["GET"]}}],"collection":[{"href":"https:\/\/discount-licensing.com\/fr\/wp-json\/wp\/v2\/product"}],"about":[{"href":"https:\/\/discount-licensing.com\/fr\/wp-json\/wp\/v2\/types\/product"}],"version-history":[{"count":1,"href":"https:\/\/discount-licensing.com\/fr\/wp-json\/wp\/v2\/product\/10107\/revisions"}],"predecessor-version":[{"id":19695,"href":"https:\/\/discount-licensing.com\/fr\/wp-json\/wp\/v2\/product\/10107\/revisions\/19695"}],"wp:featuredmedia":[{"embeddable":true,"href":"https:\/\/discount-licensing.com\/fr\/wp-json\/wp\/v2\/media\/6845"}],"wp:attachment":[{"href":"https:\/\/discount-licensing.com\/fr\/wp-json\/wp\/v2\/media?parent=10107"}],"wp:term":[{"taxonomy":"product_brand","embeddable":true,"href":"https:\/\/discount-licensing.com\/fr\/wp-json\/wp\/v2\/product_brand?post=10107"},{"taxonomy":"product_cat","embeddable":true,"href":"https:\/\/discount-licensing.com\/fr\/wp-json\/wp\/v2\/product_cat?post=10107"},{"taxonomy":"product_tag","embeddable":true,"href":"https:\/\/discount-licensing.com\/fr\/wp-json\/wp\/v2\/product_tag?post=10107"}],"curies":[{"name":"wp","href":"https:\/\/api.w.org\/{rel}","templated":true}]}}