{"id":9013,"date":"2022-11-15T14:48:00","date_gmt":"2022-11-15T14:48:00","guid":{"rendered":"https:\/\/wp.discount-licensing.com\/\/request-a-call-back\/"},"modified":"2023-07-04T14:59:06","modified_gmt":"2023-07-04T13:59:06","slug":"demander-a-etre-appele","status":"publish","type":"page","link":"https:\/\/discount-licensing.com\/fr\/demander-a-etre-appele\/","title":{"rendered":"Demander \u00e0 \u00eatre appel\u00e9"},"content":{"rendered":"\t\t<div data-elementor-type=\"wp-page\" data-elementor-id=\"9013\" class=\"elementor elementor-9013 elementor-3431\">\n\t\t\t\t\t\t<section class=\"elementor-section elementor-top-section elementor-element elementor-element-8c555d5 elementor-section-full_width elementor-section-stretched elementor-section-height-default elementor-section-height-default\" data-id=\"8c555d5\" data-element_type=\"section\" data-e-type=\"section\" data-settings=\"{&quot;stretch_section&quot;:&quot;section-stretched&quot;,&quot;background_background&quot;:&quot;classic&quot;}\">\n\t\t\t\t\t\t<div class=\"elementor-container elementor-column-gap-default\">\n\t\t\t\t\t<div class=\"elementor-column elementor-col-100 elementor-top-column elementor-element elementor-element-c0adc44\" data-id=\"c0adc44\" data-element_type=\"column\" data-e-type=\"column\">\n\t\t\t<div class=\"elementor-widget-wrap elementor-element-populated\">\n\t\t\t\t\t\t<div class=\"elementor-element elementor-element-936503b elementor-widget elementor-widget-text-editor\" data-id=\"936503b\" data-element_type=\"widget\" data-e-type=\"widget\" data-widget_type=\"text-editor.default\">\n\t\t\t\t<div class=\"elementor-widget-container\">\n\t\t\t\t\t\t\t\t\t<h1 style=\"font-style: normal; font-variant-ligatures: normal; font-variant-caps: normal; letter-spacing: normal; color: #326786;\">DEMANDER \u00c0 \u00caTRE APPEL\u00c9<\/h1>\n\t\t\t\t\t\t\t\t<\/div>\n\t\t\t\t<\/div>\n\t\t\t\t\t<\/div>\n\t\t<\/div>\n\t\t\t\t\t<\/div>\n\t\t<\/section>\n\t\t\t\t<section class=\"elementor-section elementor-top-section elementor-element elementor-element-e2c6202 elementor-section-full_width elementor-section-height-default elementor-section-height-default\" data-id=\"e2c6202\" data-element_type=\"section\" data-e-type=\"section\">\n\t\t\t\t\t\t<div class=\"elementor-container elementor-column-gap-default\">\n\t\t\t\t\t<div class=\"elementor-column elementor-col-100 elementor-top-column elementor-element elementor-element-dca03b7\" data-id=\"dca03b7\" data-element_type=\"column\" data-e-type=\"column\">\n\t\t\t<div class=\"elementor-widget-wrap elementor-element-populated\">\n\t\t\t\t\t\t<div class=\"elementor-element elementor-element-11a64bb elementor-widget elementor-widget-text-editor\" data-id=\"11a64bb\" data-element_type=\"widget\" data-e-type=\"widget\" data-widget_type=\"text-editor.default\">\n\t\t\t\t<div class=\"elementor-widget-container\">\n\t\t\t\t\t\t\t\t\t<p><b>If you would like us to Call You, please fill out the form below. We&rsquo;ll aim to get back to you as soon as possible.<\/b><\/p>\n\t\t\t\t\t\t\t\t<\/div>\n\t\t\t\t<\/div>\n\t\t\t\t\t<\/div>\n\t\t<\/div>\n\t\t\t\t\t<\/div>\n\t\t<\/section>\n\t\t\t\t<section class=\"elementor-section elementor-top-section elementor-element elementor-element-1556a6d elementor-section-full_width elementor-section-height-default elementor-section-height-default\" data-id=\"1556a6d\" data-element_type=\"section\" data-e-type=\"section\">\n\t\t\t\t\t\t<div class=\"elementor-container elementor-column-gap-narrow\">\n\t\t\t\t\t<div class=\"elementor-column elementor-col-100 elementor-top-column elementor-element elementor-element-a4efc77\" data-id=\"a4efc77\" data-element_type=\"column\" data-e-type=\"column\">\n\t\t\t<div class=\"elementor-widget-wrap elementor-element-populated\">\n\t\t\t\t\t\t<section class=\"elementor-section elementor-inner-section elementor-element elementor-element-f3f2b3c elementor-section-boxed elementor-section-height-default elementor-section-height-default\" data-id=\"f3f2b3c\" data-element_type=\"section\" data-e-type=\"section\">\n\t\t\t\t\t\t<div class=\"elementor-container elementor-column-gap-default\">\n\t\t\t\t\t<div class=\"elementor-column elementor-col-100 elementor-inner-column elementor-element elementor-element-ffca197\" data-id=\"ffca197\" data-element_type=\"column\" data-e-type=\"column\" data-settings=\"{&quot;background_background&quot;:&quot;classic&quot;}\">\n\t\t\t<div class=\"elementor-widget-wrap elementor-element-populated\">\n\t\t\t\t\t\t<div class=\"elementor-element elementor-element-6a0a133 elementor-widget elementor-widget-text-editor\" data-id=\"6a0a133\" data-element_type=\"widget\" data-e-type=\"widget\" data-widget_type=\"text-editor.default\">\n\t\t\t\t<div class=\"elementor-widget-container\">\n\t\t\t\t\t\t\t\t\t<div class=\"wpcf7 no-js\" id=\"wpcf7-f13751-o1\" lang=\"fr-FR\" dir=\"ltr\" data-wpcf7-id=\"13751\">\n<div class=\"screen-reader-response\"><p role=\"status\" aria-live=\"polite\" aria-atomic=\"true\"><\/p> <ul><\/ul><\/div>\n<form action=\"\/fr\/wp-json\/wp\/v2\/pages\/9013#wpcf7-f13751-o1\" method=\"post\" class=\"wpcf7-form init\" aria-label=\"Formulaire de contact\" novalidate=\"novalidate\" data-status=\"init\">\n<fieldset class=\"hidden-fields-container\"><input type=\"hidden\" name=\"_wpcf7\" value=\"13751\" \/><input type=\"hidden\" name=\"_wpcf7_version\" value=\"6.1.5\" \/><input type=\"hidden\" name=\"_wpcf7_locale\" value=\"fr_FR\" \/><input type=\"hidden\" name=\"_wpcf7_unit_tag\" value=\"wpcf7-f13751-o1\" \/><input type=\"hidden\" name=\"_wpcf7_container_post\" value=\"0\" \/><input type=\"hidden\" name=\"_wpcf7_posted_data_hash\" value=\"\" \/><input type=\"hidden\" name=\"_wpcf7_recaptcha_response\" value=\"\" \/>\n<\/fieldset>\n<div class=\"column one-third\" style=\"width: 25%;\">\n<\/div>\n<div class=\"column one-third\" style=\"align: center; width: 50%; padding: 10px; background-color:#326786; color:#ffffff; text-align:center;\">\n\t<p><b>Licences r\u00e9serv\u00e9es aux entreprises<\/b>\n\t<\/p>\n<\/div>\n<div class=\"column one-third\" style=\"width: 25%;\">\n<\/div>\n<div class=\"column one\">\n<\/div>\n<div class=\"column one\">\n<\/div>\n<div class=\"column one-second\">\n\t<p><span class=\"wpcf7-form-control-wrap\" data-name=\"your-name\"><input size=\"40\" maxlength=\"400\" class=\"wpcf7-form-control wpcf7-text wpcf7-validates-as-required\" aria-required=\"true\" aria-invalid=\"false\" placeholder=\"Nom*\" value=\"\" type=\"text\" name=\"your-name\" \/><\/span>\n\t<\/p>\n<\/div>\n<div class=\"column one-second\">\n\t<p><span class=\"wpcf7-form-control-wrap\" data-name=\"your-company\"><input size=\"40\" maxlength=\"400\" class=\"wpcf7-form-control wpcf7-text wpcf7-validates-as-required\" aria-required=\"true\" aria-invalid=\"false\" placeholder=\"Soci\u00e9t\u00e9*\" value=\"\" type=\"text\" name=\"your-company\" \/><\/span>\n\t<\/p>\n<\/div>\n<div class=\"column one-third\">\n\t<p><span class=\"wpcf7-form-control-wrap\" data-name=\"your-telephone\"><input size=\"40\" maxlength=\"400\" class=\"wpcf7-form-control wpcf7-text wpcf7-validates-as-required\" aria-required=\"true\" aria-invalid=\"false\" placeholder=\"N\u00b0 de T\u00e9l\u00e9phone*\" value=\"\" type=\"text\" name=\"your-telephone\" \/><\/span>\n\t<\/p>\n<\/div>\n<div class=\"column one-third\">\n\t<p><span class=\"wpcf7-form-control-wrap\" data-name=\"your-email\"><input size=\"40\" maxlength=\"400\" class=\"wpcf7-form-control wpcf7-text wpcf7-validates-as-required\" aria-required=\"true\" aria-invalid=\"false\" placeholder=\"E-mail*\" value=\"\" type=\"text\" name=\"your-email\" \/><\/span>\n\t<\/p>\n<\/div>\n<div class=\"column one-third\">\n\t<p><span class=\"wpcf7-form-control-wrap\" data-name=\"your-country\"><input size=\"40\" maxlength=\"400\" class=\"wpcf7-form-control wpcf7-text wpcf7-validates-as-required\" aria-required=\"true\" aria-invalid=\"false\" placeholder=\"Pays\/r\u00e9gion *\" value=\"\" type=\"text\" name=\"your-country\" \/><\/span>\n\t<\/p>\n<\/div>\n<div class=\"column one\">\n<\/div>\n<div class=\"column one\">\n\t<p>S\u00e9lectionner votre demande:\n\t<\/p>\n<\/div>\n<div class=\"column one\">\n\t<p><span class=\"wpcf7-form-control-wrap\" data-name=\"checkbox-266\"><span class=\"wpcf7-form-control wpcf7-checkbox wpcf7-validates-as-required\"><span class=\"wpcf7-list-item first\"><label><input type=\"checkbox\" name=\"checkbox-266[]\" value=\"Acheter Licences\" \/><span class=\"wpcf7-list-item-label\">Acheter Licences<\/span><\/label><\/span><span class=\"wpcf7-list-item\"><label><input type=\"checkbox\" name=\"checkbox-266[]\" value=\"Vente \/ N\u00e9goce de Logiciels\" \/><span class=\"wpcf7-list-item-label\">Vente \/ N\u00e9goce de Logiciels<\/span><\/label><\/span><span class=\"wpcf7-list-item last\"><label><input type=\"checkbox\" name=\"checkbox-266[]\" value=\"Optimisation de Licences Logicielles\" \/><span class=\"wpcf7-list-item-label\">Optimisation de Licences Logicielles<\/span><\/label><\/span><\/span><\/span>\n\t<\/p>\n<\/div>\n<div class=\"column one\">\n<\/div>\n<div class=\"column one-second\">\n<\/div>\n<div class=\"column one-second\">\n\t<p><input class=\"wpcf7-form-control wpcf7-submit has-spinner button_full_width\" type=\"submit\" value=\"Demander \u00e0 \u00eatre appel\u00e9\" \/>\n\t<\/p>\n<\/div><div class=\"wpcf7-response-output\" aria-hidden=\"true\"><\/div>\n<\/form>\n<\/div>\n\t\t\t\t\t\t\t\t<\/div>\n\t\t\t\t<\/div>\n\t\t\t\t<div class=\"elementor-element elementor-element-cd831e8 elementor-widget__width-auto elementor-absolute elementor-hidden-phone elementor-widget elementor-widget-image\" data-id=\"cd831e8\" data-element_type=\"widget\" data-e-type=\"widget\" data-settings=\"{&quot;_position&quot;:&quot;absolute&quot;}\" data-widget_type=\"image.default\">\n\t\t\t\t<div class=\"elementor-widget-container\">\n\t\t\t\t\t\t\t\t\t\t\t\t\t\t\t<img fetchpriority=\"high\" decoding=\"async\" width=\"277\" height=\"453\" src=\"https:\/\/discount-licensing.com\/wp-content\/uploads\/2022\/09\/pic2.png\" class=\"attachment-large size-large wp-image-6033\" alt=\"\" srcset=\"https:\/\/discount-licensing.com\/wp-content\/uploads\/2022\/09\/pic2.png 277w, https:\/\/discount-licensing.com\/wp-content\/uploads\/2022\/09\/pic2-183x300.png 183w, https:\/\/discount-licensing.com\/wp-content\/uploads\/2022\/09\/pic2-89x146.png 89w, https:\/\/discount-licensing.com\/wp-content\/uploads\/2022\/09\/pic2-31x50.png 31w, https:\/\/discount-licensing.com\/wp-content\/uploads\/2022\/09\/pic2-46x75.png 46w\" sizes=\"(max-width:767px) 277px, 277px\" \/>\t\t\t\t\t\t\t\t\t\t\t\t\t\t\t<\/div>\n\t\t\t\t<\/div>\n\t\t\t\t\t<\/div>\n\t\t<\/div>\n\t\t\t\t\t<\/div>\n\t\t<\/section>\n\t\t\t\t\t<\/div>\n\t\t<\/div>\n\t\t\t\t\t<\/div>\n\t\t<\/section>\n\t\t\t\t<section class=\"elementor-section elementor-top-section elementor-element elementor-element-8d8baa6 elementor-section-boxed elementor-section-height-default elementor-section-height-default\" data-id=\"8d8baa6\" data-element_type=\"section\" data-e-type=\"section\">\n\t\t\t\t\t\t<div class=\"elementor-container elementor-column-gap-default\">\n\t\t\t\t\t<div class=\"elementor-column elementor-col-100 elementor-top-column elementor-element elementor-element-cb8f481\" data-id=\"cb8f481\" data-element_type=\"column\" data-e-type=\"column\">\n\t\t\t<div class=\"elementor-widget-wrap elementor-element-populated\">\n\t\t\t\t\t\t<div class=\"elementor-element elementor-element-93d7514 elementor-widget elementor-widget-spacer\" data-id=\"93d7514\" data-element_type=\"widget\" data-e-type=\"widget\" data-widget_type=\"spacer.default\">\n\t\t\t\t<div class=\"elementor-widget-container\">\n\t\t\t\t\t\t\t<div class=\"elementor-spacer\">\n\t\t\t<div class=\"elementor-spacer-inner\"><\/div>\n\t\t<\/div>\n\t\t\t\t\t\t<\/div>\n\t\t\t\t<\/div>\n\t\t\t\t\t<\/div>\n\t\t<\/div>\n\t\t\t\t\t<\/div>\n\t\t<\/section>\n\t\t\t\t<section class=\"elementor-section elementor-top-section elementor-element elementor-element-5bb5068 elementor-section-stretched elementor-section-full_width elementor-section-height-default elementor-section-height-default\" data-id=\"5bb5068\" data-element_type=\"section\" data-e-type=\"section\" data-settings=\"{&quot;stretch_section&quot;:&quot;section-stretched&quot;,&quot;background_background&quot;:&quot;classic&quot;}\">\n\t\t\t\t\t\t<div class=\"elementor-container elementor-column-gap-wider\">\n\t\t\t\t\t<div class=\"elementor-column elementor-col-100 elementor-top-column elementor-element elementor-element-60a51b4\" data-id=\"60a51b4\" data-element_type=\"column\" data-e-type=\"column\">\n\t\t\t<div class=\"elementor-widget-wrap elementor-element-populated\">\n\t\t\t\t\t\t<section class=\"elementor-section elementor-inner-section elementor-element elementor-element-3427b01 elementor-section-boxed elementor-section-height-default elementor-section-height-default\" data-id=\"3427b01\" data-element_type=\"section\" data-e-type=\"section\">\n\t\t\t\t\t\t<div class=\"elementor-container elementor-column-gap-default\">\n\t\t\t\t\t<div class=\"elementor-column elementor-col-20 elementor-inner-column elementor-element elementor-element-cb60a53\" data-id=\"cb60a53\" data-element_type=\"column\" data-e-type=\"column\" data-settings=\"{&quot;background_background&quot;:&quot;classic&quot;}\">\n\t\t\t<div class=\"elementor-widget-wrap elementor-element-populated\">\n\t\t\t\t\t\t<div class=\"elementor-element elementor-element-d8a0064 elementor-widget elementor-widget-text-editor\" data-id=\"d8a0064\" data-element_type=\"widget\" data-e-type=\"widget\" data-widget_type=\"text-editor.default\">\n\t\t\t\t<div class=\"elementor-widget-container\">\n\t\t\t\t\t\t\t\t\t<h5 style=\"color: #ffffff;\"><a style=\"color: #ffffff;\" href=\"https:\/\/discount-licensing.com\/fr\/applications\/\">APPLICATIONS<\/a><\/h5>\n<p><a style=\"color: #ffffff;\" href=\"https:\/\/discount-licensing.com\/fr\/microsoft-office\/\">Microsoft Office<\/a><br \/><a style=\"background-color: rgba(255, 255, 255, 0); letter-spacing: 0px; color: #ffffff;\" href=\"https:\/\/discount-licensing.com\/fr\/microsoft-project\/\">Microsoft Project<\/a><br \/><a style=\"background-color: rgba(255, 255, 255, 0); letter-spacing: 0px; color: #ffffff;\" href=\"https:\/\/discount-licensing.com\/fr\/microsoft-visual-studio\/\">Microsoft Visual Studio<\/a><br \/><a style=\"background-color: rgba(255, 255, 255, 0); letter-spacing: 0px; color: #ffffff;\" href=\"https:\/\/discount-licensing.com\/fr\/microsoft-visio\/\">Microsoft Visio<\/a><\/p>\n\t\t\t\t\t\t\t\t<\/div>\n\t\t\t\t<\/div>\n\t\t\t\t\t<\/div>\n\t\t<\/div>\n\t\t\t\t<div class=\"elementor-column elementor-col-20 elementor-inner-column elementor-element elementor-element-8360cb2\" data-id=\"8360cb2\" data-element_type=\"column\" data-e-type=\"column\" data-settings=\"{&quot;background_background&quot;:&quot;classic&quot;}\">\n\t\t\t<div class=\"elementor-widget-wrap elementor-element-populated\">\n\t\t\t\t\t\t<div class=\"elementor-element elementor-element-c617df3 elementor-widget elementor-widget-text-editor\" data-id=\"c617df3\" data-element_type=\"widget\" data-e-type=\"widget\" data-widget_type=\"text-editor.default\">\n\t\t\t\t<div class=\"elementor-widget-container\">\n\t\t\t\t\t\t\t\t\t<h5 style=\"color: #ffffff;\"><a style=\"color: #ffffff;\" href=\"https:\/\/discount-licensing.com\/fr\/server\/\">SERVEUR<\/a><\/h5>\n<p><a style=\"color: #ffffff;\" href=\"https:\/\/discount-licensing.com\/fr\/windows-server\/\">Windows Server<\/a><br>\n<a style=\"color: #ffffff;\" href=\"https:\/\/discount-licensing.com\/fr\/core-cal-suite\/\">Core CAL Suite<\/a><br>\n<a style=\"color: #ffffff;\" href=\"https:\/\/discount-licensing.com\/fr\/remote-desktop-services\/\">Remote Desktop Services<\/a><br>\n<a style=\"color: #ffffff;\" href=\"https:\/\/discount-licensing.com\/fr\/exchange-server\/\">Exchange Server<\/a><br>\n<a style=\"color: #ffffff;\" href=\"https:\/\/discount-licensing.com\/fr\/sql-server\/\">SQL Server<\/a><\/p>\t\t\t\t\t\t\t\t<\/div>\n\t\t\t\t<\/div>\n\t\t\t\t\t<\/div>\n\t\t<\/div>\n\t\t\t\t<div class=\"elementor-column elementor-col-20 elementor-inner-column elementor-element elementor-element-e9ea375\" data-id=\"e9ea375\" data-element_type=\"column\" data-e-type=\"column\" data-settings=\"{&quot;background_background&quot;:&quot;classic&quot;}\">\n\t\t\t<div class=\"elementor-widget-wrap elementor-element-populated\">\n\t\t\t\t\t\t<div class=\"elementor-element elementor-element-6563ae9 elementor-widget elementor-widget-text-editor\" data-id=\"6563ae9\" data-element_type=\"widget\" data-e-type=\"widget\" data-widget_type=\"text-editor.default\">\n\t\t\t\t<div class=\"elementor-widget-container\">\n\t\t\t\t\t\t\t\t\t<h5 style=\"color: #ffffff;\"><a style=\"color: #ffffff;\" href=\"https:\/\/discount-licensing.com\/fr\/server\/\">SERVEUR<\/a><\/h5>\n<p><a style=\"color: #ffffff;\" href=\"https:\/\/discount-licensing.com\/fr\/sharepoint-server\/\">Sharepoint Server<\/a><br \/><a style=\"color: #ffffff;\" href=\"https:\/\/discount-licensing.com\/fr\/system-center\/\">System Center<\/a><br \/><a style=\"color: #ffffff;\" href=\"https:\/\/discount-licensing.com\/fr\/dynamics-crm-server\/\">Dynamics CRM Server<\/a><br \/><a style=\"color: #ffffff;\" href=\"https:\/\/discount-licensing.com\/fr\/skype\/\">Skype<\/a><\/p>\n\t\t\t\t\t\t\t\t<\/div>\n\t\t\t\t<\/div>\n\t\t\t\t\t<\/div>\n\t\t<\/div>\n\t\t\t\t<div class=\"elementor-column elementor-col-20 elementor-inner-column elementor-element elementor-element-e6415ed\" data-id=\"e6415ed\" data-element_type=\"column\" data-e-type=\"column\" data-settings=\"{&quot;background_background&quot;:&quot;classic&quot;}\">\n\t\t\t<div class=\"elementor-widget-wrap elementor-element-populated\">\n\t\t\t\t\t\t<div class=\"elementor-element elementor-element-ad6ff05 elementor-widget elementor-widget-text-editor\" data-id=\"ad6ff05\" data-element_type=\"widget\" data-e-type=\"widget\" data-widget_type=\"text-editor.default\">\n\t\t\t\t<div class=\"elementor-widget-container\">\n\t\t\t\t\t\t\t\t\t<h6 style=\"color: #ffffff;\"><a style=\"color: #ffffff;\" href=\"https:\/\/discount-licensing.com\/fr\/operating-system\/\">SYST\u00c8ME OP\u00c9RATEUR<\/a><\/h6>\n<p><a style=\"color: #ffffff;\" href=\"https:\/\/discount-licensing.com\/fr\/windows-enterprise\/\">Windows Enterprise\/Professional<\/a><\/p>\n\t\t\t\t\t\t\t\t<\/div>\n\t\t\t\t<\/div>\n\t\t\t\t\t<\/div>\n\t\t<\/div>\n\t\t\t\t<div class=\"elementor-column elementor-col-20 elementor-inner-column elementor-element elementor-element-0ebeb88\" data-id=\"0ebeb88\" data-element_type=\"column\" data-e-type=\"column\" data-settings=\"{&quot;background_background&quot;:&quot;classic&quot;}\">\n\t\t\t<div class=\"elementor-widget-wrap elementor-element-populated\">\n\t\t\t\t\t\t<div class=\"elementor-element elementor-element-2370730 elementor-widget elementor-widget-text-editor\" data-id=\"2370730\" data-element_type=\"widget\" data-e-type=\"widget\" data-widget_type=\"text-editor.default\">\n\t\t\t\t<div class=\"elementor-widget-container\">\n\t\t\t\t\t\t\t\t\t<h6 style=\"color: #ffffff;\"><a style=\"color: #ffffff;\" href=\"https:\/\/discount-licensing.com\/fr\/old-licences\/\">ANCIENNES LICENCES<\/a><\/h6>\n<a style=\"color: #ffffff;\" href=\"https:\/\/discount-licensing.com\/fr\/old-licences\/\">Versions Ant\u00e9rieures<\/a>\t\t\t\t\t\t\t\t<\/div>\n\t\t\t\t<\/div>\n\t\t\t\t\t<\/div>\n\t\t<\/div>\n\t\t\t\t\t<\/div>\n\t\t<\/section>\n\t\t\t\t\t<\/div>\n\t\t<\/div>\n\t\t\t\t\t<\/div>\n\t\t<\/section>\n\t\t\t\t<\/div>\n\t\t","protected":false},"excerpt":{"rendered":"<p>DEMANDER \u00c0 \u00caTRE APPEL\u00c9 If you would like us to Call You, please fill out the form below. We&rsquo;ll aim to get back to you as<span class=\"excerpt-hellip\"> [\u2026]<\/span><\/p>\n","protected":false},"author":1,"featured_media":0,"parent":0,"menu_order":0,"comment_status":"closed","ping_status":"closed","template":"","meta":{"footnotes":""},"class_list":["post-9013","page","type-page","status-publish","hentry"],"yoast_head":"<!-- This site is optimized with the Yoast SEO plugin v27.1.1 - https:\/\/yoast.com\/product\/yoast-seo-wordpress\/ -->\n<title>Demander \u00e0 \u00eatre appel\u00e9 - discount-licensing<\/title>\n<meta name=\"robots\" content=\"index, follow, max-snippet:-1, max-image-preview:large, max-video-preview:-1\" \/>\n<link rel=\"canonical\" href=\"https:\/\/discount-licensing.com\/fr\/demander-a-etre-appele\/\" \/>\n<meta property=\"og:locale\" content=\"fr_FR\" \/>\n<meta property=\"og:type\" content=\"article\" \/>\n<meta property=\"og:title\" content=\"Demander \u00e0 \u00eatre appel\u00e9 - discount-licensing\" \/>\n<meta property=\"og:description\" content=\"DEMANDER \u00c0 \u00caTRE APPEL\u00c9 If you would like us to Call You, please fill out the form below. We&rsquo;ll aim to get back to you as [\u2026]\" \/>\n<meta property=\"og:url\" content=\"https:\/\/discount-licensing.com\/fr\/demander-a-etre-appele\/\" \/>\n<meta property=\"og:site_name\" content=\"discount-licensing\" \/>\n<meta property=\"article:modified_time\" content=\"2023-07-04T13:59:06+00:00\" \/>\n<meta property=\"og:image\" content=\"https:\/\/discount-licensing.com\/wp-content\/uploads\/2022\/09\/pic2.png\" \/>\n<meta name=\"twitter:card\" content=\"summary_large_image\" \/>\n<script type=\"application\/ld+json\" class=\"yoast-schema-graph\">{\"@context\":\"https:\/\/schema.org\",\"@graph\":[{\"@type\":\"WebPage\",\"@id\":\"https:\/\/discount-licensing.com\/fr\/demander-a-etre-appele\/\",\"url\":\"https:\/\/discount-licensing.com\/fr\/demander-a-etre-appele\/\",\"name\":\"Demander \u00e0 \u00eatre appel\u00e9 - discount-licensing\",\"isPartOf\":{\"@id\":\"https:\/\/discount-licensing.com\/fr\/#website\"},\"primaryImageOfPage\":{\"@id\":\"https:\/\/discount-licensing.com\/fr\/demander-a-etre-appele\/#primaryimage\"},\"image\":{\"@id\":\"https:\/\/discount-licensing.com\/fr\/demander-a-etre-appele\/#primaryimage\"},\"thumbnailUrl\":\"https:\/\/discount-licensing.com\/wp-content\/uploads\/2022\/09\/pic2.png\",\"datePublished\":\"2022-11-15T14:48:00+00:00\",\"dateModified\":\"2023-07-04T13:59:06+00:00\",\"breadcrumb\":{\"@id\":\"https:\/\/discount-licensing.com\/fr\/demander-a-etre-appele\/#breadcrumb\"},\"inLanguage\":\"fr-FR\",\"potentialAction\":[{\"@type\":\"ReadAction\",\"target\":[\"https:\/\/discount-licensing.com\/fr\/demander-a-etre-appele\/\"]}]},{\"@type\":\"ImageObject\",\"inLanguage\":\"fr-FR\",\"@id\":\"https:\/\/discount-licensing.com\/fr\/demander-a-etre-appele\/#primaryimage\",\"url\":\"https:\/\/discount-licensing.com\/wp-content\/uploads\/2022\/09\/pic2.png\",\"contentUrl\":\"https:\/\/discount-licensing.com\/wp-content\/uploads\/2022\/09\/pic2.png\"},{\"@type\":\"BreadcrumbList\",\"@id\":\"https:\/\/discount-licensing.com\/fr\/demander-a-etre-appele\/#breadcrumb\",\"itemListElement\":[{\"@type\":\"ListItem\",\"position\":1,\"name\":\"Home\",\"item\":\"https:\/\/discount-licensing.com\/fr\/home\/\"},{\"@type\":\"ListItem\",\"position\":2,\"name\":\"Demander \u00e0 \u00eatre appel\u00e9\"}]},{\"@type\":\"WebSite\",\"@id\":\"https:\/\/discount-licensing.com\/fr\/#website\",\"url\":\"https:\/\/discount-licensing.com\/fr\/\",\"name\":\"discount-licensing\",\"description\":\"We Sell Discounted Pre-owned Microsoft Volume Software Throughout Europe\",\"potentialAction\":[{\"@type\":\"SearchAction\",\"target\":{\"@type\":\"EntryPoint\",\"urlTemplate\":\"https:\/\/discount-licensing.com\/fr\/?s={search_term_string}\"},\"query-input\":{\"@type\":\"PropertyValueSpecification\",\"valueRequired\":true,\"valueName\":\"search_term_string\"}}],\"inLanguage\":\"fr-FR\"}]}<\/script>\n<!-- \/ Yoast SEO plugin. -->","yoast_head_json":{"title":"Demander \u00e0 \u00eatre appel\u00e9 - discount-licensing","robots":{"index":"index","follow":"follow","max-snippet":"max-snippet:-1","max-image-preview":"max-image-preview:large","max-video-preview":"max-video-preview:-1"},"canonical":"https:\/\/discount-licensing.com\/fr\/demander-a-etre-appele\/","og_locale":"fr_FR","og_type":"article","og_title":"Demander \u00e0 \u00eatre appel\u00e9 - discount-licensing","og_description":"DEMANDER \u00c0 \u00caTRE APPEL\u00c9 If you would like us to Call You, please fill out the form below. We&rsquo;ll aim to get back to you as [\u2026]","og_url":"https:\/\/discount-licensing.com\/fr\/demander-a-etre-appele\/","og_site_name":"discount-licensing","article_modified_time":"2023-07-04T13:59:06+00:00","og_image":[{"url":"https:\/\/discount-licensing.com\/wp-content\/uploads\/2022\/09\/pic2.png","type":"","width":"","height":""}],"twitter_card":"summary_large_image","schema":{"@context":"https:\/\/schema.org","@graph":[{"@type":"WebPage","@id":"https:\/\/discount-licensing.com\/fr\/demander-a-etre-appele\/","url":"https:\/\/discount-licensing.com\/fr\/demander-a-etre-appele\/","name":"Demander \u00e0 \u00eatre appel\u00e9 - discount-licensing","isPartOf":{"@id":"https:\/\/discount-licensing.com\/fr\/#website"},"primaryImageOfPage":{"@id":"https:\/\/discount-licensing.com\/fr\/demander-a-etre-appele\/#primaryimage"},"image":{"@id":"https:\/\/discount-licensing.com\/fr\/demander-a-etre-appele\/#primaryimage"},"thumbnailUrl":"https:\/\/discount-licensing.com\/wp-content\/uploads\/2022\/09\/pic2.png","datePublished":"2022-11-15T14:48:00+00:00","dateModified":"2023-07-04T13:59:06+00:00","breadcrumb":{"@id":"https:\/\/discount-licensing.com\/fr\/demander-a-etre-appele\/#breadcrumb"},"inLanguage":"fr-FR","potentialAction":[{"@type":"ReadAction","target":["https:\/\/discount-licensing.com\/fr\/demander-a-etre-appele\/"]}]},{"@type":"ImageObject","inLanguage":"fr-FR","@id":"https:\/\/discount-licensing.com\/fr\/demander-a-etre-appele\/#primaryimage","url":"https:\/\/discount-licensing.com\/wp-content\/uploads\/2022\/09\/pic2.png","contentUrl":"https:\/\/discount-licensing.com\/wp-content\/uploads\/2022\/09\/pic2.png"},{"@type":"BreadcrumbList","@id":"https:\/\/discount-licensing.com\/fr\/demander-a-etre-appele\/#breadcrumb","itemListElement":[{"@type":"ListItem","position":1,"name":"Home","item":"https:\/\/discount-licensing.com\/fr\/home\/"},{"@type":"ListItem","position":2,"name":"Demander \u00e0 \u00eatre appel\u00e9"}]},{"@type":"WebSite","@id":"https:\/\/discount-licensing.com\/fr\/#website","url":"https:\/\/discount-licensing.com\/fr\/","name":"discount-licensing","description":"We Sell Discounted Pre-owned Microsoft Volume Software Throughout Europe","potentialAction":[{"@type":"SearchAction","target":{"@type":"EntryPoint","urlTemplate":"https:\/\/discount-licensing.com\/fr\/?s={search_term_string}"},"query-input":{"@type":"PropertyValueSpecification","valueRequired":true,"valueName":"search_term_string"}}],"inLanguage":"fr-FR"}]}},"_links":{"self":[{"href":"https:\/\/discount-licensing.com\/fr\/wp-json\/wp\/v2\/pages\/9013","targetHints":{"allow":["GET"]}}],"collection":[{"href":"https:\/\/discount-licensing.com\/fr\/wp-json\/wp\/v2\/pages"}],"about":[{"href":"https:\/\/discount-licensing.com\/fr\/wp-json\/wp\/v2\/types\/page"}],"author":[{"embeddable":true,"href":"https:\/\/discount-licensing.com\/fr\/wp-json\/wp\/v2\/users\/1"}],"replies":[{"embeddable":true,"href":"https:\/\/discount-licensing.com\/fr\/wp-json\/wp\/v2\/comments?post=9013"}],"version-history":[{"count":2,"href":"https:\/\/discount-licensing.com\/fr\/wp-json\/wp\/v2\/pages\/9013\/revisions"}],"predecessor-version":[{"id":20613,"href":"https:\/\/discount-licensing.com\/fr\/wp-json\/wp\/v2\/pages\/9013\/revisions\/20613"}],"wp:attachment":[{"href":"https:\/\/discount-licensing.com\/fr\/wp-json\/wp\/v2\/media?parent=9013"}],"curies":[{"name":"wp","href":"https:\/\/api.w.org\/{rel}","templated":true}]}}