{"id":15842,"date":"2023-01-11T15:56:46","date_gmt":"2023-01-11T15:56:46","guid":{"rendered":"https:\/\/wp.discount-licensing.com\/\/office-2019-v-office-2016\/"},"modified":"2025-08-08T11:38:42","modified_gmt":"2025-08-08T10:38:42","slug":"office-2019-v-office-2016","status":"publish","type":"page","link":"https:\/\/discount-licensing.com\/fr\/office-2019-v-office-2016\/","title":{"rendered":"Office 2019 V Office 2016"},"content":{"rendered":"\t\t<div data-elementor-type=\"wp-page\" data-elementor-id=\"15842\" class=\"elementor elementor-15842 elementor-4840\">\n\t\t\t\t\t\t<section class=\"elementor-section elementor-top-section elementor-element elementor-element-774c3b3 elementor-section-full_width elementor-section-stretched elementor-section-height-default elementor-section-height-default\" data-id=\"774c3b3\" data-element_type=\"section\" data-e-type=\"section\" data-settings=\"{&quot;stretch_section&quot;:&quot;section-stretched&quot;,&quot;background_background&quot;:&quot;classic&quot;}\">\n\t\t\t\t\t\t<div class=\"elementor-container elementor-column-gap-default\">\n\t\t\t\t\t<div class=\"elementor-column elementor-col-100 elementor-top-column elementor-element elementor-element-8e63682\" data-id=\"8e63682\" data-element_type=\"column\" data-e-type=\"column\">\n\t\t\t<div class=\"elementor-widget-wrap elementor-element-populated\">\n\t\t\t\t\t\t<div class=\"elementor-element elementor-element-c7e43c7 elementor-widget elementor-widget-text-editor\" data-id=\"c7e43c7\" data-element_type=\"widget\" data-e-type=\"widget\" data-widget_type=\"text-editor.default\">\n\t\t\t\t<div class=\"elementor-widget-container\">\n\t\t\t\t\t\t\t\t\t<h1 style=\"font-style: normal; font-variant-ligatures: normal; font-variant-caps: normal; letter-spacing: normal; color: #326786;\">MICROSOFT OFFICE 2019 VS OFFICE 2016<\/h1>\t\t\t\t\t\t\t\t<\/div>\n\t\t\t\t<\/div>\n\t\t\t\t\t<\/div>\n\t\t<\/div>\n\t\t\t\t\t<\/div>\n\t\t<\/section>\n\t\t\t\t<section class=\"elementor-section elementor-top-section elementor-element elementor-element-6de7e87 elementor-section-full_width elementor-section-height-default elementor-section-height-default\" data-id=\"6de7e87\" data-element_type=\"section\" data-e-type=\"section\">\n\t\t\t\t\t\t<div class=\"elementor-container elementor-column-gap-default\">\n\t\t\t\t\t<div class=\"elementor-column elementor-col-33 elementor-top-column elementor-element elementor-element-61430a5\" data-id=\"61430a5\" data-element_type=\"column\" data-e-type=\"column\">\n\t\t\t<div class=\"elementor-widget-wrap elementor-element-populated\">\n\t\t\t\t\t\t<div class=\"elementor-element elementor-element-82c3712 elementor-widget elementor-widget-image\" data-id=\"82c3712\" data-element_type=\"widget\" data-e-type=\"widget\" data-widget_type=\"image.default\">\n\t\t\t\t<div class=\"elementor-widget-container\">\n\t\t\t\t\t\t\t\t\t\t\t\t\t\t\t<img fetchpriority=\"high\" decoding=\"async\" width=\"497\" height=\"750\" src=\"https:\/\/discount-licensing.com\/wp-content\/uploads\/2022\/09\/Microsoft-Office-2019-Vs-Office-2016-Mock-Up.jpg\" class=\"attachment-large size-large wp-image-6053\" alt=\"\" srcset=\"https:\/\/discount-licensing.com\/wp-content\/uploads\/2022\/09\/Microsoft-Office-2019-Vs-Office-2016-Mock-Up.jpg 497w, https:\/\/discount-licensing.com\/wp-content\/uploads\/2022\/09\/Microsoft-Office-2019-Vs-Office-2016-Mock-Up-199x300.jpg 199w, https:\/\/discount-licensing.com\/wp-content\/uploads\/2022\/09\/Microsoft-Office-2019-Vs-Office-2016-Mock-Up-97x146.jpg 97w, https:\/\/discount-licensing.com\/wp-content\/uploads\/2022\/09\/Microsoft-Office-2019-Vs-Office-2016-Mock-Up-33x50.jpg 33w, https:\/\/discount-licensing.com\/wp-content\/uploads\/2022\/09\/Microsoft-Office-2019-Vs-Office-2016-Mock-Up-50x75.jpg 50w\" sizes=\"(max-width:767px) 480px, 497px\" \/>\t\t\t\t\t\t\t\t\t\t\t\t\t\t\t<\/div>\n\t\t\t\t<\/div>\n\t\t\t\t\t<\/div>\n\t\t<\/div>\n\t\t\t\t<div class=\"elementor-column elementor-col-33 elementor-top-column elementor-element elementor-element-944df1c\" data-id=\"944df1c\" data-element_type=\"column\" data-e-type=\"column\">\n\t\t\t<div class=\"elementor-widget-wrap elementor-element-populated\">\n\t\t\t\t\t\t<div class=\"elementor-element elementor-element-06cecd6 elementor-widget__width-initial elementor-widget elementor-widget-text-editor\" data-id=\"06cecd6\" data-element_type=\"widget\" data-e-type=\"widget\" data-widget_type=\"text-editor.default\">\n\t\t\t\t<div class=\"elementor-widget-container\">\n\t\t\t\t\t\t\t\t\t<p>If you\u2019re considering purchasing a Microsoft license but can\u2019t decide between Office 2019 and Office 2016, check out this free guide to find out which would be better for your business.<\/p><p>Simply confirm your details using the form provided to get your copy and learn more about:<\/p><ul><li><p>Word 2019<\/p><\/li><li><p>Excel 2019<\/p><\/li><li><p>Outlook 2019<\/p><\/li><\/ul><p>We\u2019ll email you your copy once your request has been verified.<\/p>\t\t\t\t\t\t\t\t<\/div>\n\t\t\t\t<\/div>\n\t\t\t\t\t<\/div>\n\t\t<\/div>\n\t\t\t\t<div class=\"elementor-column elementor-col-33 elementor-top-column elementor-element elementor-element-57245e3\" data-id=\"57245e3\" data-element_type=\"column\" data-e-type=\"column\">\n\t\t\t<div class=\"elementor-widget-wrap elementor-element-populated\">\n\t\t\t\t\t\t<div class=\"elementor-element elementor-element-7b9cc64 elementor-widget__width-initial elementor-widget elementor-widget-text-editor\" data-id=\"7b9cc64\" data-element_type=\"widget\" data-e-type=\"widget\" data-widget_type=\"text-editor.default\">\n\t\t\t\t<div class=\"elementor-widget-container\">\n\t\t\t\t\t\t\t\t\t<h2>Request Your Free Copy<\/h2><div class=\"wpcf7 no-js\" id=\"wpcf7-f13845-o1\" lang=\"fr-FR\" dir=\"ltr\" data-wpcf7-id=\"13845\">\n<div class=\"screen-reader-response\"><p role=\"status\" aria-live=\"polite\" aria-atomic=\"true\"><\/p> <ul><\/ul><\/div>\n<form action=\"\/fr\/wp-json\/wp\/v2\/pages\/15842#wpcf7-f13845-o1\" method=\"post\" class=\"wpcf7-form init\" aria-label=\"Formulaire de contact\" novalidate=\"novalidate\" data-status=\"init\">\n<fieldset class=\"hidden-fields-container\"><input type=\"hidden\" name=\"_wpcf7\" value=\"13845\" \/><input type=\"hidden\" name=\"_wpcf7_version\" value=\"6.1.5\" \/><input type=\"hidden\" name=\"_wpcf7_locale\" value=\"fr_FR\" \/><input type=\"hidden\" name=\"_wpcf7_unit_tag\" value=\"wpcf7-f13845-o1\" \/><input type=\"hidden\" name=\"_wpcf7_container_post\" value=\"0\" \/><input type=\"hidden\" name=\"_wpcf7_posted_data_hash\" value=\"\" \/><input type=\"hidden\" name=\"_wpcf7_recaptcha_response\" value=\"\" \/>\n<\/fieldset>\n<div class=\"column one\">\n\t<p><span class=\"wpcf7-form-control-wrap\" data-name=\"your-name\"><input size=\"40\" maxlength=\"400\" class=\"wpcf7-form-control wpcf7-text wpcf7-validates-as-required\" aria-required=\"true\" aria-invalid=\"false\" placeholder=\"Nom*\" value=\"\" type=\"text\" name=\"your-name\" \/><\/span>\n\t<\/p>\n<\/div>\n<div class=\"column one\">\n\t<p><span class=\"wpcf7-form-control-wrap\" data-name=\"your-email\"><input size=\"40\" maxlength=\"400\" class=\"wpcf7-form-control wpcf7-email wpcf7-validates-as-required wpcf7-text wpcf7-validates-as-email\" aria-required=\"true\" aria-invalid=\"false\" placeholder=\"E-mail*\" value=\"\" type=\"email\" name=\"your-email\" \/><\/span>\n\t<\/p>\n<\/div>\n<div class=\"column one\">\n\t<p><input class=\"wpcf7-form-control wpcf7-submit has-spinner button_full_width\" type=\"submit\" value=\"Submit\" \/>\n\t<\/p>\n<\/div><div class=\"wpcf7-response-output\" aria-hidden=\"true\"><\/div>\n<\/form>\n<\/div><p style=\"font-size: 12px; line-height: 20px;\">Discount-Licensing a besoin des informations de contact que vous nous avez fournies afin de pouvoir vous contacter \u00e0 propos de votre devis, de nos produits et services \u00e0 l&rsquo;avenir. Vous pouvez vous d\u00e9sabonner de ces communications \u00e0 tout moment. For information on how to unsubscribe, as well as our privacy practices and commitment to protecting your privacy, check out our Privacy Policy.<\/p>\t\t\t\t\t\t\t\t<\/div>\n\t\t\t\t<\/div>\n\t\t\t\t\t<\/div>\n\t\t<\/div>\n\t\t\t\t\t<\/div>\n\t\t<\/section>\n\t\t\t\t<section class=\"elementor-section elementor-top-section elementor-element elementor-element-6ea79a1 elementor-section-boxed elementor-section-height-default elementor-section-height-default\" data-id=\"6ea79a1\" data-element_type=\"section\" data-e-type=\"section\">\n\t\t\t\t\t\t<div class=\"elementor-container elementor-column-gap-default\">\n\t\t\t\t\t<div class=\"elementor-column elementor-col-100 elementor-top-column elementor-element elementor-element-231ff96\" data-id=\"231ff96\" data-element_type=\"column\" data-e-type=\"column\">\n\t\t\t<div class=\"elementor-widget-wrap\">\n\t\t\t\t\t\t\t<\/div>\n\t\t<\/div>\n\t\t\t\t\t<\/div>\n\t\t<\/section>\n\t\t\t\t<section class=\"elementor-section elementor-top-section elementor-element elementor-element-95cd04b elementor-section-stretched elementor-section-full_width elementor-section-height-default elementor-section-height-default\" data-id=\"95cd04b\" data-element_type=\"section\" data-e-type=\"section\" data-settings=\"{&quot;stretch_section&quot;:&quot;section-stretched&quot;,&quot;background_background&quot;:&quot;classic&quot;}\">\n\t\t\t\t\t\t<div class=\"elementor-container elementor-column-gap-wider\">\n\t\t\t\t\t<div class=\"elementor-column elementor-col-100 elementor-top-column elementor-element elementor-element-bdfa12f\" data-id=\"bdfa12f\" data-element_type=\"column\" data-e-type=\"column\">\n\t\t\t<div class=\"elementor-widget-wrap elementor-element-populated\">\n\t\t\t\t\t\t<section class=\"elementor-section elementor-inner-section elementor-element elementor-element-ac2da50 elementor-section-boxed elementor-section-height-default elementor-section-height-default\" data-id=\"ac2da50\" data-element_type=\"section\" data-e-type=\"section\">\n\t\t\t\t\t\t<div class=\"elementor-container elementor-column-gap-default\">\n\t\t\t\t\t<div class=\"elementor-column elementor-col-20 elementor-inner-column elementor-element elementor-element-b1668f4\" data-id=\"b1668f4\" data-element_type=\"column\" data-e-type=\"column\" data-settings=\"{&quot;background_background&quot;:&quot;classic&quot;}\">\n\t\t\t<div class=\"elementor-widget-wrap elementor-element-populated\">\n\t\t\t\t\t\t<div class=\"elementor-element elementor-element-195d920 elementor-widget elementor-widget-text-editor\" data-id=\"195d920\" data-element_type=\"widget\" data-e-type=\"widget\" data-widget_type=\"text-editor.default\">\n\t\t\t\t<div class=\"elementor-widget-container\">\n\t\t\t\t\t\t\t\t\t<h5 style=\"color: #ffffff;\"><a style=\"color: #ffffff;\" href=\"https:\/\/discount-licensing.com\/fr\/applications-2\/\">APPLICATIONS<\/a><\/h5><p><a style=\"color: #ffffff;\" href=\"https:\/\/discount-licensing.com\/fr\/microsoft-office\/\">Microsoft Office<\/a><br><a style=\"background-color: rgba(255, 255, 255, 0); letter-spacing: 0px; color: #ffffff;\" href=\"https:\/\/discount-licensing.com\/fr\/microsoft-project\/\">Microsoft Project<\/a><br><a style=\"background-color: rgba(255, 255, 255, 0); letter-spacing: 0px; color: #ffffff;\" href=\"https:\/\/discount-licensing.com\/fr\/microsoft-visual-studio\/\">Microsoft Visual Studio<\/a><br><a style=\"background-color: rgba(255, 255, 255, 0); letter-spacing: 0px; color: #ffffff;\" href=\"https:\/\/discount-licensing.com\/fr\/microsoft-visio\/\">Microsoft Visio<\/a><\/p>\t\t\t\t\t\t\t\t<\/div>\n\t\t\t\t<\/div>\n\t\t\t\t\t<\/div>\n\t\t<\/div>\n\t\t\t\t<div class=\"elementor-column elementor-col-20 elementor-inner-column elementor-element elementor-element-2999290\" data-id=\"2999290\" data-element_type=\"column\" data-e-type=\"column\" data-settings=\"{&quot;background_background&quot;:&quot;classic&quot;}\">\n\t\t\t<div class=\"elementor-widget-wrap elementor-element-populated\">\n\t\t\t\t\t\t<div class=\"elementor-element elementor-element-3631c80 elementor-widget elementor-widget-text-editor\" data-id=\"3631c80\" data-element_type=\"widget\" data-e-type=\"widget\" data-widget_type=\"text-editor.default\">\n\t\t\t\t<div class=\"elementor-widget-container\">\n\t\t\t\t\t\t\t\t\t<h5 style=\"color: #ffffff;\"><a style=\"color: #ffffff;\" href=\"https:\/\/discount-licensing.com\/fr\/server\/\">SERVEUR<\/a><\/h5>\n<p><a style=\"color: #ffffff;\" href=\"https:\/\/discount-licensing.com\/fr\/windows-server\/\">Serveur Windows<\/a><br><a style=\"color: #ffffff;\" href=\"https:\/\/discount-licensing.com\/fr\/core-cal-suite\/\">Core CAL Suite<\/a><br><a style=\"color: #ffffff;\" href=\"https:\/\/discount-licensing.com\/fr\/remote-desktop-services\/\">Services de bureau \u00e0 distance<\/a><br><a style=\"color: #ffffff;\" href=\"https:\/\/discount-licensing.com\/fr\/exchange-server\/\">Serveur Exchange<\/a><br><a style=\"color: #ffffff;\" href=\"https:\/\/discount-licensing.com\/fr\/sql-server\/\">Serveur SQL<\/a><\/p>\t\t\t\t\t\t\t\t<\/div>\n\t\t\t\t<\/div>\n\t\t\t\t\t<\/div>\n\t\t<\/div>\n\t\t\t\t<div class=\"elementor-column elementor-col-20 elementor-inner-column elementor-element elementor-element-81db693\" data-id=\"81db693\" data-element_type=\"column\" data-e-type=\"column\" data-settings=\"{&quot;background_background&quot;:&quot;classic&quot;}\">\n\t\t\t<div class=\"elementor-widget-wrap elementor-element-populated\">\n\t\t\t\t\t\t<div class=\"elementor-element elementor-element-946ac24 elementor-widget elementor-widget-text-editor\" data-id=\"946ac24\" data-element_type=\"widget\" data-e-type=\"widget\" data-widget_type=\"text-editor.default\">\n\t\t\t\t<div class=\"elementor-widget-container\">\n\t\t\t\t\t\t\t\t\t<h5 style=\"color: #ffffff;\"><a style=\"color: #ffffff;\" href=\"https:\/\/discount-licensing.com\/fr\/server\/\">SERVEUR<\/a><\/h5><p><a style=\"color: #ffffff;\" href=\"https:\/\/discount-licensing.com\/fr\/sharepoint-server\/\">Serveur Sharepoint<\/a><br><a style=\"color: #ffffff;\" href=\"https:\/\/discount-licensing.com\/fr\/system-center\/\">System Center<\/a><br><a style=\"color: #ffffff;\" href=\"https:\/\/discount-licensing.com\/fr\/dynamics-crm-server\/\">Dynamics CRM Server<\/a><br><a style=\"color: #ffffff;\" href=\"https:\/\/discount-licensing.com\/fr\/skype\/\">Skype<\/a><\/p>\t\t\t\t\t\t\t\t<\/div>\n\t\t\t\t<\/div>\n\t\t\t\t\t<\/div>\n\t\t<\/div>\n\t\t\t\t<div class=\"elementor-column elementor-col-20 elementor-inner-column elementor-element elementor-element-932ca70\" data-id=\"932ca70\" data-element_type=\"column\" data-e-type=\"column\" data-settings=\"{&quot;background_background&quot;:&quot;classic&quot;}\">\n\t\t\t<div class=\"elementor-widget-wrap elementor-element-populated\">\n\t\t\t\t\t\t<div class=\"elementor-element elementor-element-bd3a3f7 elementor-widget elementor-widget-text-editor\" data-id=\"bd3a3f7\" data-element_type=\"widget\" data-e-type=\"widget\" data-widget_type=\"text-editor.default\">\n\t\t\t\t<div class=\"elementor-widget-container\">\n\t\t\t\t\t\t\t\t\t<h6 style=\"color: #ffffff;\"><a style=\"color: #ffffff;\" href=\"https:\/\/discount-licensing.com\/fr\/systeme-operateur\/\">SYST\u00c8ME OP\u00c9RATEUR<\/a><\/h6><p><a style=\"color: #ffffff;\" href=\"https:\/\/discount-licensing.com\/fr\/windows-enterprise\/\">Windows Enterprise\/Professional<\/a><\/p>\t\t\t\t\t\t\t\t<\/div>\n\t\t\t\t<\/div>\n\t\t\t\t\t<\/div>\n\t\t<\/div>\n\t\t\t\t<div class=\"elementor-column elementor-col-20 elementor-inner-column elementor-element elementor-element-57d9c0f\" data-id=\"57d9c0f\" data-element_type=\"column\" data-e-type=\"column\" data-settings=\"{&quot;background_background&quot;:&quot;classic&quot;}\">\n\t\t\t<div class=\"elementor-widget-wrap elementor-element-populated\">\n\t\t\t\t\t\t<div class=\"elementor-element elementor-element-f5629c3 elementor-widget elementor-widget-text-editor\" data-id=\"f5629c3\" data-element_type=\"widget\" data-e-type=\"widget\" data-widget_type=\"text-editor.default\">\n\t\t\t\t<div class=\"elementor-widget-container\">\n\t\t\t\t\t\t\t\t\t<h6 style=\"color: #ffffff;\"><a style=\"color: #ffffff;\" href=\"https:\/\/discount-licensing.com\/fr\/anciennes-licences\/\">ANCIENNES LICENCES<\/a><\/h6>\n<a style=\"color: #ffffff;\" href=\"https:\/\/discount-licensing.com\/fr\/anciennes-licences\/\">Versions Ant\u00e9rieures<\/a>\t\t\t\t\t\t\t\t<\/div>\n\t\t\t\t<\/div>\n\t\t\t\t\t<\/div>\n\t\t<\/div>\n\t\t\t\t\t<\/div>\n\t\t<\/section>\n\t\t\t\t\t<\/div>\n\t\t<\/div>\n\t\t\t\t\t<\/div>\n\t\t<\/section>\n\t\t\t\t<\/div>\n\t\t","protected":false},"excerpt":{"rendered":"<p>MICROSOFT OFFICE 2019 VS OFFICE 2016 If you\u2019re considering purchasing a Microsoft license but can\u2019t decide between Office 2019 and Office 2016, check out this free<span class=\"excerpt-hellip\"> [\u2026]<\/span><\/p>\n","protected":false},"author":1,"featured_media":0,"parent":0,"menu_order":0,"comment_status":"closed","ping_status":"closed","template":"","meta":{"footnotes":""},"class_list":["post-15842","page","type-page","status-publish","hentry"],"yoast_head":"<!-- This site is optimized with the Yoast SEO plugin v27.1.1 - https:\/\/yoast.com\/product\/yoast-seo-wordpress\/ -->\n<title>Office 2019 V Office 2016 - discount-licensing<\/title>\n<meta name=\"robots\" content=\"index, follow, max-snippet:-1, max-image-preview:large, max-video-preview:-1\" \/>\n<link rel=\"canonical\" href=\"https:\/\/discount-licensing.com\/fr\/office-2019-v-office-2016\/\" \/>\n<meta property=\"og:locale\" content=\"fr_FR\" \/>\n<meta property=\"og:type\" content=\"article\" \/>\n<meta property=\"og:title\" content=\"Office 2019 V Office 2016 - discount-licensing\" \/>\n<meta property=\"og:description\" content=\"MICROSOFT OFFICE 2019 VS OFFICE 2016 If you\u2019re considering purchasing a Microsoft license but can\u2019t decide between Office 2019 and Office 2016, check out this free [\u2026]\" \/>\n<meta property=\"og:url\" content=\"https:\/\/discount-licensing.com\/fr\/office-2019-v-office-2016\/\" \/>\n<meta property=\"og:site_name\" content=\"discount-licensing\" \/>\n<meta property=\"article:publisher\" content=\"https:\/\/www.facebook.com\/DiscountLicensing\" \/>\n<meta property=\"article:modified_time\" content=\"2025-08-08T10:38:42+00:00\" \/>\n<meta property=\"og:image\" content=\"https:\/\/discount-licensing.com\/wp-content\/uploads\/2022\/09\/Microsoft-Office-2019-Vs-Office-2016-Mock-Up.jpg\" \/>\n\t<meta property=\"og:image:width\" content=\"497\" \/>\n\t<meta property=\"og:image:height\" content=\"750\" \/>\n\t<meta property=\"og:image:type\" content=\"image\/jpeg\" \/>\n<meta name=\"twitter:card\" content=\"summary_large_image\" \/>\n<meta name=\"twitter:label1\" content=\"Dur\u00e9e de lecture estim\u00e9e\" \/>\n\t<meta name=\"twitter:data1\" content=\"1 minute\" \/>\n<script type=\"application\/ld+json\" class=\"yoast-schema-graph\">{\"@context\":\"https:\/\/schema.org\",\"@graph\":[{\"@type\":\"WebPage\",\"@id\":\"https:\/\/discount-licensing.com\/fr\/office-2019-v-office-2016\/\",\"url\":\"https:\/\/discount-licensing.com\/fr\/office-2019-v-office-2016\/\",\"name\":\"Office 2019 V Office 2016 - discount-licensing\",\"isPartOf\":{\"@id\":\"https:\/\/discount-licensing.com\/fr\/#website\"},\"primaryImageOfPage\":{\"@id\":\"https:\/\/discount-licensing.com\/fr\/office-2019-v-office-2016\/#primaryimage\"},\"image\":{\"@id\":\"https:\/\/discount-licensing.com\/fr\/office-2019-v-office-2016\/#primaryimage\"},\"thumbnailUrl\":\"https:\/\/discount-licensing.com\/wp-content\/uploads\/2022\/09\/Microsoft-Office-2019-Vs-Office-2016-Mock-Up.jpg\",\"datePublished\":\"2023-01-11T15:56:46+00:00\",\"dateModified\":\"2025-08-08T10:38:42+00:00\",\"breadcrumb\":{\"@id\":\"https:\/\/discount-licensing.com\/fr\/office-2019-v-office-2016\/#breadcrumb\"},\"inLanguage\":\"fr-FR\",\"potentialAction\":[{\"@type\":\"ReadAction\",\"target\":[\"https:\/\/discount-licensing.com\/fr\/office-2019-v-office-2016\/\"]}]},{\"@type\":\"ImageObject\",\"inLanguage\":\"fr-FR\",\"@id\":\"https:\/\/discount-licensing.com\/fr\/office-2019-v-office-2016\/#primaryimage\",\"url\":\"https:\/\/discount-licensing.com\/wp-content\/uploads\/2022\/09\/Microsoft-Office-2019-Vs-Office-2016-Mock-Up.jpg\",\"contentUrl\":\"https:\/\/discount-licensing.com\/wp-content\/uploads\/2022\/09\/Microsoft-Office-2019-Vs-Office-2016-Mock-Up.jpg\"},{\"@type\":\"BreadcrumbList\",\"@id\":\"https:\/\/discount-licensing.com\/fr\/office-2019-v-office-2016\/#breadcrumb\",\"itemListElement\":[{\"@type\":\"ListItem\",\"position\":1,\"name\":\"Home\",\"item\":\"https:\/\/discount-licensing.com\/fr\/home\/\"},{\"@type\":\"ListItem\",\"position\":2,\"name\":\"Office 2019 V Office 2016\"}]},{\"@type\":\"WebSite\",\"@id\":\"https:\/\/discount-licensing.com\/fr\/#website\",\"url\":\"https:\/\/discount-licensing.com\/fr\/\",\"name\":\"discount-licensing\",\"description\":\"We Sell Discounted Pre-owned Microsoft Volume Software Throughout Europe\",\"publisher\":{\"@id\":\"https:\/\/discount-licensing.com\/fr\/#organization\"},\"potentialAction\":[{\"@type\":\"SearchAction\",\"target\":{\"@type\":\"EntryPoint\",\"urlTemplate\":\"https:\/\/discount-licensing.com\/fr\/?s={search_term_string}\"},\"query-input\":{\"@type\":\"PropertyValueSpecification\",\"valueRequired\":true,\"valueName\":\"search_term_string\"}}],\"inLanguage\":\"fr-FR\"},{\"@type\":\"Organization\",\"@id\":\"https:\/\/discount-licensing.com\/fr\/#organization\",\"name\":\"discount-licensing\",\"url\":\"https:\/\/discount-licensing.com\/fr\/\",\"logo\":{\"@type\":\"ImageObject\",\"inLanguage\":\"fr-FR\",\"@id\":\"https:\/\/discount-licensing.com\/fr\/#\/schema\/logo\/image\/\",\"url\":\"https:\/\/discount-licensing.com\/wp-content\/uploads\/2023\/09\/discount-licensing-1.jpg\",\"contentUrl\":\"https:\/\/discount-licensing.com\/wp-content\/uploads\/2023\/09\/discount-licensing-1.jpg\",\"width\":800,\"height\":533,\"caption\":\"discount-licensing\"},\"image\":{\"@id\":\"https:\/\/discount-licensing.com\/fr\/#\/schema\/logo\/image\/\"},\"sameAs\":[\"https:\/\/www.facebook.com\/DiscountLicensing\"]}]}<\/script>\n<!-- \/ Yoast SEO plugin. -->","yoast_head_json":{"title":"Office 2019 V Office 2016 - discount-licensing","robots":{"index":"index","follow":"follow","max-snippet":"max-snippet:-1","max-image-preview":"max-image-preview:large","max-video-preview":"max-video-preview:-1"},"canonical":"https:\/\/discount-licensing.com\/fr\/office-2019-v-office-2016\/","og_locale":"fr_FR","og_type":"article","og_title":"Office 2019 V Office 2016 - discount-licensing","og_description":"MICROSOFT OFFICE 2019 VS OFFICE 2016 If you\u2019re considering purchasing a Microsoft license but can\u2019t decide between Office 2019 and Office 2016, check out this free [\u2026]","og_url":"https:\/\/discount-licensing.com\/fr\/office-2019-v-office-2016\/","og_site_name":"discount-licensing","article_publisher":"https:\/\/www.facebook.com\/DiscountLicensing","article_modified_time":"2025-08-08T10:38:42+00:00","og_image":[{"width":497,"height":750,"url":"https:\/\/discount-licensing.com\/wp-content\/uploads\/2022\/09\/Microsoft-Office-2019-Vs-Office-2016-Mock-Up.jpg","type":"image\/jpeg"}],"twitter_card":"summary_large_image","twitter_misc":{"Dur\u00e9e de lecture estim\u00e9e":"1 minute"},"schema":{"@context":"https:\/\/schema.org","@graph":[{"@type":"WebPage","@id":"https:\/\/discount-licensing.com\/fr\/office-2019-v-office-2016\/","url":"https:\/\/discount-licensing.com\/fr\/office-2019-v-office-2016\/","name":"Office 2019 V Office 2016 - discount-licensing","isPartOf":{"@id":"https:\/\/discount-licensing.com\/fr\/#website"},"primaryImageOfPage":{"@id":"https:\/\/discount-licensing.com\/fr\/office-2019-v-office-2016\/#primaryimage"},"image":{"@id":"https:\/\/discount-licensing.com\/fr\/office-2019-v-office-2016\/#primaryimage"},"thumbnailUrl":"https:\/\/discount-licensing.com\/wp-content\/uploads\/2022\/09\/Microsoft-Office-2019-Vs-Office-2016-Mock-Up.jpg","datePublished":"2023-01-11T15:56:46+00:00","dateModified":"2025-08-08T10:38:42+00:00","breadcrumb":{"@id":"https:\/\/discount-licensing.com\/fr\/office-2019-v-office-2016\/#breadcrumb"},"inLanguage":"fr-FR","potentialAction":[{"@type":"ReadAction","target":["https:\/\/discount-licensing.com\/fr\/office-2019-v-office-2016\/"]}]},{"@type":"ImageObject","inLanguage":"fr-FR","@id":"https:\/\/discount-licensing.com\/fr\/office-2019-v-office-2016\/#primaryimage","url":"https:\/\/discount-licensing.com\/wp-content\/uploads\/2022\/09\/Microsoft-Office-2019-Vs-Office-2016-Mock-Up.jpg","contentUrl":"https:\/\/discount-licensing.com\/wp-content\/uploads\/2022\/09\/Microsoft-Office-2019-Vs-Office-2016-Mock-Up.jpg"},{"@type":"BreadcrumbList","@id":"https:\/\/discount-licensing.com\/fr\/office-2019-v-office-2016\/#breadcrumb","itemListElement":[{"@type":"ListItem","position":1,"name":"Home","item":"https:\/\/discount-licensing.com\/fr\/home\/"},{"@type":"ListItem","position":2,"name":"Office 2019 V Office 2016"}]},{"@type":"WebSite","@id":"https:\/\/discount-licensing.com\/fr\/#website","url":"https:\/\/discount-licensing.com\/fr\/","name":"discount-licensing","description":"We Sell Discounted Pre-owned Microsoft Volume Software Throughout Europe","publisher":{"@id":"https:\/\/discount-licensing.com\/fr\/#organization"},"potentialAction":[{"@type":"SearchAction","target":{"@type":"EntryPoint","urlTemplate":"https:\/\/discount-licensing.com\/fr\/?s={search_term_string}"},"query-input":{"@type":"PropertyValueSpecification","valueRequired":true,"valueName":"search_term_string"}}],"inLanguage":"fr-FR"},{"@type":"Organization","@id":"https:\/\/discount-licensing.com\/fr\/#organization","name":"discount-licensing","url":"https:\/\/discount-licensing.com\/fr\/","logo":{"@type":"ImageObject","inLanguage":"fr-FR","@id":"https:\/\/discount-licensing.com\/fr\/#\/schema\/logo\/image\/","url":"https:\/\/discount-licensing.com\/wp-content\/uploads\/2023\/09\/discount-licensing-1.jpg","contentUrl":"https:\/\/discount-licensing.com\/wp-content\/uploads\/2023\/09\/discount-licensing-1.jpg","width":800,"height":533,"caption":"discount-licensing"},"image":{"@id":"https:\/\/discount-licensing.com\/fr\/#\/schema\/logo\/image\/"},"sameAs":["https:\/\/www.facebook.com\/DiscountLicensing"]}]}},"_links":{"self":[{"href":"https:\/\/discount-licensing.com\/fr\/wp-json\/wp\/v2\/pages\/15842","targetHints":{"allow":["GET"]}}],"collection":[{"href":"https:\/\/discount-licensing.com\/fr\/wp-json\/wp\/v2\/pages"}],"about":[{"href":"https:\/\/discount-licensing.com\/fr\/wp-json\/wp\/v2\/types\/page"}],"author":[{"embeddable":true,"href":"https:\/\/discount-licensing.com\/fr\/wp-json\/wp\/v2\/users\/1"}],"replies":[{"embeddable":true,"href":"https:\/\/discount-licensing.com\/fr\/wp-json\/wp\/v2\/comments?post=15842"}],"version-history":[{"count":2,"href":"https:\/\/discount-licensing.com\/fr\/wp-json\/wp\/v2\/pages\/15842\/revisions"}],"predecessor-version":[{"id":25229,"href":"https:\/\/discount-licensing.com\/fr\/wp-json\/wp\/v2\/pages\/15842\/revisions\/25229"}],"wp:attachment":[{"href":"https:\/\/discount-licensing.com\/fr\/wp-json\/wp\/v2\/media?parent=15842"}],"curies":[{"name":"wp","href":"https:\/\/api.w.org\/{rel}","templated":true}]}}