{"id":11502,"date":"2019-03-11T12:45:31","date_gmt":"2019-03-11T12:45:31","guid":{"rendered":"https:\/\/wp.discount-licensing.com\/\/product\/microsoft-windows-10-professional-volume-upgrade\/"},"modified":"2023-05-30T13:47:31","modified_gmt":"2023-05-30T12:47:31","slug":"microsoft-windows-10-upgrades-professional","status":"publish","type":"product","link":"https:\/\/discount-licensing.com\/es\/producto\/microsoft-windows-10-upgrades-professional\/","title":{"rendered":"Microsoft Windows 10 Professional Volume Upgrade"},"content":{"rendered":"<p><strong>Description<\/strong><\/p>\n<p>Sistema operativo de sobremesa Microsoft Windows 10 Professional Volume Upgrade. Tenga en cuenta que las licencias de actualizaci\u00f3n por volumen requieren una licencia de base adecuada. Se incluyen los derechos de cambio a versiones anteriores.<\/p>\n<p>Todas nuestras licencias de software de segunda mano proceden de los programas Open, Select, Enterprise o MPSA de licencias perpetuas por volumen de Microsoft. Todas las licencias de software se someten a rigurosos controles para garantizar que cumplen plenamente la legislaci\u00f3n de la UE y el Reino Unido. Las licencias de software se venden a precios reducidos y se suministran con una pista de auditor\u00eda documentada completa para demostrar la propiedad legal en caso de una auditor\u00eda de proveedor\/SAM. Si desea m\u00e1s informaci\u00f3n, ll\u00e1menos al <a href=\"tel:+34934923499\">+34 934 923499<\/a> (UE) o al <a href=\"tel:+441283511524\">+44(0)1283 511524<\/a> (Reino Unido) o cons\u00faltenos en l\u00ednea hoy mismo.<\/p>\n<p><strong>Visi\u00f3n General \/ Caracter\u00edsticas<\/strong><\/p>\n<p>Tipo de Licencia: Licencia por Volumen Perpetua de Segunda Mano<br \/>\nV\u00e1lido para: Per\u00edodo ilimitado<br \/>\nM\u00e9todo de Instalaci\u00f3n:<br \/>\nArquitectura:<br \/>\nPlataforma del Sistema Operativo:<br \/>\nRequisitos del Sistema:<br \/>\nTipo de procesador m\u00edn: 1 GHz<br \/>\nTama\u00f1o m\u00ednimo de RAM: 1 GB<br \/>\nEspacio m\u00ednimo en disco duro: 16 GB<br \/>\n&#8211;<br \/>\n&#8211;<\/p>\n","protected":false},"excerpt":{"rendered":"<p>Description Sistema operativo de sobremesa Microsoft Windows 10 Professional Volume Upgrade. Tenga en cuenta que las licencias de actualizaci\u00f3n por volumen requieren una licencia de base<span class=\"excerpt-hellip\"> [\u2026]<\/span><\/p>\n","protected":false},"featured_media":6680,"template":"","meta":[],"product_brand":[],"product_cat":[395,412],"product_tag":[],"class_list":{"0":"post-11502","1":"product","2":"type-product","3":"status-publish","4":"has-post-thumbnail","6":"product_cat-microsoft-operating-systems-es","7":"product_cat-microsoft-windows-10-upgrades-es","9":"first","10":"instock","11":"shipping-taxable","12":"purchasable","13":"product-type-simple"},"yoast_head":"<!-- This site is optimized with the Yoast SEO plugin v27.1.1 - https:\/\/yoast.com\/product\/yoast-seo-wordpress\/ -->\n<title>Microsoft Windows 10 Professional Volume Upgrade - discount-licensing<\/title>\n<meta name=\"robots\" content=\"index, follow, max-snippet:-1, max-image-preview:large, max-video-preview:-1\" \/>\n<link rel=\"canonical\" href=\"https:\/\/discount-licensing.com\/es\/producto\/microsoft-windows-10-upgrades-professional\/\" \/>\n<meta property=\"og:locale\" content=\"es_ES\" \/>\n<meta property=\"og:type\" content=\"article\" \/>\n<meta property=\"og:title\" content=\"Microsoft Windows 10 Professional Volume Upgrade - discount-licensing\" \/>\n<meta property=\"og:description\" content=\"Description Sistema operativo de sobremesa Microsoft Windows 10 Professional Volume Upgrade. Tenga en cuenta que las licencias de actualizaci\u00f3n por volumen requieren una licencia de base [\u2026]\" \/>\n<meta property=\"og:url\" content=\"https:\/\/discount-licensing.com\/es\/producto\/microsoft-windows-10-upgrades-professional\/\" \/>\n<meta property=\"og:site_name\" content=\"discount-licensing\" \/>\n<meta property=\"article:publisher\" content=\"https:\/\/www.facebook.com\/DiscountLicensing\" \/>\n<meta property=\"article:modified_time\" content=\"2023-05-30T12:47:31+00:00\" \/>\n<meta property=\"og:image\" content=\"https:\/\/discount-licensing.com\/wp-content\/uploads\/2022\/09\/Microsoft-Windows-10-Professional-Volume-Upgrade.jpg\" \/>\n\t<meta property=\"og:image:width\" content=\"787\" \/>\n\t<meta property=\"og:image:height\" content=\"787\" \/>\n\t<meta property=\"og:image:type\" content=\"image\/jpeg\" \/>\n<meta name=\"twitter:card\" content=\"summary_large_image\" \/>\n<meta name=\"twitter:label1\" content=\"Tiempo de lectura\" \/>\n\t<meta name=\"twitter:data1\" content=\"1 minuto\" \/>\n<script type=\"application\/ld+json\" class=\"yoast-schema-graph\">{\"@context\":\"https:\/\/schema.org\",\"@graph\":[{\"@type\":\"WebPage\",\"@id\":\"https:\/\/discount-licensing.com\/es\/producto\/microsoft-windows-10-upgrades-professional\/\",\"url\":\"https:\/\/discount-licensing.com\/es\/producto\/microsoft-windows-10-upgrades-professional\/\",\"name\":\"Microsoft Windows 10 Professional Volume Upgrade - discount-licensing\",\"isPartOf\":{\"@id\":\"https:\/\/discount-licensing.com\/es\/#website\"},\"primaryImageOfPage\":{\"@id\":\"https:\/\/discount-licensing.com\/es\/producto\/microsoft-windows-10-upgrades-professional\/#primaryimage\"},\"image\":{\"@id\":\"https:\/\/discount-licensing.com\/es\/producto\/microsoft-windows-10-upgrades-professional\/#primaryimage\"},\"thumbnailUrl\":\"https:\/\/discount-licensing.com\/wp-content\/uploads\/2022\/09\/Microsoft-Windows-10-Professional-Volume-Upgrade.jpg\",\"datePublished\":\"2019-03-11T12:45:31+00:00\",\"dateModified\":\"2023-05-30T12:47:31+00:00\",\"breadcrumb\":{\"@id\":\"https:\/\/discount-licensing.com\/es\/producto\/microsoft-windows-10-upgrades-professional\/#breadcrumb\"},\"inLanguage\":\"es\",\"potentialAction\":[{\"@type\":\"ReadAction\",\"target\":[\"https:\/\/discount-licensing.com\/es\/producto\/microsoft-windows-10-upgrades-professional\/\"]}]},{\"@type\":\"ImageObject\",\"inLanguage\":\"es\",\"@id\":\"https:\/\/discount-licensing.com\/es\/producto\/microsoft-windows-10-upgrades-professional\/#primaryimage\",\"url\":\"https:\/\/discount-licensing.com\/wp-content\/uploads\/2022\/09\/Microsoft-Windows-10-Professional-Volume-Upgrade.jpg\",\"contentUrl\":\"https:\/\/discount-licensing.com\/wp-content\/uploads\/2022\/09\/Microsoft-Windows-10-Professional-Volume-Upgrade.jpg\",\"width\":787,\"height\":787},{\"@type\":\"BreadcrumbList\",\"@id\":\"https:\/\/discount-licensing.com\/es\/producto\/microsoft-windows-10-upgrades-professional\/#breadcrumb\",\"itemListElement\":[{\"@type\":\"ListItem\",\"position\":1,\"name\":\"Home\",\"item\":\"https:\/\/discount-licensing.com\/es\/home\/\"},{\"@type\":\"ListItem\",\"position\":2,\"name\":\"Shop\",\"item\":\"https:\/\/discount-licensing.com\/es\/shop\/\"},{\"@type\":\"ListItem\",\"position\":3,\"name\":\"Microsoft Windows 10 Professional Volume Upgrade\"}]},{\"@type\":\"WebSite\",\"@id\":\"https:\/\/discount-licensing.com\/es\/#website\",\"url\":\"https:\/\/discount-licensing.com\/es\/\",\"name\":\"discount-licensing\",\"description\":\"We Sell Discounted Pre-owned Microsoft Volume Software Throughout Europe\",\"publisher\":{\"@id\":\"https:\/\/discount-licensing.com\/es\/#organization\"},\"potentialAction\":[{\"@type\":\"SearchAction\",\"target\":{\"@type\":\"EntryPoint\",\"urlTemplate\":\"https:\/\/discount-licensing.com\/es\/?s={search_term_string}\"},\"query-input\":{\"@type\":\"PropertyValueSpecification\",\"valueRequired\":true,\"valueName\":\"search_term_string\"}}],\"inLanguage\":\"es\"},{\"@type\":\"Organization\",\"@id\":\"https:\/\/discount-licensing.com\/es\/#organization\",\"name\":\"discount-licensing\",\"url\":\"https:\/\/discount-licensing.com\/es\/\",\"logo\":{\"@type\":\"ImageObject\",\"inLanguage\":\"es\",\"@id\":\"https:\/\/discount-licensing.com\/es\/#\/schema\/logo\/image\/\",\"url\":\"https:\/\/discount-licensing.com\/wp-content\/uploads\/2023\/09\/discount-licensing-1.jpg\",\"contentUrl\":\"https:\/\/discount-licensing.com\/wp-content\/uploads\/2023\/09\/discount-licensing-1.jpg\",\"width\":800,\"height\":533,\"caption\":\"discount-licensing\"},\"image\":{\"@id\":\"https:\/\/discount-licensing.com\/es\/#\/schema\/logo\/image\/\"},\"sameAs\":[\"https:\/\/www.facebook.com\/DiscountLicensing\"]}]}<\/script>\n<!-- \/ Yoast SEO plugin. -->","yoast_head_json":{"title":"Microsoft Windows 10 Professional Volume Upgrade - discount-licensing","robots":{"index":"index","follow":"follow","max-snippet":"max-snippet:-1","max-image-preview":"max-image-preview:large","max-video-preview":"max-video-preview:-1"},"canonical":"https:\/\/discount-licensing.com\/es\/producto\/microsoft-windows-10-upgrades-professional\/","og_locale":"es_ES","og_type":"article","og_title":"Microsoft Windows 10 Professional Volume Upgrade - discount-licensing","og_description":"Description Sistema operativo de sobremesa Microsoft Windows 10 Professional Volume Upgrade. Tenga en cuenta que las licencias de actualizaci\u00f3n por volumen requieren una licencia de base [\u2026]","og_url":"https:\/\/discount-licensing.com\/es\/producto\/microsoft-windows-10-upgrades-professional\/","og_site_name":"discount-licensing","article_publisher":"https:\/\/www.facebook.com\/DiscountLicensing","article_modified_time":"2023-05-30T12:47:31+00:00","og_image":[{"width":787,"height":787,"url":"https:\/\/discount-licensing.com\/wp-content\/uploads\/2022\/09\/Microsoft-Windows-10-Professional-Volume-Upgrade.jpg","type":"image\/jpeg"}],"twitter_card":"summary_large_image","twitter_misc":{"Tiempo de lectura":"1 minuto"},"schema":{"@context":"https:\/\/schema.org","@graph":[{"@type":"WebPage","@id":"https:\/\/discount-licensing.com\/es\/producto\/microsoft-windows-10-upgrades-professional\/","url":"https:\/\/discount-licensing.com\/es\/producto\/microsoft-windows-10-upgrades-professional\/","name":"Microsoft Windows 10 Professional Volume Upgrade - discount-licensing","isPartOf":{"@id":"https:\/\/discount-licensing.com\/es\/#website"},"primaryImageOfPage":{"@id":"https:\/\/discount-licensing.com\/es\/producto\/microsoft-windows-10-upgrades-professional\/#primaryimage"},"image":{"@id":"https:\/\/discount-licensing.com\/es\/producto\/microsoft-windows-10-upgrades-professional\/#primaryimage"},"thumbnailUrl":"https:\/\/discount-licensing.com\/wp-content\/uploads\/2022\/09\/Microsoft-Windows-10-Professional-Volume-Upgrade.jpg","datePublished":"2019-03-11T12:45:31+00:00","dateModified":"2023-05-30T12:47:31+00:00","breadcrumb":{"@id":"https:\/\/discount-licensing.com\/es\/producto\/microsoft-windows-10-upgrades-professional\/#breadcrumb"},"inLanguage":"es","potentialAction":[{"@type":"ReadAction","target":["https:\/\/discount-licensing.com\/es\/producto\/microsoft-windows-10-upgrades-professional\/"]}]},{"@type":"ImageObject","inLanguage":"es","@id":"https:\/\/discount-licensing.com\/es\/producto\/microsoft-windows-10-upgrades-professional\/#primaryimage","url":"https:\/\/discount-licensing.com\/wp-content\/uploads\/2022\/09\/Microsoft-Windows-10-Professional-Volume-Upgrade.jpg","contentUrl":"https:\/\/discount-licensing.com\/wp-content\/uploads\/2022\/09\/Microsoft-Windows-10-Professional-Volume-Upgrade.jpg","width":787,"height":787},{"@type":"BreadcrumbList","@id":"https:\/\/discount-licensing.com\/es\/producto\/microsoft-windows-10-upgrades-professional\/#breadcrumb","itemListElement":[{"@type":"ListItem","position":1,"name":"Home","item":"https:\/\/discount-licensing.com\/es\/home\/"},{"@type":"ListItem","position":2,"name":"Shop","item":"https:\/\/discount-licensing.com\/es\/shop\/"},{"@type":"ListItem","position":3,"name":"Microsoft Windows 10 Professional Volume Upgrade"}]},{"@type":"WebSite","@id":"https:\/\/discount-licensing.com\/es\/#website","url":"https:\/\/discount-licensing.com\/es\/","name":"discount-licensing","description":"We Sell Discounted Pre-owned Microsoft Volume Software Throughout Europe","publisher":{"@id":"https:\/\/discount-licensing.com\/es\/#organization"},"potentialAction":[{"@type":"SearchAction","target":{"@type":"EntryPoint","urlTemplate":"https:\/\/discount-licensing.com\/es\/?s={search_term_string}"},"query-input":{"@type":"PropertyValueSpecification","valueRequired":true,"valueName":"search_term_string"}}],"inLanguage":"es"},{"@type":"Organization","@id":"https:\/\/discount-licensing.com\/es\/#organization","name":"discount-licensing","url":"https:\/\/discount-licensing.com\/es\/","logo":{"@type":"ImageObject","inLanguage":"es","@id":"https:\/\/discount-licensing.com\/es\/#\/schema\/logo\/image\/","url":"https:\/\/discount-licensing.com\/wp-content\/uploads\/2023\/09\/discount-licensing-1.jpg","contentUrl":"https:\/\/discount-licensing.com\/wp-content\/uploads\/2023\/09\/discount-licensing-1.jpg","width":800,"height":533,"caption":"discount-licensing"},"image":{"@id":"https:\/\/discount-licensing.com\/es\/#\/schema\/logo\/image\/"},"sameAs":["https:\/\/www.facebook.com\/DiscountLicensing"]}]}},"_links":{"self":[{"href":"https:\/\/discount-licensing.com\/es\/wp-json\/wp\/v2\/product\/11502","targetHints":{"allow":["GET"]}}],"collection":[{"href":"https:\/\/discount-licensing.com\/es\/wp-json\/wp\/v2\/product"}],"about":[{"href":"https:\/\/discount-licensing.com\/es\/wp-json\/wp\/v2\/types\/product"}],"version-history":[{"count":0,"href":"https:\/\/discount-licensing.com\/es\/wp-json\/wp\/v2\/product\/11502\/revisions"}],"wp:featuredmedia":[{"embeddable":true,"href":"https:\/\/discount-licensing.com\/es\/wp-json\/wp\/v2\/media\/6680"}],"wp:attachment":[{"href":"https:\/\/discount-licensing.com\/es\/wp-json\/wp\/v2\/media?parent=11502"}],"wp:term":[{"taxonomy":"product_brand","embeddable":true,"href":"https:\/\/discount-licensing.com\/es\/wp-json\/wp\/v2\/product_brand?post=11502"},{"taxonomy":"product_cat","embeddable":true,"href":"https:\/\/discount-licensing.com\/es\/wp-json\/wp\/v2\/product_cat?post=11502"},{"taxonomy":"product_tag","embeddable":true,"href":"https:\/\/discount-licensing.com\/es\/wp-json\/wp\/v2\/product_tag?post=11502"}],"curies":[{"name":"wp","href":"https:\/\/api.w.org\/{rel}","templated":true}]}}