{"id":10426,"date":"2019-03-11T16:17:16","date_gmt":"2019-03-11T16:17:16","guid":{"rendered":"https:\/\/wp.discount-licensing.com\/\/product\/core-cal-suite-2016-device\/"},"modified":"2023-05-31T20:31:47","modified_gmt":"2023-05-31T19:31:47","slug":"core-cal-suite-2016-device","status":"publish","type":"product","link":"https:\/\/discount-licensing.com\/es\/producto\/core-cal-suite-2016-device\/","title":{"rendered":"Core CAL Suite 2016 &#8211; Device"},"content":{"rendered":"<p><strong>Description<\/strong><\/p>\n<p>Una Core CAL Suite 2016 User es una licencia \u00fanica que proporciona derechos de uso equivalentes a varias licencias. La licencia incluye derechos de cambio a cualquier versi\u00f3n anterior. Core CAL Suite 2016 Device de Microsoft contiene las siguientes licencias equivalentes: Windows Server CAL 2016; SharePoint Server Standard CAL 2016; Exchange Server Standard CAL 2016; licencia de gesti\u00f3n de clientes de System Center Configuration Manager; licencia de gesti\u00f3n de clientes de System Center Endpoint Protection; Skype for Business Server Standard CAL.<\/p>\n<p>Todas nuestras licencias de software de segunda mano proceden de los programas Open, Select, Enterprise o MPSA de licencias perpetuas por volumen de Microsoft. Todas las licencias de software se someten a rigurosos controles para garantizar que cumplen plenamente la legislaci\u00f3n de la UE y el Reino Unido. Las licencias de software se venden a precios reducidos y se suministran con una pista de auditor\u00eda documentada completa para demostrar la propiedad legal en caso de una auditor\u00eda de proveedor\/SAM. Si desea m\u00e1s informaci\u00f3n, ll\u00e1menos al <a href=\"tel:+34934923499\">+34 934 923499<\/a> (UE) o al <a href=\"tel:+441283511524\">+44(0)1283 511524<\/a> (Reino Unido) o cons\u00faltenos en l\u00ednea hoy mismo.<\/p>\n<p><strong>Visi\u00f3n General \/ Caracter\u00edsticas<\/strong><\/p>\n<p>Tipo de Licencia: Licencia por Volumen Perpetua de Segunda Mano<br \/>\nV\u00e1lido para: Per\u00edodo ilimitado<br \/>\nM\u00e9todo de Instalaci\u00f3n:<br \/>\nArquitectura:<br \/>\nPlataforma del Sistema Operativo:<br \/>\nRequisitos del Sistema:<br \/>\nTipo de Procesador M\u00ednimo:<br \/>\nTama\u00f1o M\u00ednimo de RAM:<br \/>\nEspacio M\u00ednimo en Disco Duro:<br \/>\n&#8211;<\/p>\n","protected":false},"excerpt":{"rendered":"<p>Description Una Core CAL Suite 2016 User es una licencia \u00fanica que proporciona derechos de uso equivalentes a varias licencias. La licencia incluye derechos de cambio<span class=\"excerpt-hellip\"> [\u2026]<\/span><\/p>\n","protected":false},"featured_media":6844,"template":"","meta":[],"product_brand":[],"product_cat":[293,301,274,305],"product_tag":[],"class_list":{"0":"post-10426","1":"product","2":"type-product","3":"status-publish","4":"has-post-thumbnail","6":"product_cat-2016-versions-es-2","7":"product_cat-microsoft-core-cal-suite-es","8":"product_cat-server-es","9":"product_cat-suite-2016-es","11":"first","12":"instock","13":"shipping-taxable","14":"purchasable","15":"product-type-simple"},"yoast_head":"<!-- This site is optimized with the Yoast SEO plugin v27.1.1 - https:\/\/yoast.com\/product\/yoast-seo-wordpress\/ -->\n<title>Core CAL Suite 2016 - Device - discount-licensing<\/title>\n<meta name=\"robots\" content=\"index, follow, max-snippet:-1, max-image-preview:large, max-video-preview:-1\" \/>\n<link rel=\"canonical\" href=\"https:\/\/discount-licensing.com\/es\/producto\/core-cal-suite-2016-device\/\" \/>\n<meta property=\"og:locale\" content=\"es_ES\" \/>\n<meta property=\"og:type\" content=\"article\" \/>\n<meta property=\"og:title\" content=\"Core CAL Suite 2016 - Device - discount-licensing\" \/>\n<meta property=\"og:description\" content=\"Description Una Core CAL Suite 2016 User es una licencia \u00fanica que proporciona derechos de uso equivalentes a varias licencias. La licencia incluye derechos de cambio [\u2026]\" \/>\n<meta property=\"og:url\" content=\"https:\/\/discount-licensing.com\/es\/producto\/core-cal-suite-2016-device\/\" \/>\n<meta property=\"og:site_name\" content=\"discount-licensing\" \/>\n<meta property=\"article:modified_time\" content=\"2023-05-31T19:31:47+00:00\" \/>\n<meta property=\"og:image\" content=\"https:\/\/discount-licensing.com\/wp-content\/uploads\/2022\/09\/Core-CAL-Suite-2016-\u2013-Device.jpg\" \/>\n\t<meta property=\"og:image:width\" content=\"787\" \/>\n\t<meta property=\"og:image:height\" content=\"787\" \/>\n\t<meta property=\"og:image:type\" content=\"image\/jpeg\" \/>\n<meta name=\"twitter:card\" content=\"summary_large_image\" \/>\n<meta name=\"twitter:label1\" content=\"Tiempo de lectura\" \/>\n\t<meta name=\"twitter:data1\" content=\"1 minuto\" \/>\n<script type=\"application\/ld+json\" class=\"yoast-schema-graph\">{\"@context\":\"https:\/\/schema.org\",\"@graph\":[{\"@type\":\"WebPage\",\"@id\":\"https:\/\/discount-licensing.com\/es\/producto\/core-cal-suite-2016-device\/\",\"url\":\"https:\/\/discount-licensing.com\/es\/producto\/core-cal-suite-2016-device\/\",\"name\":\"Core CAL Suite 2016 - Device - discount-licensing\",\"isPartOf\":{\"@id\":\"https:\/\/discount-licensing.com\/es\/#website\"},\"primaryImageOfPage\":{\"@id\":\"https:\/\/discount-licensing.com\/es\/producto\/core-cal-suite-2016-device\/#primaryimage\"},\"image\":{\"@id\":\"https:\/\/discount-licensing.com\/es\/producto\/core-cal-suite-2016-device\/#primaryimage\"},\"thumbnailUrl\":\"https:\/\/discount-licensing.com\/wp-content\/uploads\/2022\/09\/Core-CAL-Suite-2016-\u2013-Device.jpg\",\"datePublished\":\"2019-03-11T16:17:16+00:00\",\"dateModified\":\"2023-05-31T19:31:47+00:00\",\"breadcrumb\":{\"@id\":\"https:\/\/discount-licensing.com\/es\/producto\/core-cal-suite-2016-device\/#breadcrumb\"},\"inLanguage\":\"es\",\"potentialAction\":[{\"@type\":\"ReadAction\",\"target\":[\"https:\/\/discount-licensing.com\/es\/producto\/core-cal-suite-2016-device\/\"]}]},{\"@type\":\"ImageObject\",\"inLanguage\":\"es\",\"@id\":\"https:\/\/discount-licensing.com\/es\/producto\/core-cal-suite-2016-device\/#primaryimage\",\"url\":\"https:\/\/discount-licensing.com\/wp-content\/uploads\/2022\/09\/Core-CAL-Suite-2016-\u2013-Device.jpg\",\"contentUrl\":\"https:\/\/discount-licensing.com\/wp-content\/uploads\/2022\/09\/Core-CAL-Suite-2016-\u2013-Device.jpg\",\"width\":787,\"height\":787},{\"@type\":\"BreadcrumbList\",\"@id\":\"https:\/\/discount-licensing.com\/es\/producto\/core-cal-suite-2016-device\/#breadcrumb\",\"itemListElement\":[{\"@type\":\"ListItem\",\"position\":1,\"name\":\"Home\",\"item\":\"https:\/\/discount-licensing.com\/es\/home\/\"},{\"@type\":\"ListItem\",\"position\":2,\"name\":\"Shop\",\"item\":\"https:\/\/discount-licensing.com\/es\/shop\/\"},{\"@type\":\"ListItem\",\"position\":3,\"name\":\"Core CAL Suite 2016 &#8211; Device\"}]},{\"@type\":\"WebSite\",\"@id\":\"https:\/\/discount-licensing.com\/es\/#website\",\"url\":\"https:\/\/discount-licensing.com\/es\/\",\"name\":\"discount-licensing\",\"description\":\"We Sell Discounted Pre-owned Microsoft Volume Software Throughout Europe\",\"potentialAction\":[{\"@type\":\"SearchAction\",\"target\":{\"@type\":\"EntryPoint\",\"urlTemplate\":\"https:\/\/discount-licensing.com\/es\/?s={search_term_string}\"},\"query-input\":{\"@type\":\"PropertyValueSpecification\",\"valueRequired\":true,\"valueName\":\"search_term_string\"}}],\"inLanguage\":\"es\"}]}<\/script>\n<!-- \/ Yoast SEO plugin. -->","yoast_head_json":{"title":"Core CAL Suite 2016 - Device - discount-licensing","robots":{"index":"index","follow":"follow","max-snippet":"max-snippet:-1","max-image-preview":"max-image-preview:large","max-video-preview":"max-video-preview:-1"},"canonical":"https:\/\/discount-licensing.com\/es\/producto\/core-cal-suite-2016-device\/","og_locale":"es_ES","og_type":"article","og_title":"Core CAL Suite 2016 - Device - discount-licensing","og_description":"Description Una Core CAL Suite 2016 User es una licencia \u00fanica que proporciona derechos de uso equivalentes a varias licencias. La licencia incluye derechos de cambio [\u2026]","og_url":"https:\/\/discount-licensing.com\/es\/producto\/core-cal-suite-2016-device\/","og_site_name":"discount-licensing","article_modified_time":"2023-05-31T19:31:47+00:00","og_image":[{"width":787,"height":787,"url":"https:\/\/discount-licensing.com\/wp-content\/uploads\/2022\/09\/Core-CAL-Suite-2016-\u2013-Device.jpg","type":"image\/jpeg"}],"twitter_card":"summary_large_image","twitter_misc":{"Tiempo de lectura":"1 minuto"},"schema":{"@context":"https:\/\/schema.org","@graph":[{"@type":"WebPage","@id":"https:\/\/discount-licensing.com\/es\/producto\/core-cal-suite-2016-device\/","url":"https:\/\/discount-licensing.com\/es\/producto\/core-cal-suite-2016-device\/","name":"Core CAL Suite 2016 - Device - discount-licensing","isPartOf":{"@id":"https:\/\/discount-licensing.com\/es\/#website"},"primaryImageOfPage":{"@id":"https:\/\/discount-licensing.com\/es\/producto\/core-cal-suite-2016-device\/#primaryimage"},"image":{"@id":"https:\/\/discount-licensing.com\/es\/producto\/core-cal-suite-2016-device\/#primaryimage"},"thumbnailUrl":"https:\/\/discount-licensing.com\/wp-content\/uploads\/2022\/09\/Core-CAL-Suite-2016-\u2013-Device.jpg","datePublished":"2019-03-11T16:17:16+00:00","dateModified":"2023-05-31T19:31:47+00:00","breadcrumb":{"@id":"https:\/\/discount-licensing.com\/es\/producto\/core-cal-suite-2016-device\/#breadcrumb"},"inLanguage":"es","potentialAction":[{"@type":"ReadAction","target":["https:\/\/discount-licensing.com\/es\/producto\/core-cal-suite-2016-device\/"]}]},{"@type":"ImageObject","inLanguage":"es","@id":"https:\/\/discount-licensing.com\/es\/producto\/core-cal-suite-2016-device\/#primaryimage","url":"https:\/\/discount-licensing.com\/wp-content\/uploads\/2022\/09\/Core-CAL-Suite-2016-\u2013-Device.jpg","contentUrl":"https:\/\/discount-licensing.com\/wp-content\/uploads\/2022\/09\/Core-CAL-Suite-2016-\u2013-Device.jpg","width":787,"height":787},{"@type":"BreadcrumbList","@id":"https:\/\/discount-licensing.com\/es\/producto\/core-cal-suite-2016-device\/#breadcrumb","itemListElement":[{"@type":"ListItem","position":1,"name":"Home","item":"https:\/\/discount-licensing.com\/es\/home\/"},{"@type":"ListItem","position":2,"name":"Shop","item":"https:\/\/discount-licensing.com\/es\/shop\/"},{"@type":"ListItem","position":3,"name":"Core CAL Suite 2016 &#8211; Device"}]},{"@type":"WebSite","@id":"https:\/\/discount-licensing.com\/es\/#website","url":"https:\/\/discount-licensing.com\/es\/","name":"discount-licensing","description":"We Sell Discounted Pre-owned Microsoft Volume Software Throughout Europe","potentialAction":[{"@type":"SearchAction","target":{"@type":"EntryPoint","urlTemplate":"https:\/\/discount-licensing.com\/es\/?s={search_term_string}"},"query-input":{"@type":"PropertyValueSpecification","valueRequired":true,"valueName":"search_term_string"}}],"inLanguage":"es"}]}},"_links":{"self":[{"href":"https:\/\/discount-licensing.com\/es\/wp-json\/wp\/v2\/product\/10426","targetHints":{"allow":["GET"]}}],"collection":[{"href":"https:\/\/discount-licensing.com\/es\/wp-json\/wp\/v2\/product"}],"about":[{"href":"https:\/\/discount-licensing.com\/es\/wp-json\/wp\/v2\/types\/product"}],"version-history":[{"count":0,"href":"https:\/\/discount-licensing.com\/es\/wp-json\/wp\/v2\/product\/10426\/revisions"}],"wp:featuredmedia":[{"embeddable":true,"href":"https:\/\/discount-licensing.com\/es\/wp-json\/wp\/v2\/media\/6844"}],"wp:attachment":[{"href":"https:\/\/discount-licensing.com\/es\/wp-json\/wp\/v2\/media?parent=10426"}],"wp:term":[{"taxonomy":"product_brand","embeddable":true,"href":"https:\/\/discount-licensing.com\/es\/wp-json\/wp\/v2\/product_brand?post=10426"},{"taxonomy":"product_cat","embeddable":true,"href":"https:\/\/discount-licensing.com\/es\/wp-json\/wp\/v2\/product_cat?post=10426"},{"taxonomy":"product_tag","embeddable":true,"href":"https:\/\/discount-licensing.com\/es\/wp-json\/wp\/v2\/product_tag?post=10426"}],"curies":[{"name":"wp","href":"https:\/\/api.w.org\/{rel}","templated":true}]}}