{"id":10272,"date":"2022-10-04T10:21:53","date_gmt":"2022-10-04T09:21:53","guid":{"rendered":"https:\/\/wp.discount-licensing.com\/\/product\/windows-server-2022-datacenter-16-core\/"},"modified":"2023-05-31T15:23:45","modified_gmt":"2023-05-31T14:23:45","slug":"windows-server-2022-datacenter-16-core","status":"publish","type":"product","link":"https:\/\/discount-licensing.com\/es\/producto\/windows-server-2022-datacenter-16-core\/","title":{"rendered":"Windows Server 2022 DataCenter (16 Core)"},"content":{"rendered":"<p><strong>Description<\/strong><\/p>\n<p>Windows Server 2022 DataCenter (16 N\u00facleos) es el sistema operativo de servidor de Microsoft, ideal para entornos altamente virtualizados. Licencia para hasta 16 n\u00facleos por servidor. Siempre que todos los n\u00facleos f\u00edsicos dispongan de licencia completa, la edici\u00f3n Datacenter permite un n\u00famero ilimitado de entornos de sistemas operativos (OSE) o contenedores Hyper-V. Se incluyen los derechos de cambio a versiones anteriores.<\/p>\n<p>Todas nuestras licencias de software de segunda mano proceden de los programas Open, Select, Enterprise o MPSA de licencias perpetuas por volumen de Microsoft. Todas las licencias de software se someten a rigurosos controles para garantizar que cumplen plenamente la legislaci\u00f3n de la UE y el Reino Unido. Las licencias de software se venden a precios reducidos y se suministran con una pista de auditor\u00eda documentada completa para demostrar la propiedad legal en caso de una auditor\u00eda de proveedor\/SAM. Si desea m\u00e1s informaci\u00f3n, ll\u00e1menos al <a href=\"tel:+34934923499\">+34 934 923499<\/a> (UE) o al <a href=\"tel:+441283511524\">+44(0)1283 511524<\/a> (Reino Unido) o cons\u00faltenos en l\u00ednea hoy mismo.<\/p>\n<p><strong>Visi\u00f3n General \/ Caracter\u00edsticas<\/strong><\/p>\n<p>Tipo de Licencia: Licencia por Volumen Perpetua de Segunda Mano<br \/>\nV\u00e1lido para: Per\u00edodo ilimitado<br \/>\nM\u00e9todo de Instalaci\u00f3n: MAK o KMS<br \/>\nArquitectura: 64 bit<br \/>\nPlataforma del Sistema Operativo:<br \/>\nRequisitos del Sistema:<br \/>\nTipo de Procesador M\u00ednimo:<br \/>\nTama\u00f1o M\u00ednimo de RAM:<br \/>\nEspacio M\u00ednimo en Disco Duro:<br \/>\n&#8211;<br \/>\n&#8211; <\/p>\n","protected":false},"excerpt":{"rendered":"<p>Description Windows Server 2022 DataCenter (16 N\u00facleos) es el sistema operativo de servidor de Microsoft, ideal para entornos altamente virtualizados. Licencia para hasta 16 n\u00facleos por<span class=\"excerpt-hellip\"> [\u2026]<\/span><\/p>\n","protected":false},"featured_media":7540,"template":"","meta":[],"product_brand":[],"product_cat":[275,274],"product_tag":[],"class_list":{"0":"post-10272","1":"product","2":"type-product","3":"status-publish","4":"has-post-thumbnail","6":"product_cat-2022-versions-es","7":"product_cat-server-es","9":"first","10":"instock","11":"shipping-taxable","12":"purchasable","13":"product-type-simple"},"yoast_head":"<!-- This site is optimized with the Yoast SEO plugin v27.1.1 - https:\/\/yoast.com\/product\/yoast-seo-wordpress\/ -->\n<title>Windows Server 2022 DataCenter (16 Core) - discount-licensing<\/title>\n<meta name=\"robots\" content=\"index, follow, max-snippet:-1, max-image-preview:large, max-video-preview:-1\" \/>\n<link rel=\"canonical\" href=\"https:\/\/discount-licensing.com\/es\/producto\/windows-server-2022-datacenter-16-core\/\" \/>\n<meta property=\"og:locale\" content=\"es_ES\" \/>\n<meta property=\"og:type\" content=\"article\" \/>\n<meta property=\"og:title\" content=\"Windows Server 2022 DataCenter (16 Core) - discount-licensing\" \/>\n<meta property=\"og:description\" content=\"Description Windows Server 2022 DataCenter (16 N\u00facleos) es el sistema operativo de servidor de Microsoft, ideal para entornos altamente virtualizados. Licencia para hasta 16 n\u00facleos por [\u2026]\" \/>\n<meta property=\"og:url\" content=\"https:\/\/discount-licensing.com\/es\/producto\/windows-server-2022-datacenter-16-core\/\" \/>\n<meta property=\"og:site_name\" content=\"discount-licensing\" \/>\n<meta property=\"article:modified_time\" content=\"2023-05-31T14:23:45+00:00\" \/>\n<meta property=\"og:image\" content=\"https:\/\/discount-licensing.com\/wp-content\/uploads\/2022\/10\/Windows-Server-2022-DataCenter-16-Core-600x600-1.jpg\" \/>\n\t<meta property=\"og:image:width\" content=\"600\" \/>\n\t<meta property=\"og:image:height\" content=\"600\" \/>\n\t<meta property=\"og:image:type\" content=\"image\/jpeg\" \/>\n<meta name=\"twitter:card\" content=\"summary_large_image\" \/>\n<meta name=\"twitter:label1\" content=\"Tiempo de lectura\" \/>\n\t<meta name=\"twitter:data1\" content=\"1 minuto\" \/>\n<script type=\"application\/ld+json\" class=\"yoast-schema-graph\">{\"@context\":\"https:\/\/schema.org\",\"@graph\":[{\"@type\":\"WebPage\",\"@id\":\"https:\/\/discount-licensing.com\/es\/producto\/windows-server-2022-datacenter-16-core\/\",\"url\":\"https:\/\/discount-licensing.com\/es\/producto\/windows-server-2022-datacenter-16-core\/\",\"name\":\"Windows Server 2022 DataCenter (16 Core) - discount-licensing\",\"isPartOf\":{\"@id\":\"https:\/\/discount-licensing.com\/es\/#website\"},\"primaryImageOfPage\":{\"@id\":\"https:\/\/discount-licensing.com\/es\/producto\/windows-server-2022-datacenter-16-core\/#primaryimage\"},\"image\":{\"@id\":\"https:\/\/discount-licensing.com\/es\/producto\/windows-server-2022-datacenter-16-core\/#primaryimage\"},\"thumbnailUrl\":\"https:\/\/discount-licensing.com\/wp-content\/uploads\/2022\/10\/Windows-Server-2022-DataCenter-16-Core-600x600-1.jpg\",\"datePublished\":\"2022-10-04T09:21:53+00:00\",\"dateModified\":\"2023-05-31T14:23:45+00:00\",\"breadcrumb\":{\"@id\":\"https:\/\/discount-licensing.com\/es\/producto\/windows-server-2022-datacenter-16-core\/#breadcrumb\"},\"inLanguage\":\"es\",\"potentialAction\":[{\"@type\":\"ReadAction\",\"target\":[\"https:\/\/discount-licensing.com\/es\/producto\/windows-server-2022-datacenter-16-core\/\"]}]},{\"@type\":\"ImageObject\",\"inLanguage\":\"es\",\"@id\":\"https:\/\/discount-licensing.com\/es\/producto\/windows-server-2022-datacenter-16-core\/#primaryimage\",\"url\":\"https:\/\/discount-licensing.com\/wp-content\/uploads\/2022\/10\/Windows-Server-2022-DataCenter-16-Core-600x600-1.jpg\",\"contentUrl\":\"https:\/\/discount-licensing.com\/wp-content\/uploads\/2022\/10\/Windows-Server-2022-DataCenter-16-Core-600x600-1.jpg\",\"width\":600,\"height\":600},{\"@type\":\"BreadcrumbList\",\"@id\":\"https:\/\/discount-licensing.com\/es\/producto\/windows-server-2022-datacenter-16-core\/#breadcrumb\",\"itemListElement\":[{\"@type\":\"ListItem\",\"position\":1,\"name\":\"Home\",\"item\":\"https:\/\/discount-licensing.com\/es\/home\/\"},{\"@type\":\"ListItem\",\"position\":2,\"name\":\"Shop\",\"item\":\"https:\/\/discount-licensing.com\/es\/shop\/\"},{\"@type\":\"ListItem\",\"position\":3,\"name\":\"Windows Server 2022 DataCenter (16 Core)\"}]},{\"@type\":\"WebSite\",\"@id\":\"https:\/\/discount-licensing.com\/es\/#website\",\"url\":\"https:\/\/discount-licensing.com\/es\/\",\"name\":\"discount-licensing\",\"description\":\"We Sell Discounted Pre-owned Microsoft Volume Software Throughout Europe\",\"potentialAction\":[{\"@type\":\"SearchAction\",\"target\":{\"@type\":\"EntryPoint\",\"urlTemplate\":\"https:\/\/discount-licensing.com\/es\/?s={search_term_string}\"},\"query-input\":{\"@type\":\"PropertyValueSpecification\",\"valueRequired\":true,\"valueName\":\"search_term_string\"}}],\"inLanguage\":\"es\"}]}<\/script>\n<!-- \/ Yoast SEO plugin. -->","yoast_head_json":{"title":"Windows Server 2022 DataCenter (16 Core) - discount-licensing","robots":{"index":"index","follow":"follow","max-snippet":"max-snippet:-1","max-image-preview":"max-image-preview:large","max-video-preview":"max-video-preview:-1"},"canonical":"https:\/\/discount-licensing.com\/es\/producto\/windows-server-2022-datacenter-16-core\/","og_locale":"es_ES","og_type":"article","og_title":"Windows Server 2022 DataCenter (16 Core) - discount-licensing","og_description":"Description Windows Server 2022 DataCenter (16 N\u00facleos) es el sistema operativo de servidor de Microsoft, ideal para entornos altamente virtualizados. Licencia para hasta 16 n\u00facleos por [\u2026]","og_url":"https:\/\/discount-licensing.com\/es\/producto\/windows-server-2022-datacenter-16-core\/","og_site_name":"discount-licensing","article_modified_time":"2023-05-31T14:23:45+00:00","og_image":[{"width":600,"height":600,"url":"https:\/\/discount-licensing.com\/wp-content\/uploads\/2022\/10\/Windows-Server-2022-DataCenter-16-Core-600x600-1.jpg","type":"image\/jpeg"}],"twitter_card":"summary_large_image","twitter_misc":{"Tiempo de lectura":"1 minuto"},"schema":{"@context":"https:\/\/schema.org","@graph":[{"@type":"WebPage","@id":"https:\/\/discount-licensing.com\/es\/producto\/windows-server-2022-datacenter-16-core\/","url":"https:\/\/discount-licensing.com\/es\/producto\/windows-server-2022-datacenter-16-core\/","name":"Windows Server 2022 DataCenter (16 Core) - discount-licensing","isPartOf":{"@id":"https:\/\/discount-licensing.com\/es\/#website"},"primaryImageOfPage":{"@id":"https:\/\/discount-licensing.com\/es\/producto\/windows-server-2022-datacenter-16-core\/#primaryimage"},"image":{"@id":"https:\/\/discount-licensing.com\/es\/producto\/windows-server-2022-datacenter-16-core\/#primaryimage"},"thumbnailUrl":"https:\/\/discount-licensing.com\/wp-content\/uploads\/2022\/10\/Windows-Server-2022-DataCenter-16-Core-600x600-1.jpg","datePublished":"2022-10-04T09:21:53+00:00","dateModified":"2023-05-31T14:23:45+00:00","breadcrumb":{"@id":"https:\/\/discount-licensing.com\/es\/producto\/windows-server-2022-datacenter-16-core\/#breadcrumb"},"inLanguage":"es","potentialAction":[{"@type":"ReadAction","target":["https:\/\/discount-licensing.com\/es\/producto\/windows-server-2022-datacenter-16-core\/"]}]},{"@type":"ImageObject","inLanguage":"es","@id":"https:\/\/discount-licensing.com\/es\/producto\/windows-server-2022-datacenter-16-core\/#primaryimage","url":"https:\/\/discount-licensing.com\/wp-content\/uploads\/2022\/10\/Windows-Server-2022-DataCenter-16-Core-600x600-1.jpg","contentUrl":"https:\/\/discount-licensing.com\/wp-content\/uploads\/2022\/10\/Windows-Server-2022-DataCenter-16-Core-600x600-1.jpg","width":600,"height":600},{"@type":"BreadcrumbList","@id":"https:\/\/discount-licensing.com\/es\/producto\/windows-server-2022-datacenter-16-core\/#breadcrumb","itemListElement":[{"@type":"ListItem","position":1,"name":"Home","item":"https:\/\/discount-licensing.com\/es\/home\/"},{"@type":"ListItem","position":2,"name":"Shop","item":"https:\/\/discount-licensing.com\/es\/shop\/"},{"@type":"ListItem","position":3,"name":"Windows Server 2022 DataCenter (16 Core)"}]},{"@type":"WebSite","@id":"https:\/\/discount-licensing.com\/es\/#website","url":"https:\/\/discount-licensing.com\/es\/","name":"discount-licensing","description":"We Sell Discounted Pre-owned Microsoft Volume Software Throughout Europe","potentialAction":[{"@type":"SearchAction","target":{"@type":"EntryPoint","urlTemplate":"https:\/\/discount-licensing.com\/es\/?s={search_term_string}"},"query-input":{"@type":"PropertyValueSpecification","valueRequired":true,"valueName":"search_term_string"}}],"inLanguage":"es"}]}},"_links":{"self":[{"href":"https:\/\/discount-licensing.com\/es\/wp-json\/wp\/v2\/product\/10272","targetHints":{"allow":["GET"]}}],"collection":[{"href":"https:\/\/discount-licensing.com\/es\/wp-json\/wp\/v2\/product"}],"about":[{"href":"https:\/\/discount-licensing.com\/es\/wp-json\/wp\/v2\/types\/product"}],"version-history":[{"count":0,"href":"https:\/\/discount-licensing.com\/es\/wp-json\/wp\/v2\/product\/10272\/revisions"}],"wp:featuredmedia":[{"embeddable":true,"href":"https:\/\/discount-licensing.com\/es\/wp-json\/wp\/v2\/media\/7540"}],"wp:attachment":[{"href":"https:\/\/discount-licensing.com\/es\/wp-json\/wp\/v2\/media?parent=10272"}],"wp:term":[{"taxonomy":"product_brand","embeddable":true,"href":"https:\/\/discount-licensing.com\/es\/wp-json\/wp\/v2\/product_brand?post=10272"},{"taxonomy":"product_cat","embeddable":true,"href":"https:\/\/discount-licensing.com\/es\/wp-json\/wp\/v2\/product_cat?post=10272"},{"taxonomy":"product_tag","embeddable":true,"href":"https:\/\/discount-licensing.com\/es\/wp-json\/wp\/v2\/product_tag?post=10272"}],"curies":[{"name":"wp","href":"https:\/\/api.w.org\/{rel}","templated":true}]}}