{"id":10172,"date":"2019-03-04T16:07:53","date_gmt":"2019-03-04T16:07:53","guid":{"rendered":"https:\/\/wp.discount-licensing.com\/\/product\/office-2016-professional-plus\/"},"modified":"2025-05-23T12:10:14","modified_gmt":"2025-05-23T11:10:14","slug":"microsoft-office-2016-professional-plus","status":"publish","type":"product","link":"https:\/\/discount-licensing.com\/es\/producto\/microsoft-office-2016-professional-plus\/","title":{"rendered":"Microsoft 365: Office 2016 Professional Plus"},"content":{"rendered":"<h5>*** <strong>Please Note: Minimum Order Quantity of 5 Licences***<\/strong><\/h5>\n<p><strong>Description<\/strong><\/p>\n<p>Microsoft Office 2016 Professional Plus es un conjunto de aplicaciones de escritorio que incluye Word, Excel, PowerPoint, OneNote, Outlook, Access y Publisher. Esta licencia de dispositivo es adecuada para uso comercial y en un entorno de servicios de terminal. SQL Server Enterprise Edition incluye servicios add-on adicionales y es ideal para aplicaciones con requisitos cr\u00edticos de rendimiento en memoria, seguridad y alta disponibilidad.<\/p>\n<p>Todas nuestras licencias de software de segunda mano proceden de los programas Open, Select, Enterprise o MPSA de licencias perpetuas por volumen de Microsoft. Todas las licencias de software se someten a rigurosos controles para garantizar que cumplen plenamente la legislaci\u00f3n de la UE y el Reino Unido. Las licencias de software se venden a precios reducidos y se suministran con una pista de auditor\u00eda documentada completa para demostrar la propiedad legal en caso de una auditor\u00eda de proveedor\/SAM. Si desea m\u00e1s informaci\u00f3n, ll\u00e1menos al <a href=\"tel:+34934923499\">+34 934 923499<\/a> (UE) o al <a href=\"tel:+441283511524\">+44(0)1283 511524<\/a> (Reino Unido) o cons\u00faltenos en l\u00ednea hoy mismo.<\/p>\n<p><strong>Visi\u00f3n General \/ Caracter\u00edsticas<\/strong><\/p>\n<p>Tipo de licencia: Volumen Perpetuo de segunda mano<br \/>\nV\u00e1lido para: Per\u00edodo ilimitado<br \/>\nM\u00e9todo de instalaci\u00f3n: ISO<br \/>\nArquitectura: 32\/64 bits<br \/>\nPlataforma del SO: Windows<br \/>\nRequisitos del sistema:<br \/>\nTipo m\u00ednimo de procesador:<br \/>\nTama\u00f1o m\u00ednimo de RAM:<br \/>\nEspacio m\u00ednimo en disco duro:<\/p>\n<p><strong>Microsoft Word<\/strong> &#8211; aproveche al m\u00e1ximo los numerosos dise\u00f1os de plantillas preinstaladas o comience desde cero. La amplia gama de herramientas de Word puede ayudarle a crear el documento perfecto.<\/p>\n<p><strong>Microsoft Excel<\/strong> &#8211; organice y analice datos con esta potente aplicaci\u00f3n de hoja de c\u00e1lculo. La amplia gama de funciones y caracter\u00edsticas incluye el rec\u00e1lculo inteligente de celdas, herramientas gr\u00e1ficas, tablas din\u00e1micas, autocompletado y programaci\u00f3n de macros.<\/p>\n<p><strong>Microsoft Publisher<\/strong> &#8211; cree f\u00e1cilmente dise\u00f1os profesionales y pulidos para folletos, prospectos y boletines informativos. Publique de la forma que mejor se adapte a su p\u00fablico.<\/p>\n<p><strong>Microsoft PowerPoint<\/strong> &#8211; cree presentaciones impactantes, configure su propio dise\u00f1o o elija una de las numerosas plantillas. Personalice los esquemas de color, a\u00f1ada animaciones, sonido o multimedia, importe gr\u00e1ficos, cuadros, tablas o im\u00e1genes.<\/p>\n<p><strong>Microsoft Outlook<\/strong> &#8211; lea y gestione sus correos electr\u00f3nicos con Microsoft Outlook. Planifique reuniones, comparta su calendario, fije recordatorios de tareas y establezca reglas de buz\u00f3n para que la aplicaci\u00f3n pueda ordenar autom\u00e1ticamente su correo electr\u00f3nico.<\/p>\n<p><strong>Microsoft Access<\/strong> \u2013 sistema de gesti\u00f3n de bases de datos que ayuda a almacenar, elaborar informes y analizar grandes cantidades de datos que una hoja de c\u00e1lculo est\u00e1ndar dif\u00edcilmente podr\u00eda manejar.<\/p>\n","protected":false},"excerpt":{"rendered":"<p>*** Please Note: Minimum Order Quantity of 5 Licences*** Description Microsoft Office 2016 Professional Plus es un conjunto de aplicaciones de escritorio que incluye Word, Excel,<span class=\"excerpt-hellip\"> [\u2026]<\/span><\/p>\n","protected":false},"featured_media":6480,"template":"","meta":[],"product_brand":[],"product_cat":[245,194,237,244],"product_tag":[],"class_list":{"0":"post-10172","1":"product","2":"type-product","3":"status-publish","4":"has-post-thumbnail","6":"product_cat-2016-versions-es","7":"product_cat-aplicaciones","8":"product_cat-microsoft-office-es","9":"product_cat-office-2016-es","11":"first","12":"instock","13":"shipping-taxable","14":"purchasable","15":"product-type-simple"},"yoast_head":"<!-- This site is optimized with the Yoast SEO plugin v27.1.1 - https:\/\/yoast.com\/product\/yoast-seo-wordpress\/ -->\n<title>Microsoft 365: Office 2016 Professional Plus - discount-licensing<\/title>\n<meta name=\"robots\" content=\"index, follow, max-snippet:-1, max-image-preview:large, max-video-preview:-1\" \/>\n<link rel=\"canonical\" href=\"https:\/\/discount-licensing.com\/es\/producto\/microsoft-office-2016-professional-plus\/\" \/>\n<meta property=\"og:locale\" content=\"es_ES\" \/>\n<meta property=\"og:type\" content=\"article\" \/>\n<meta property=\"og:title\" content=\"Microsoft 365: Office 2016 Professional Plus - discount-licensing\" \/>\n<meta property=\"og:description\" content=\"*** Please Note: Minimum Order Quantity of 5 Licences*** Description Microsoft Office 2016 Professional Plus es un conjunto de aplicaciones de escritorio que incluye Word, Excel, [\u2026]\" \/>\n<meta property=\"og:url\" content=\"https:\/\/discount-licensing.com\/es\/producto\/microsoft-office-2016-professional-plus\/\" \/>\n<meta property=\"og:site_name\" content=\"discount-licensing\" \/>\n<meta property=\"article:modified_time\" content=\"2025-05-23T11:10:14+00:00\" \/>\n<meta property=\"og:image\" content=\"https:\/\/discount-licensing.com\/wp-content\/uploads\/2022\/09\/Office-2016-Professional-Plus.jpg\" \/>\n\t<meta property=\"og:image:width\" content=\"787\" \/>\n\t<meta property=\"og:image:height\" content=\"787\" \/>\n\t<meta property=\"og:image:type\" content=\"image\/jpeg\" \/>\n<meta name=\"twitter:card\" content=\"summary_large_image\" \/>\n<meta name=\"twitter:label1\" content=\"Tiempo de lectura\" \/>\n\t<meta name=\"twitter:data1\" content=\"2 minutos\" \/>\n<script type=\"application\/ld+json\" class=\"yoast-schema-graph\">{\"@context\":\"https:\/\/schema.org\",\"@graph\":[{\"@type\":\"WebPage\",\"@id\":\"https:\/\/discount-licensing.com\/es\/producto\/microsoft-office-2016-professional-plus\/\",\"url\":\"https:\/\/discount-licensing.com\/es\/producto\/microsoft-office-2016-professional-plus\/\",\"name\":\"Microsoft 365: Office 2016 Professional Plus - discount-licensing\",\"isPartOf\":{\"@id\":\"https:\/\/discount-licensing.com\/es\/#website\"},\"primaryImageOfPage\":{\"@id\":\"https:\/\/discount-licensing.com\/es\/producto\/microsoft-office-2016-professional-plus\/#primaryimage\"},\"image\":{\"@id\":\"https:\/\/discount-licensing.com\/es\/producto\/microsoft-office-2016-professional-plus\/#primaryimage\"},\"thumbnailUrl\":\"https:\/\/discount-licensing.com\/wp-content\/uploads\/2022\/09\/Office-2016-Professional-Plus.jpg\",\"datePublished\":\"2019-03-04T16:07:53+00:00\",\"dateModified\":\"2025-05-23T11:10:14+00:00\",\"breadcrumb\":{\"@id\":\"https:\/\/discount-licensing.com\/es\/producto\/microsoft-office-2016-professional-plus\/#breadcrumb\"},\"inLanguage\":\"es\",\"potentialAction\":[{\"@type\":\"ReadAction\",\"target\":[\"https:\/\/discount-licensing.com\/es\/producto\/microsoft-office-2016-professional-plus\/\"]}]},{\"@type\":\"ImageObject\",\"inLanguage\":\"es\",\"@id\":\"https:\/\/discount-licensing.com\/es\/producto\/microsoft-office-2016-professional-plus\/#primaryimage\",\"url\":\"https:\/\/discount-licensing.com\/wp-content\/uploads\/2022\/09\/Office-2016-Professional-Plus.jpg\",\"contentUrl\":\"https:\/\/discount-licensing.com\/wp-content\/uploads\/2022\/09\/Office-2016-Professional-Plus.jpg\",\"width\":787,\"height\":787},{\"@type\":\"BreadcrumbList\",\"@id\":\"https:\/\/discount-licensing.com\/es\/producto\/microsoft-office-2016-professional-plus\/#breadcrumb\",\"itemListElement\":[{\"@type\":\"ListItem\",\"position\":1,\"name\":\"Home\",\"item\":\"https:\/\/discount-licensing.com\/es\/home\/\"},{\"@type\":\"ListItem\",\"position\":2,\"name\":\"Shop\",\"item\":\"https:\/\/discount-licensing.com\/es\/shop\/\"},{\"@type\":\"ListItem\",\"position\":3,\"name\":\"Microsoft 365: Office 2016 Professional Plus\"}]},{\"@type\":\"WebSite\",\"@id\":\"https:\/\/discount-licensing.com\/es\/#website\",\"url\":\"https:\/\/discount-licensing.com\/es\/\",\"name\":\"discount-licensing\",\"description\":\"We Sell Discounted Pre-owned Microsoft Volume Software Throughout Europe\",\"potentialAction\":[{\"@type\":\"SearchAction\",\"target\":{\"@type\":\"EntryPoint\",\"urlTemplate\":\"https:\/\/discount-licensing.com\/es\/?s={search_term_string}\"},\"query-input\":{\"@type\":\"PropertyValueSpecification\",\"valueRequired\":true,\"valueName\":\"search_term_string\"}}],\"inLanguage\":\"es\"}]}<\/script>\n<!-- \/ Yoast SEO plugin. -->","yoast_head_json":{"title":"Microsoft 365: Office 2016 Professional Plus - discount-licensing","robots":{"index":"index","follow":"follow","max-snippet":"max-snippet:-1","max-image-preview":"max-image-preview:large","max-video-preview":"max-video-preview:-1"},"canonical":"https:\/\/discount-licensing.com\/es\/producto\/microsoft-office-2016-professional-plus\/","og_locale":"es_ES","og_type":"article","og_title":"Microsoft 365: Office 2016 Professional Plus - discount-licensing","og_description":"*** Please Note: Minimum Order Quantity of 5 Licences*** Description Microsoft Office 2016 Professional Plus es un conjunto de aplicaciones de escritorio que incluye Word, Excel, [\u2026]","og_url":"https:\/\/discount-licensing.com\/es\/producto\/microsoft-office-2016-professional-plus\/","og_site_name":"discount-licensing","article_modified_time":"2025-05-23T11:10:14+00:00","og_image":[{"width":787,"height":787,"url":"https:\/\/discount-licensing.com\/wp-content\/uploads\/2022\/09\/Office-2016-Professional-Plus.jpg","type":"image\/jpeg"}],"twitter_card":"summary_large_image","twitter_misc":{"Tiempo de lectura":"2 minutos"},"schema":{"@context":"https:\/\/schema.org","@graph":[{"@type":"WebPage","@id":"https:\/\/discount-licensing.com\/es\/producto\/microsoft-office-2016-professional-plus\/","url":"https:\/\/discount-licensing.com\/es\/producto\/microsoft-office-2016-professional-plus\/","name":"Microsoft 365: Office 2016 Professional Plus - discount-licensing","isPartOf":{"@id":"https:\/\/discount-licensing.com\/es\/#website"},"primaryImageOfPage":{"@id":"https:\/\/discount-licensing.com\/es\/producto\/microsoft-office-2016-professional-plus\/#primaryimage"},"image":{"@id":"https:\/\/discount-licensing.com\/es\/producto\/microsoft-office-2016-professional-plus\/#primaryimage"},"thumbnailUrl":"https:\/\/discount-licensing.com\/wp-content\/uploads\/2022\/09\/Office-2016-Professional-Plus.jpg","datePublished":"2019-03-04T16:07:53+00:00","dateModified":"2025-05-23T11:10:14+00:00","breadcrumb":{"@id":"https:\/\/discount-licensing.com\/es\/producto\/microsoft-office-2016-professional-plus\/#breadcrumb"},"inLanguage":"es","potentialAction":[{"@type":"ReadAction","target":["https:\/\/discount-licensing.com\/es\/producto\/microsoft-office-2016-professional-plus\/"]}]},{"@type":"ImageObject","inLanguage":"es","@id":"https:\/\/discount-licensing.com\/es\/producto\/microsoft-office-2016-professional-plus\/#primaryimage","url":"https:\/\/discount-licensing.com\/wp-content\/uploads\/2022\/09\/Office-2016-Professional-Plus.jpg","contentUrl":"https:\/\/discount-licensing.com\/wp-content\/uploads\/2022\/09\/Office-2016-Professional-Plus.jpg","width":787,"height":787},{"@type":"BreadcrumbList","@id":"https:\/\/discount-licensing.com\/es\/producto\/microsoft-office-2016-professional-plus\/#breadcrumb","itemListElement":[{"@type":"ListItem","position":1,"name":"Home","item":"https:\/\/discount-licensing.com\/es\/home\/"},{"@type":"ListItem","position":2,"name":"Shop","item":"https:\/\/discount-licensing.com\/es\/shop\/"},{"@type":"ListItem","position":3,"name":"Microsoft 365: Office 2016 Professional Plus"}]},{"@type":"WebSite","@id":"https:\/\/discount-licensing.com\/es\/#website","url":"https:\/\/discount-licensing.com\/es\/","name":"discount-licensing","description":"We Sell Discounted Pre-owned Microsoft Volume Software Throughout Europe","potentialAction":[{"@type":"SearchAction","target":{"@type":"EntryPoint","urlTemplate":"https:\/\/discount-licensing.com\/es\/?s={search_term_string}"},"query-input":{"@type":"PropertyValueSpecification","valueRequired":true,"valueName":"search_term_string"}}],"inLanguage":"es"}]}},"_links":{"self":[{"href":"https:\/\/discount-licensing.com\/es\/wp-json\/wp\/v2\/product\/10172","targetHints":{"allow":["GET"]}}],"collection":[{"href":"https:\/\/discount-licensing.com\/es\/wp-json\/wp\/v2\/product"}],"about":[{"href":"https:\/\/discount-licensing.com\/es\/wp-json\/wp\/v2\/types\/product"}],"version-history":[{"count":2,"href":"https:\/\/discount-licensing.com\/es\/wp-json\/wp\/v2\/product\/10172\/revisions"}],"predecessor-version":[{"id":25016,"href":"https:\/\/discount-licensing.com\/es\/wp-json\/wp\/v2\/product\/10172\/revisions\/25016"}],"wp:featuredmedia":[{"embeddable":true,"href":"https:\/\/discount-licensing.com\/es\/wp-json\/wp\/v2\/media\/6480"}],"wp:attachment":[{"href":"https:\/\/discount-licensing.com\/es\/wp-json\/wp\/v2\/media?parent=10172"}],"wp:term":[{"taxonomy":"product_brand","embeddable":true,"href":"https:\/\/discount-licensing.com\/es\/wp-json\/wp\/v2\/product_brand?post=10172"},{"taxonomy":"product_cat","embeddable":true,"href":"https:\/\/discount-licensing.com\/es\/wp-json\/wp\/v2\/product_cat?post=10172"},{"taxonomy":"product_tag","embeddable":true,"href":"https:\/\/discount-licensing.com\/es\/wp-json\/wp\/v2\/product_tag?post=10172"}],"curies":[{"name":"wp","href":"https:\/\/api.w.org\/{rel}","templated":true}]}}