{"id":22775,"date":"2023-10-03T11:12:30","date_gmt":"2023-10-03T10:12:30","guid":{"rendered":"https:\/\/discount-licensing.com\/?page_id=22775"},"modified":"2025-08-08T11:52:17","modified_gmt":"2025-08-08T10:52:17","slug":"office-2019-v-cloud-perpetual-office-2021","status":"publish","type":"page","link":"https:\/\/discount-licensing.com\/es\/office-2019-v-cloud-perpetual-office-2021\/","title":{"rendered":"Office 2019 Vs Office en la Nube \/ Perpetuo 2021"},"content":{"rendered":"\t\t<div data-elementor-type=\"wp-page\" data-elementor-id=\"22775\" class=\"elementor elementor-22775 elementor-22773\">\n\t\t\t\t\t\t<section class=\"elementor-section elementor-top-section elementor-element elementor-element-774c3b3 elementor-section-full_width elementor-section-stretched elementor-section-height-default elementor-section-height-default\" data-id=\"774c3b3\" data-element_type=\"section\" data-e-type=\"section\" data-settings=\"{&quot;stretch_section&quot;:&quot;section-stretched&quot;,&quot;background_background&quot;:&quot;classic&quot;}\">\n\t\t\t\t\t\t<div class=\"elementor-container elementor-column-gap-default\">\n\t\t\t\t\t<div class=\"elementor-column elementor-col-100 elementor-top-column elementor-element elementor-element-8e63682\" data-id=\"8e63682\" data-element_type=\"column\" data-e-type=\"column\">\n\t\t\t<div class=\"elementor-widget-wrap elementor-element-populated\">\n\t\t\t\t\t\t<div class=\"elementor-element elementor-element-c7e43c7 elementor-widget elementor-widget-text-editor\" data-id=\"c7e43c7\" data-element_type=\"widget\" data-e-type=\"widget\" data-widget_type=\"text-editor.default\">\n\t\t\t\t<div class=\"elementor-widget-container\">\n\t\t\t\t\t\t\t\t\t<h1 style=\"font-style: normal; font-variant-ligatures: normal; font-variant-caps: normal; letter-spacing: normal; color: #326786;\">OFFICE 2019 V NUBE \/ OFFICE PERPETUO (2021)<\/h1>\t\t\t\t\t\t\t\t<\/div>\n\t\t\t\t<\/div>\n\t\t\t\t\t<\/div>\n\t\t<\/div>\n\t\t\t\t\t<\/div>\n\t\t<\/section>\n\t\t\t\t<section class=\"elementor-section elementor-top-section elementor-element elementor-element-6de7e87 elementor-section-full_width elementor-section-height-default elementor-section-height-default\" data-id=\"6de7e87\" data-element_type=\"section\" data-e-type=\"section\">\n\t\t\t\t\t\t<div class=\"elementor-container elementor-column-gap-default\">\n\t\t\t\t\t<div class=\"elementor-column elementor-col-33 elementor-top-column elementor-element elementor-element-61430a5\" data-id=\"61430a5\" data-element_type=\"column\" data-e-type=\"column\">\n\t\t\t<div class=\"elementor-widget-wrap elementor-element-populated\">\n\t\t\t\t\t\t<div class=\"elementor-element elementor-element-82c3712 elementor-widget elementor-widget-image\" data-id=\"82c3712\" data-element_type=\"widget\" data-e-type=\"widget\" data-widget_type=\"image.default\">\n\t\t\t\t<div class=\"elementor-widget-container\">\n\t\t\t\t\t\t\t\t\t\t\t\t\t\t\t<img fetchpriority=\"high\" decoding=\"async\" width=\"497\" height=\"750\" src=\"https:\/\/discount-licensing.com\/wp-content\/uploads\/2024\/06\/microsoft-office-cloud-v-perpetual-office-2019-2021.jpg\" class=\"attachment-large size-large wp-image-24266\" alt=\"\" srcset=\"https:\/\/discount-licensing.com\/wp-content\/uploads\/2024\/06\/microsoft-office-cloud-v-perpetual-office-2019-2021.jpg 497w, https:\/\/discount-licensing.com\/wp-content\/uploads\/2024\/06\/microsoft-office-cloud-v-perpetual-office-2019-2021-199x300.jpg 199w, https:\/\/discount-licensing.com\/wp-content\/uploads\/2024\/06\/microsoft-office-cloud-v-perpetual-office-2019-2021-50x75.jpg 50w, https:\/\/discount-licensing.com\/wp-content\/uploads\/2024\/06\/microsoft-office-cloud-v-perpetual-office-2019-2021-480x724.jpg 480w\" sizes=\"(max-width:767px) 480px, 497px\" \/>\t\t\t\t\t\t\t\t\t\t\t\t\t\t\t<\/div>\n\t\t\t\t<\/div>\n\t\t\t\t\t<\/div>\n\t\t<\/div>\n\t\t\t\t<div class=\"elementor-column elementor-col-33 elementor-top-column elementor-element elementor-element-944df1c\" data-id=\"944df1c\" data-element_type=\"column\" data-e-type=\"column\">\n\t\t\t<div class=\"elementor-widget-wrap elementor-element-populated\">\n\t\t\t\t\t\t<div class=\"elementor-element elementor-element-06cecd6 elementor-widget__width-initial elementor-widget elementor-widget-text-editor\" data-id=\"06cecd6\" data-element_type=\"widget\" data-e-type=\"widget\" data-widget_type=\"text-editor.default\">\n\t\t\t\t<div class=\"elementor-widget-container\">\n\t\t\t\t\t\t\t\t\t<p>Es razonable afirmar que todos nos hemos dejado seducir por la \u00faltima versi\u00f3n de un producto tecnol\u00f3gico y hemos acabado pagando por funciones que no utiliz\u00e1bamos (s\u00e9 que mi port\u00e1til y mi tel\u00e9fono tienen muchas m\u00e1s funciones de las que jam\u00e1s necesitar\u00e9).<\/p><p>Esto es comparable al software, especialmente las nuevas versiones del paquete Microsoft Office. Este software ofrece una potente gama de herramientas para el cliente, como procesamiento de textos, hojas de c\u00e1lculo, correo electr\u00f3nico, gesti\u00f3n de calendarios y autoedici\u00f3n.<\/p><p>We\u2019ll email you your copy once your request has been verified.<\/p>\t\t\t\t\t\t\t\t<\/div>\n\t\t\t\t<\/div>\n\t\t\t\t\t<\/div>\n\t\t<\/div>\n\t\t\t\t<div class=\"elementor-column elementor-col-33 elementor-top-column elementor-element elementor-element-57245e3\" data-id=\"57245e3\" data-element_type=\"column\" data-e-type=\"column\">\n\t\t\t<div class=\"elementor-widget-wrap elementor-element-populated\">\n\t\t\t\t\t\t<div class=\"elementor-element elementor-element-7b9cc64 elementor-widget__width-initial elementor-widget elementor-widget-text-editor\" data-id=\"7b9cc64\" data-element_type=\"widget\" data-e-type=\"widget\" data-widget_type=\"text-editor.default\">\n\t\t\t\t<div class=\"elementor-widget-container\">\n\t\t\t\t\t\t\t\t\t<h2>Request Your Free Copy<\/h2>\n\n<div class=\"wpcf7 no-js\" id=\"wpcf7-f22812-o1\" lang=\"es-ES\" dir=\"ltr\" data-wpcf7-id=\"22812\">\n<div class=\"screen-reader-response\"><p role=\"status\" aria-live=\"polite\" aria-atomic=\"true\"><\/p> <ul><\/ul><\/div>\n<form action=\"\/es\/wp-json\/wp\/v2\/pages\/22775#wpcf7-f22812-o1\" method=\"post\" class=\"wpcf7-form init\" aria-label=\"Formulario de contacto\" novalidate=\"novalidate\" data-status=\"init\">\n<fieldset class=\"hidden-fields-container\"><input type=\"hidden\" name=\"_wpcf7\" value=\"22812\" \/><input type=\"hidden\" name=\"_wpcf7_version\" value=\"6.1.5\" \/><input type=\"hidden\" name=\"_wpcf7_locale\" value=\"es_ES\" \/><input type=\"hidden\" name=\"_wpcf7_unit_tag\" value=\"wpcf7-f22812-o1\" \/><input type=\"hidden\" name=\"_wpcf7_container_post\" value=\"0\" \/><input type=\"hidden\" name=\"_wpcf7_posted_data_hash\" value=\"\" \/><input type=\"hidden\" name=\"_wpcf7_recaptcha_response\" value=\"\" \/>\n<\/fieldset>\n<div class=\"column one\">\n\t<p><span class=\"wpcf7-form-control-wrap\" data-name=\"your-name\"><input size=\"40\" maxlength=\"400\" class=\"wpcf7-form-control wpcf7-text wpcf7-validates-as-required\" aria-required=\"true\" aria-invalid=\"false\" placeholder=\"Nombre*\" value=\"\" type=\"text\" name=\"your-name\" \/><\/span>\n\t<\/p>\n<\/div>\n<div class=\"column one\">\n\t<p><span class=\"wpcf7-form-control-wrap\" data-name=\"your-email\"><input size=\"40\" maxlength=\"400\" class=\"wpcf7-form-control wpcf7-email wpcf7-validates-as-required wpcf7-text wpcf7-validates-as-email\" aria-required=\"true\" aria-invalid=\"false\" placeholder=\"Email*\" value=\"\" type=\"email\" name=\"your-email\" \/><\/span>\n\t<\/p>\n<\/div>\n<div class=\"column one\">\n\t<p><input class=\"wpcf7-form-control wpcf7-submit has-spinner button_full_width\" type=\"submit\" value=\"Submit\" \/>\n\t<\/p>\n<\/div><div class=\"wpcf7-response-output\" aria-hidden=\"true\"><\/div>\n<\/form>\n<\/div>\n\n<p style=\"font-size: 12px; line-height: 20px;\">Discount-Licensing necesita la informaci\u00f3n de contacto que nos proporciona para poder comunicarnos con usted sobre su presupuesto, nuestros productos y servicios en el futuro. Puede darse de baja de estas comunicaciones en cualquier momento. For information on how to unsubscribe, as well as our privacy practices and commitment to protecting your privacy, check out our Privacy Policy.<\/p>\t\t\t\t\t\t\t\t<\/div>\n\t\t\t\t<\/div>\n\t\t\t\t\t<\/div>\n\t\t<\/div>\n\t\t\t\t\t<\/div>\n\t\t<\/section>\n\t\t\t\t<section class=\"elementor-section elementor-top-section elementor-element elementor-element-6ea79a1 elementor-section-boxed elementor-section-height-default elementor-section-height-default\" data-id=\"6ea79a1\" data-element_type=\"section\" data-e-type=\"section\">\n\t\t\t\t\t\t<div class=\"elementor-container elementor-column-gap-default\">\n\t\t\t\t\t<div class=\"elementor-column elementor-col-100 elementor-top-column elementor-element elementor-element-231ff96\" data-id=\"231ff96\" data-element_type=\"column\" data-e-type=\"column\">\n\t\t\t<div class=\"elementor-widget-wrap\">\n\t\t\t\t\t\t\t<\/div>\n\t\t<\/div>\n\t\t\t\t\t<\/div>\n\t\t<\/section>\n\t\t\t\t<section class=\"elementor-section elementor-top-section elementor-element elementor-element-9e82652 elementor-section-stretched elementor-section-full_width elementor-section-height-default elementor-section-height-default\" data-id=\"9e82652\" data-element_type=\"section\" data-e-type=\"section\" data-settings=\"{&quot;stretch_section&quot;:&quot;section-stretched&quot;,&quot;background_background&quot;:&quot;classic&quot;}\">\n\t\t\t\t\t\t<div class=\"elementor-container elementor-column-gap-wider\">\n\t\t\t\t\t<div class=\"elementor-column elementor-col-100 elementor-top-column elementor-element elementor-element-a2e8075\" data-id=\"a2e8075\" data-element_type=\"column\" data-e-type=\"column\">\n\t\t\t<div class=\"elementor-widget-wrap elementor-element-populated\">\n\t\t\t\t\t\t<section class=\"elementor-section elementor-inner-section elementor-element elementor-element-70798e9 elementor-section-boxed elementor-section-height-default elementor-section-height-default\" data-id=\"70798e9\" data-element_type=\"section\" data-e-type=\"section\">\n\t\t\t\t\t\t<div class=\"elementor-container elementor-column-gap-default\">\n\t\t\t\t\t<div class=\"elementor-column elementor-col-20 elementor-inner-column elementor-element elementor-element-bac81ed\" data-id=\"bac81ed\" data-element_type=\"column\" data-e-type=\"column\" data-settings=\"{&quot;background_background&quot;:&quot;classic&quot;}\">\n\t\t\t<div class=\"elementor-widget-wrap elementor-element-populated\">\n\t\t\t\t\t\t<div class=\"elementor-element elementor-element-393ab5e elementor-widget elementor-widget-text-editor\" data-id=\"393ab5e\" data-element_type=\"widget\" data-e-type=\"widget\" data-widget_type=\"text-editor.default\">\n\t\t\t\t<div class=\"elementor-widget-container\">\n\t\t\t\t\t\t\t\t\t<h5 style=\"color: #ffffff;\"><a style=\"color: #ffffff;\" href=\"https:\/\/discount-licensing.com\/es\/aplicaciones-2\/\">APLICACIONES<\/a><\/h5><p><a style=\"color: #ffffff;\" href=\"https:\/\/discount-licensing.com\/es\/microsoft-office\/\">Microsoft Office<\/a><br><a style=\"background-color: rgba(255, 255, 255, 0); letter-spacing: 0px; color: #ffffff;\" href=\"https:\/\/discount-licensing.com\/es\/microsoft-project\/\">Microsoft Project<\/a><br><a style=\"background-color: rgba(255, 255, 255, 0); letter-spacing: 0px; color: #ffffff;\" href=\"https:\/\/discount-licensing.com\/es\/microsoft-visual-studio\/\">Microsoft Visual Studio<\/a><br><a style=\"background-color: rgba(255, 255, 255, 0); letter-spacing: 0px; color: #ffffff;\" href=\"https:\/\/discount-licensing.com\/es\/microsoft-visio\/\">Microsoft Visio<\/a><\/p>\t\t\t\t\t\t\t\t<\/div>\n\t\t\t\t<\/div>\n\t\t\t\t\t<\/div>\n\t\t<\/div>\n\t\t\t\t<div class=\"elementor-column elementor-col-20 elementor-inner-column elementor-element elementor-element-e1e6b2c\" data-id=\"e1e6b2c\" data-element_type=\"column\" data-e-type=\"column\" data-settings=\"{&quot;background_background&quot;:&quot;classic&quot;}\">\n\t\t\t<div class=\"elementor-widget-wrap elementor-element-populated\">\n\t\t\t\t\t\t<div class=\"elementor-element elementor-element-8edd38a elementor-widget elementor-widget-text-editor\" data-id=\"8edd38a\" data-element_type=\"widget\" data-e-type=\"widget\" data-widget_type=\"text-editor.default\">\n\t\t\t\t<div class=\"elementor-widget-container\">\n\t\t\t\t\t\t\t\t\t<h5 style=\"color: #ffffff;\"><a style=\"color: #ffffff;\" href=\"https:\/\/discount-licensing.com\/es\/server\/\">SERVER<\/a><\/h5>\n<p><a style=\"color: #ffffff;\" href=\"https:\/\/discount-licensing.com\/es\/windows-server\/\">Servidor Windows<\/a><br><a style=\"color: #ffffff;\" href=\"https:\/\/discount-licensing.com\/es\/core-cal-suite\/\">Core CAL Suite<\/a><br><a style=\"color: #ffffff;\" href=\"https:\/\/discount-licensing.com\/es\/remote-desktop-services\/\">Servicios de Escritorio Remoto<\/a><br><a style=\"color: #ffffff;\" href=\"https:\/\/discount-licensing.com\/es\/exchange-server\/\">Servidor Exchange<\/a><br><a style=\"color: #ffffff;\" href=\"https:\/\/discount-licensing.com\/es\/sql-server\/\">Servidor SQL<\/a><\/p>\t\t\t\t\t\t\t\t<\/div>\n\t\t\t\t<\/div>\n\t\t\t\t\t<\/div>\n\t\t<\/div>\n\t\t\t\t<div class=\"elementor-column elementor-col-20 elementor-inner-column elementor-element elementor-element-284f648\" data-id=\"284f648\" data-element_type=\"column\" data-e-type=\"column\" data-settings=\"{&quot;background_background&quot;:&quot;classic&quot;}\">\n\t\t\t<div class=\"elementor-widget-wrap elementor-element-populated\">\n\t\t\t\t\t\t<div class=\"elementor-element elementor-element-2181f10 elementor-widget elementor-widget-text-editor\" data-id=\"2181f10\" data-element_type=\"widget\" data-e-type=\"widget\" data-widget_type=\"text-editor.default\">\n\t\t\t\t<div class=\"elementor-widget-container\">\n\t\t\t\t\t\t\t\t\t<h5 style=\"color: #ffffff;\"><a style=\"color: #ffffff;\" href=\"https:\/\/discount-licensing.com\/es\/server\/\">SERVER<\/a><\/h5><p><a style=\"color: #ffffff;\" href=\"https:\/\/discount-licensing.com\/es\/sharepoint-server\/\">Servidor Sharepoint<\/a><br><a style=\"color: #ffffff;\" href=\"https:\/\/discount-licensing.com\/es\/system-center\/\">Centro de sistemas<\/a><br><a style=\"color: #ffffff;\" href=\"https:\/\/discount-licensing.com\/es\/dynamics-crm-server\/\">Servidor Dynamics CRM<\/a><br><a style=\"color: #ffffff;\" href=\"https:\/\/discount-licensing.com\/es\/skype\/\">Skype<\/a><\/p>\t\t\t\t\t\t\t\t<\/div>\n\t\t\t\t<\/div>\n\t\t\t\t\t<\/div>\n\t\t<\/div>\n\t\t\t\t<div class=\"elementor-column elementor-col-20 elementor-inner-column elementor-element elementor-element-c9b6538\" data-id=\"c9b6538\" data-element_type=\"column\" data-e-type=\"column\" data-settings=\"{&quot;background_background&quot;:&quot;classic&quot;}\">\n\t\t\t<div class=\"elementor-widget-wrap elementor-element-populated\">\n\t\t\t\t\t\t<div class=\"elementor-element elementor-element-29e0898 elementor-widget elementor-widget-text-editor\" data-id=\"29e0898\" data-element_type=\"widget\" data-e-type=\"widget\" data-widget_type=\"text-editor.default\">\n\t\t\t\t<div class=\"elementor-widget-container\">\n\t\t\t\t\t\t\t\t\t<h6 style=\"color: #ffffff;\"><a style=\"color: #ffffff;\" href=\"https:\/\/discount-licensing.com\/es\/sistema-operativo\/\">SISTEMA OPERATIVO<\/a><\/h6><p><a style=\"color: #ffffff;\" href=\"https:\/\/discount-licensing.com\/es\/windows-enterprise\/\">Windows Enterprise\/Professional<\/a><\/p>\t\t\t\t\t\t\t\t<\/div>\n\t\t\t\t<\/div>\n\t\t\t\t\t<\/div>\n\t\t<\/div>\n\t\t\t\t<div class=\"elementor-column elementor-col-20 elementor-inner-column elementor-element elementor-element-c2e0ee4\" data-id=\"c2e0ee4\" data-element_type=\"column\" data-e-type=\"column\" data-settings=\"{&quot;background_background&quot;:&quot;classic&quot;}\">\n\t\t\t<div class=\"elementor-widget-wrap elementor-element-populated\">\n\t\t\t\t\t\t<div class=\"elementor-element elementor-element-5bf9c96 elementor-widget elementor-widget-text-editor\" data-id=\"5bf9c96\" data-element_type=\"widget\" data-e-type=\"widget\" data-widget_type=\"text-editor.default\">\n\t\t\t\t<div class=\"elementor-widget-container\">\n\t\t\t\t\t\t\t\t\t<h6 style=\"color: #ffffff;\"><a style=\"color: #ffffff;\" href=\"https:\/\/discount-licensing.com\/es\/licencias-antiguas\/\">LICENCIAS ANTIGUAS<\/a><\/h6>\n<a style=\"color: #ffffff;\" href=\"https:\/\/discount-licensing.com\/es\/licencias-antiguas\/\">Versiones Anteriores<\/a>\t\t\t\t\t\t\t\t<\/div>\n\t\t\t\t<\/div>\n\t\t\t\t\t<\/div>\n\t\t<\/div>\n\t\t\t\t\t<\/div>\n\t\t<\/section>\n\t\t\t\t\t<\/div>\n\t\t<\/div>\n\t\t\t\t\t<\/div>\n\t\t<\/section>\n\t\t\t\t<\/div>\n\t\t","protected":false},"excerpt":{"rendered":"<p>OFFICE 2019 V NUBE \/ OFFICE PERPETUO (2021) Es razonable afirmar que todos nos hemos dejado seducir por la \u00faltima versi\u00f3n de un producto tecnol\u00f3gico y<span class=\"excerpt-hellip\"> [\u2026]<\/span><\/p>\n","protected":false},"author":1,"featured_media":0,"parent":0,"menu_order":0,"comment_status":"closed","ping_status":"closed","template":"","meta":{"footnotes":""},"class_list":["post-22775","page","type-page","status-publish","hentry"],"yoast_head":"<!-- This site is optimized with the Yoast SEO plugin v27.1.1 - https:\/\/yoast.com\/product\/yoast-seo-wordpress\/ -->\n<title>Office 2019 Vs Office en la Nube \/ Perpetuo 2021 - discount-licensing<\/title>\n<meta name=\"robots\" content=\"index, follow, max-snippet:-1, max-image-preview:large, max-video-preview:-1\" \/>\n<link rel=\"canonical\" href=\"https:\/\/discount-licensing.com\/es\/office-2019-v-cloud-perpetual-office-2021\/\" \/>\n<meta property=\"og:locale\" content=\"es_ES\" \/>\n<meta property=\"og:type\" content=\"article\" \/>\n<meta property=\"og:title\" content=\"Office 2019 Vs Office en la Nube \/ Perpetuo 2021 - discount-licensing\" \/>\n<meta property=\"og:description\" content=\"OFFICE 2019 V NUBE \/ OFFICE PERPETUO (2021) Es razonable afirmar que todos nos hemos dejado seducir por la \u00faltima versi\u00f3n de un producto tecnol\u00f3gico y [\u2026]\" \/>\n<meta property=\"og:url\" content=\"https:\/\/discount-licensing.com\/es\/office-2019-v-cloud-perpetual-office-2021\/\" \/>\n<meta property=\"og:site_name\" content=\"discount-licensing\" \/>\n<meta property=\"article:publisher\" content=\"https:\/\/www.facebook.com\/DiscountLicensing\" \/>\n<meta property=\"article:modified_time\" content=\"2025-08-08T10:52:17+00:00\" \/>\n<meta property=\"og:image\" content=\"https:\/\/discount-licensing.com\/wp-content\/uploads\/2024\/06\/microsoft-office-cloud-v-perpetual-office-2019-2021.jpg\" \/>\n\t<meta property=\"og:image:width\" content=\"497\" \/>\n\t<meta property=\"og:image:height\" content=\"750\" \/>\n\t<meta property=\"og:image:type\" content=\"image\/jpeg\" \/>\n<meta name=\"twitter:card\" content=\"summary_large_image\" \/>\n<meta name=\"twitter:label1\" content=\"Tiempo de lectura\" \/>\n\t<meta name=\"twitter:data1\" content=\"2 minutos\" \/>\n<script type=\"application\/ld+json\" class=\"yoast-schema-graph\">{\"@context\":\"https:\/\/schema.org\",\"@graph\":[{\"@type\":\"WebPage\",\"@id\":\"https:\/\/discount-licensing.com\/es\/office-2019-v-cloud-perpetual-office-2021\/\",\"url\":\"https:\/\/discount-licensing.com\/es\/office-2019-v-cloud-perpetual-office-2021\/\",\"name\":\"Office 2019 Vs Office en la Nube \/ Perpetuo 2021 - discount-licensing\",\"isPartOf\":{\"@id\":\"https:\/\/discount-licensing.com\/es\/#website\"},\"primaryImageOfPage\":{\"@id\":\"https:\/\/discount-licensing.com\/es\/office-2019-v-cloud-perpetual-office-2021\/#primaryimage\"},\"image\":{\"@id\":\"https:\/\/discount-licensing.com\/es\/office-2019-v-cloud-perpetual-office-2021\/#primaryimage\"},\"thumbnailUrl\":\"https:\/\/discount-licensing.com\/wp-content\/uploads\/2024\/06\/microsoft-office-cloud-v-perpetual-office-2019-2021.jpg\",\"datePublished\":\"2023-10-03T10:12:30+00:00\",\"dateModified\":\"2025-08-08T10:52:17+00:00\",\"breadcrumb\":{\"@id\":\"https:\/\/discount-licensing.com\/es\/office-2019-v-cloud-perpetual-office-2021\/#breadcrumb\"},\"inLanguage\":\"es\",\"potentialAction\":[{\"@type\":\"ReadAction\",\"target\":[\"https:\/\/discount-licensing.com\/es\/office-2019-v-cloud-perpetual-office-2021\/\"]}]},{\"@type\":\"ImageObject\",\"inLanguage\":\"es\",\"@id\":\"https:\/\/discount-licensing.com\/es\/office-2019-v-cloud-perpetual-office-2021\/#primaryimage\",\"url\":\"https:\/\/discount-licensing.com\/wp-content\/uploads\/2024\/06\/microsoft-office-cloud-v-perpetual-office-2019-2021.jpg\",\"contentUrl\":\"https:\/\/discount-licensing.com\/wp-content\/uploads\/2024\/06\/microsoft-office-cloud-v-perpetual-office-2019-2021.jpg\"},{\"@type\":\"BreadcrumbList\",\"@id\":\"https:\/\/discount-licensing.com\/es\/office-2019-v-cloud-perpetual-office-2021\/#breadcrumb\",\"itemListElement\":[{\"@type\":\"ListItem\",\"position\":1,\"name\":\"Home\",\"item\":\"https:\/\/discount-licensing.com\/es\/home\/\"},{\"@type\":\"ListItem\",\"position\":2,\"name\":\"Office 2019 Vs Office en la Nube \/ Perpetuo 2021\"}]},{\"@type\":\"WebSite\",\"@id\":\"https:\/\/discount-licensing.com\/es\/#website\",\"url\":\"https:\/\/discount-licensing.com\/es\/\",\"name\":\"discount-licensing\",\"description\":\"We Sell Discounted Pre-owned Microsoft Volume Software Throughout Europe\",\"publisher\":{\"@id\":\"https:\/\/discount-licensing.com\/es\/#organization\"},\"potentialAction\":[{\"@type\":\"SearchAction\",\"target\":{\"@type\":\"EntryPoint\",\"urlTemplate\":\"https:\/\/discount-licensing.com\/es\/?s={search_term_string}\"},\"query-input\":{\"@type\":\"PropertyValueSpecification\",\"valueRequired\":true,\"valueName\":\"search_term_string\"}}],\"inLanguage\":\"es\"},{\"@type\":\"Organization\",\"@id\":\"https:\/\/discount-licensing.com\/es\/#organization\",\"name\":\"discount-licensing\",\"url\":\"https:\/\/discount-licensing.com\/es\/\",\"logo\":{\"@type\":\"ImageObject\",\"inLanguage\":\"es\",\"@id\":\"https:\/\/discount-licensing.com\/es\/#\/schema\/logo\/image\/\",\"url\":\"https:\/\/discount-licensing.com\/wp-content\/uploads\/2023\/09\/discount-licensing-1.jpg\",\"contentUrl\":\"https:\/\/discount-licensing.com\/wp-content\/uploads\/2023\/09\/discount-licensing-1.jpg\",\"width\":800,\"height\":533,\"caption\":\"discount-licensing\"},\"image\":{\"@id\":\"https:\/\/discount-licensing.com\/es\/#\/schema\/logo\/image\/\"},\"sameAs\":[\"https:\/\/www.facebook.com\/DiscountLicensing\"]}]}<\/script>\n<!-- \/ Yoast SEO plugin. -->","yoast_head_json":{"title":"Office 2019 Vs Office en la Nube \/ Perpetuo 2021 - discount-licensing","robots":{"index":"index","follow":"follow","max-snippet":"max-snippet:-1","max-image-preview":"max-image-preview:large","max-video-preview":"max-video-preview:-1"},"canonical":"https:\/\/discount-licensing.com\/es\/office-2019-v-cloud-perpetual-office-2021\/","og_locale":"es_ES","og_type":"article","og_title":"Office 2019 Vs Office en la Nube \/ Perpetuo 2021 - discount-licensing","og_description":"OFFICE 2019 V NUBE \/ OFFICE PERPETUO (2021) Es razonable afirmar que todos nos hemos dejado seducir por la \u00faltima versi\u00f3n de un producto tecnol\u00f3gico y [\u2026]","og_url":"https:\/\/discount-licensing.com\/es\/office-2019-v-cloud-perpetual-office-2021\/","og_site_name":"discount-licensing","article_publisher":"https:\/\/www.facebook.com\/DiscountLicensing","article_modified_time":"2025-08-08T10:52:17+00:00","og_image":[{"width":497,"height":750,"url":"https:\/\/discount-licensing.com\/wp-content\/uploads\/2024\/06\/microsoft-office-cloud-v-perpetual-office-2019-2021.jpg","type":"image\/jpeg"}],"twitter_card":"summary_large_image","twitter_misc":{"Tiempo de lectura":"2 minutos"},"schema":{"@context":"https:\/\/schema.org","@graph":[{"@type":"WebPage","@id":"https:\/\/discount-licensing.com\/es\/office-2019-v-cloud-perpetual-office-2021\/","url":"https:\/\/discount-licensing.com\/es\/office-2019-v-cloud-perpetual-office-2021\/","name":"Office 2019 Vs Office en la Nube \/ Perpetuo 2021 - discount-licensing","isPartOf":{"@id":"https:\/\/discount-licensing.com\/es\/#website"},"primaryImageOfPage":{"@id":"https:\/\/discount-licensing.com\/es\/office-2019-v-cloud-perpetual-office-2021\/#primaryimage"},"image":{"@id":"https:\/\/discount-licensing.com\/es\/office-2019-v-cloud-perpetual-office-2021\/#primaryimage"},"thumbnailUrl":"https:\/\/discount-licensing.com\/wp-content\/uploads\/2024\/06\/microsoft-office-cloud-v-perpetual-office-2019-2021.jpg","datePublished":"2023-10-03T10:12:30+00:00","dateModified":"2025-08-08T10:52:17+00:00","breadcrumb":{"@id":"https:\/\/discount-licensing.com\/es\/office-2019-v-cloud-perpetual-office-2021\/#breadcrumb"},"inLanguage":"es","potentialAction":[{"@type":"ReadAction","target":["https:\/\/discount-licensing.com\/es\/office-2019-v-cloud-perpetual-office-2021\/"]}]},{"@type":"ImageObject","inLanguage":"es","@id":"https:\/\/discount-licensing.com\/es\/office-2019-v-cloud-perpetual-office-2021\/#primaryimage","url":"https:\/\/discount-licensing.com\/wp-content\/uploads\/2024\/06\/microsoft-office-cloud-v-perpetual-office-2019-2021.jpg","contentUrl":"https:\/\/discount-licensing.com\/wp-content\/uploads\/2024\/06\/microsoft-office-cloud-v-perpetual-office-2019-2021.jpg"},{"@type":"BreadcrumbList","@id":"https:\/\/discount-licensing.com\/es\/office-2019-v-cloud-perpetual-office-2021\/#breadcrumb","itemListElement":[{"@type":"ListItem","position":1,"name":"Home","item":"https:\/\/discount-licensing.com\/es\/home\/"},{"@type":"ListItem","position":2,"name":"Office 2019 Vs Office en la Nube \/ Perpetuo 2021"}]},{"@type":"WebSite","@id":"https:\/\/discount-licensing.com\/es\/#website","url":"https:\/\/discount-licensing.com\/es\/","name":"discount-licensing","description":"We Sell Discounted Pre-owned Microsoft Volume Software Throughout Europe","publisher":{"@id":"https:\/\/discount-licensing.com\/es\/#organization"},"potentialAction":[{"@type":"SearchAction","target":{"@type":"EntryPoint","urlTemplate":"https:\/\/discount-licensing.com\/es\/?s={search_term_string}"},"query-input":{"@type":"PropertyValueSpecification","valueRequired":true,"valueName":"search_term_string"}}],"inLanguage":"es"},{"@type":"Organization","@id":"https:\/\/discount-licensing.com\/es\/#organization","name":"discount-licensing","url":"https:\/\/discount-licensing.com\/es\/","logo":{"@type":"ImageObject","inLanguage":"es","@id":"https:\/\/discount-licensing.com\/es\/#\/schema\/logo\/image\/","url":"https:\/\/discount-licensing.com\/wp-content\/uploads\/2023\/09\/discount-licensing-1.jpg","contentUrl":"https:\/\/discount-licensing.com\/wp-content\/uploads\/2023\/09\/discount-licensing-1.jpg","width":800,"height":533,"caption":"discount-licensing"},"image":{"@id":"https:\/\/discount-licensing.com\/es\/#\/schema\/logo\/image\/"},"sameAs":["https:\/\/www.facebook.com\/DiscountLicensing"]}]}},"_links":{"self":[{"href":"https:\/\/discount-licensing.com\/es\/wp-json\/wp\/v2\/pages\/22775","targetHints":{"allow":["GET"]}}],"collection":[{"href":"https:\/\/discount-licensing.com\/es\/wp-json\/wp\/v2\/pages"}],"about":[{"href":"https:\/\/discount-licensing.com\/es\/wp-json\/wp\/v2\/types\/page"}],"author":[{"embeddable":true,"href":"https:\/\/discount-licensing.com\/es\/wp-json\/wp\/v2\/users\/1"}],"replies":[{"embeddable":true,"href":"https:\/\/discount-licensing.com\/es\/wp-json\/wp\/v2\/comments?post=22775"}],"version-history":[{"count":2,"href":"https:\/\/discount-licensing.com\/es\/wp-json\/wp\/v2\/pages\/22775\/revisions"}],"predecessor-version":[{"id":25243,"href":"https:\/\/discount-licensing.com\/es\/wp-json\/wp\/v2\/pages\/22775\/revisions\/25243"}],"wp:attachment":[{"href":"https:\/\/discount-licensing.com\/es\/wp-json\/wp\/v2\/media?parent=22775"}],"curies":[{"name":"wp","href":"https:\/\/api.w.org\/{rel}","templated":true}]}}