{"id":25566,"date":"2025-12-04T13:55:06","date_gmt":"2025-12-04T13:55:06","guid":{"rendered":"https:\/\/discount-licensing.com\/?post_type=product&#038;p=25566"},"modified":"2025-12-04T15:51:08","modified_gmt":"2025-12-04T15:51:08","slug":"windows-server-2025-datacenter-2-core","status":"publish","type":"product","link":"https:\/\/discount-licensing.com\/de\/produkt\/windows-server-2025-datacenter-2-core\/","title":{"rendered":"Windows Server 2025 Datacenter (2 Core)"},"content":{"rendered":"<p><strong>Beschreibung<\/strong><\/p>\n<p>Windows Server 2025 DataCenter (2 Core) ist das Serverbetriebssystem von Microsoft, das sich ideal f\u00fcr stark virtualisierte Umgebungen eignet. Lizenziert zwei Cores pro physischem Server. Lizenziert zwei Cores pro Server. Wenn alle physischen Cores vollst\u00e4ndig lizenziert sind, erm\u00f6glicht die Datacenter Edition unbegrenzte Betriebssystemumgebungen (OSEs) oder Hyper-V-Container. SQL Server Enterprise Edition umfasst weitere Zusatzdienste und ist ideal f\u00fcr Anwendungen, die erfolgskritische In-Memory-Leistung, Sicherheit und hohe Verf\u00fcgbarkeit ben\u00f6tigen.<\/p>\n<p>Alle unsere Gebrauchtsoftwarelizenzen stammen aus Open-, Select-, Enterprise- oder MPSA-Programmen \u00fcber unbefristete Microsoft-Volumenlizenzen. Alle Softwarelizenzen werden streng gepr\u00fcft, um die vollst\u00e4ndige Einhaltung der Gesetze der Europ\u00e4ischen Union und des Vereinigten K\u00f6nigreichs sicherzustellen. Softwarelizenzen werden zu erm\u00e4\u00dfigten Preisen verkauft und mit einem vollst\u00e4ndig dokumentierten Auditprotokoll geliefert, um im Falle eines Anbieter-\/SAM-Audits das gesetzliche Eigentum nachweisen zu k\u00f6nnen. F\u00fcr weitere Informationen rufen Sie uns bitte unter <a href=\"tel:+34934923499\">+34 934 923499<\/a> (EU) oder<a href=\"tel:441283511524\">+44(0)1283 511524<\/a> (UK) an oder fragen Sie noch heute online an.<\/p>\n<p><strong>\u00dcbersicht \/ Eigenschaften<\/strong><\/p>\n<p>Lizenztyp: Pre-owned Perpetual Volume<br \/>\nLizenzierungsmodell: Core-basiert mit CAL<br \/>\nG\u00fcltig f\u00fcr: Unbegrenzter Zeitraum<br \/>\nAktivierungsmethode: MAK oder KMS<br \/>\nArchitektur: 64 bit<\/p>\n","protected":false},"excerpt":{"rendered":"<p>Beschreibung Windows Server 2025 DataCenter (2 Core) ist das Serverbetriebssystem von Microsoft, das sich ideal f\u00fcr stark virtualisierte Umgebungen eignet. Lizenziert zwei Cores pro physischem Server.<span class=\"excerpt-hellip\"> [\u2026]<\/span><\/p>\n","protected":false},"featured_media":25574,"template":"","meta":[],"product_brand":[],"product_cat":[270,693],"product_tag":[],"class_list":{"0":"post-25566","1":"product","2":"type-product","3":"status-publish","4":"has-post-thumbnail","6":"product_cat-server-de","7":"product_cat-windows-server-2025","9":"first","10":"instock","11":"shipping-taxable","12":"purchasable","13":"product-type-simple"},"yoast_head":"<!-- This site is optimized with the Yoast SEO plugin v27.1.1 - https:\/\/yoast.com\/product\/yoast-seo-wordpress\/ -->\n<title>Windows Server 2025 Datacenter (2 Core) - discount-licensing<\/title>\n<meta name=\"robots\" content=\"index, follow, max-snippet:-1, max-image-preview:large, max-video-preview:-1\" \/>\n<link rel=\"canonical\" href=\"https:\/\/discount-licensing.com\/de\/produkt\/windows-server-2025-datacenter-2-core\/\" \/>\n<meta property=\"og:locale\" content=\"de_DE\" \/>\n<meta property=\"og:type\" content=\"article\" \/>\n<meta property=\"og:title\" content=\"Windows Server 2025 Datacenter (2 Core) - discount-licensing\" \/>\n<meta property=\"og:description\" content=\"Beschreibung Windows Server 2025 DataCenter (2 Core) ist das Serverbetriebssystem von Microsoft, das sich ideal f\u00fcr stark virtualisierte Umgebungen eignet. Lizenziert zwei Cores pro physischem Server. [\u2026]\" \/>\n<meta property=\"og:url\" content=\"https:\/\/discount-licensing.com\/de\/produkt\/windows-server-2025-datacenter-2-core\/\" \/>\n<meta property=\"og:site_name\" content=\"discount-licensing\" \/>\n<meta property=\"article:modified_time\" content=\"2025-12-04T15:51:08+00:00\" \/>\n<meta property=\"og:image\" content=\"https:\/\/discount-licensing.com\/wp-content\/uploads\/2025\/12\/Windows-Server-datacenter-2025-2-core-600x600-1.jpg\" \/>\n\t<meta property=\"og:image:width\" content=\"600\" \/>\n\t<meta property=\"og:image:height\" content=\"600\" \/>\n\t<meta property=\"og:image:type\" content=\"image\/jpeg\" \/>\n<meta name=\"twitter:card\" content=\"summary_large_image\" \/>\n<meta name=\"twitter:label1\" content=\"Gesch\u00e4tzte Lesezeit\" \/>\n\t<meta name=\"twitter:data1\" content=\"1\u00a0Minute\" \/>\n<script type=\"application\/ld+json\" class=\"yoast-schema-graph\">{\"@context\":\"https:\/\/schema.org\",\"@graph\":[{\"@type\":\"WebPage\",\"@id\":\"https:\/\/discount-licensing.com\/de\/produkt\/windows-server-2025-datacenter-2-core\/\",\"url\":\"https:\/\/discount-licensing.com\/de\/produkt\/windows-server-2025-datacenter-2-core\/\",\"name\":\"Windows Server 2025 Datacenter (2 Core) - discount-licensing\",\"isPartOf\":{\"@id\":\"https:\/\/discount-licensing.com\/de\/#website\"},\"primaryImageOfPage\":{\"@id\":\"https:\/\/discount-licensing.com\/de\/produkt\/windows-server-2025-datacenter-2-core\/#primaryimage\"},\"image\":{\"@id\":\"https:\/\/discount-licensing.com\/de\/produkt\/windows-server-2025-datacenter-2-core\/#primaryimage\"},\"thumbnailUrl\":\"https:\/\/discount-licensing.com\/wp-content\/uploads\/2025\/12\/Windows-Server-datacenter-2025-2-core-600x600-1.jpg\",\"datePublished\":\"2025-12-04T13:55:06+00:00\",\"dateModified\":\"2025-12-04T15:51:08+00:00\",\"breadcrumb\":{\"@id\":\"https:\/\/discount-licensing.com\/de\/produkt\/windows-server-2025-datacenter-2-core\/#breadcrumb\"},\"inLanguage\":\"de\",\"potentialAction\":[{\"@type\":\"ReadAction\",\"target\":[\"https:\/\/discount-licensing.com\/de\/produkt\/windows-server-2025-datacenter-2-core\/\"]}]},{\"@type\":\"ImageObject\",\"inLanguage\":\"de\",\"@id\":\"https:\/\/discount-licensing.com\/de\/produkt\/windows-server-2025-datacenter-2-core\/#primaryimage\",\"url\":\"https:\/\/discount-licensing.com\/wp-content\/uploads\/2025\/12\/Windows-Server-datacenter-2025-2-core-600x600-1.jpg\",\"contentUrl\":\"https:\/\/discount-licensing.com\/wp-content\/uploads\/2025\/12\/Windows-Server-datacenter-2025-2-core-600x600-1.jpg\",\"width\":600,\"height\":600},{\"@type\":\"BreadcrumbList\",\"@id\":\"https:\/\/discount-licensing.com\/de\/produkt\/windows-server-2025-datacenter-2-core\/#breadcrumb\",\"itemListElement\":[{\"@type\":\"ListItem\",\"position\":1,\"name\":\"Home\",\"item\":\"https:\/\/discount-licensing.com\/de\/home\/\"},{\"@type\":\"ListItem\",\"position\":2,\"name\":\"Shop\",\"item\":\"https:\/\/discount-licensing.com\/de\/shop\/\"},{\"@type\":\"ListItem\",\"position\":3,\"name\":\"Windows Server 2025 Datacenter (2 Core)\"}]},{\"@type\":\"WebSite\",\"@id\":\"https:\/\/discount-licensing.com\/de\/#website\",\"url\":\"https:\/\/discount-licensing.com\/de\/\",\"name\":\"discount-licensing\",\"description\":\"We Sell Discounted Pre-owned Microsoft Volume Software Throughout Europe\",\"potentialAction\":[{\"@type\":\"SearchAction\",\"target\":{\"@type\":\"EntryPoint\",\"urlTemplate\":\"https:\/\/discount-licensing.com\/de\/?s={search_term_string}\"},\"query-input\":{\"@type\":\"PropertyValueSpecification\",\"valueRequired\":true,\"valueName\":\"search_term_string\"}}],\"inLanguage\":\"de\"}]}<\/script>\n<!-- \/ Yoast SEO plugin. -->","yoast_head_json":{"title":"Windows Server 2025 Datacenter (2 Core) - discount-licensing","robots":{"index":"index","follow":"follow","max-snippet":"max-snippet:-1","max-image-preview":"max-image-preview:large","max-video-preview":"max-video-preview:-1"},"canonical":"https:\/\/discount-licensing.com\/de\/produkt\/windows-server-2025-datacenter-2-core\/","og_locale":"de_DE","og_type":"article","og_title":"Windows Server 2025 Datacenter (2 Core) - discount-licensing","og_description":"Beschreibung Windows Server 2025 DataCenter (2 Core) ist das Serverbetriebssystem von Microsoft, das sich ideal f\u00fcr stark virtualisierte Umgebungen eignet. Lizenziert zwei Cores pro physischem Server. [\u2026]","og_url":"https:\/\/discount-licensing.com\/de\/produkt\/windows-server-2025-datacenter-2-core\/","og_site_name":"discount-licensing","article_modified_time":"2025-12-04T15:51:08+00:00","og_image":[{"width":600,"height":600,"url":"https:\/\/discount-licensing.com\/wp-content\/uploads\/2025\/12\/Windows-Server-datacenter-2025-2-core-600x600-1.jpg","type":"image\/jpeg"}],"twitter_card":"summary_large_image","twitter_misc":{"Gesch\u00e4tzte Lesezeit":"1\u00a0Minute"},"schema":{"@context":"https:\/\/schema.org","@graph":[{"@type":"WebPage","@id":"https:\/\/discount-licensing.com\/de\/produkt\/windows-server-2025-datacenter-2-core\/","url":"https:\/\/discount-licensing.com\/de\/produkt\/windows-server-2025-datacenter-2-core\/","name":"Windows Server 2025 Datacenter (2 Core) - discount-licensing","isPartOf":{"@id":"https:\/\/discount-licensing.com\/de\/#website"},"primaryImageOfPage":{"@id":"https:\/\/discount-licensing.com\/de\/produkt\/windows-server-2025-datacenter-2-core\/#primaryimage"},"image":{"@id":"https:\/\/discount-licensing.com\/de\/produkt\/windows-server-2025-datacenter-2-core\/#primaryimage"},"thumbnailUrl":"https:\/\/discount-licensing.com\/wp-content\/uploads\/2025\/12\/Windows-Server-datacenter-2025-2-core-600x600-1.jpg","datePublished":"2025-12-04T13:55:06+00:00","dateModified":"2025-12-04T15:51:08+00:00","breadcrumb":{"@id":"https:\/\/discount-licensing.com\/de\/produkt\/windows-server-2025-datacenter-2-core\/#breadcrumb"},"inLanguage":"de","potentialAction":[{"@type":"ReadAction","target":["https:\/\/discount-licensing.com\/de\/produkt\/windows-server-2025-datacenter-2-core\/"]}]},{"@type":"ImageObject","inLanguage":"de","@id":"https:\/\/discount-licensing.com\/de\/produkt\/windows-server-2025-datacenter-2-core\/#primaryimage","url":"https:\/\/discount-licensing.com\/wp-content\/uploads\/2025\/12\/Windows-Server-datacenter-2025-2-core-600x600-1.jpg","contentUrl":"https:\/\/discount-licensing.com\/wp-content\/uploads\/2025\/12\/Windows-Server-datacenter-2025-2-core-600x600-1.jpg","width":600,"height":600},{"@type":"BreadcrumbList","@id":"https:\/\/discount-licensing.com\/de\/produkt\/windows-server-2025-datacenter-2-core\/#breadcrumb","itemListElement":[{"@type":"ListItem","position":1,"name":"Home","item":"https:\/\/discount-licensing.com\/de\/home\/"},{"@type":"ListItem","position":2,"name":"Shop","item":"https:\/\/discount-licensing.com\/de\/shop\/"},{"@type":"ListItem","position":3,"name":"Windows Server 2025 Datacenter (2 Core)"}]},{"@type":"WebSite","@id":"https:\/\/discount-licensing.com\/de\/#website","url":"https:\/\/discount-licensing.com\/de\/","name":"discount-licensing","description":"We Sell Discounted Pre-owned Microsoft Volume Software Throughout Europe","potentialAction":[{"@type":"SearchAction","target":{"@type":"EntryPoint","urlTemplate":"https:\/\/discount-licensing.com\/de\/?s={search_term_string}"},"query-input":{"@type":"PropertyValueSpecification","valueRequired":true,"valueName":"search_term_string"}}],"inLanguage":"de"}]}},"_links":{"self":[{"href":"https:\/\/discount-licensing.com\/de\/wp-json\/wp\/v2\/product\/25566","targetHints":{"allow":["GET"]}}],"collection":[{"href":"https:\/\/discount-licensing.com\/de\/wp-json\/wp\/v2\/product"}],"about":[{"href":"https:\/\/discount-licensing.com\/de\/wp-json\/wp\/v2\/types\/product"}],"version-history":[{"count":2,"href":"https:\/\/discount-licensing.com\/de\/wp-json\/wp\/v2\/product\/25566\/revisions"}],"predecessor-version":[{"id":25651,"href":"https:\/\/discount-licensing.com\/de\/wp-json\/wp\/v2\/product\/25566\/revisions\/25651"}],"wp:featuredmedia":[{"embeddable":true,"href":"https:\/\/discount-licensing.com\/de\/wp-json\/wp\/v2\/media\/25574"}],"wp:attachment":[{"href":"https:\/\/discount-licensing.com\/de\/wp-json\/wp\/v2\/media?parent=25566"}],"wp:term":[{"taxonomy":"product_brand","embeddable":true,"href":"https:\/\/discount-licensing.com\/de\/wp-json\/wp\/v2\/product_brand?post=25566"},{"taxonomy":"product_cat","embeddable":true,"href":"https:\/\/discount-licensing.com\/de\/wp-json\/wp\/v2\/product_cat?post=25566"},{"taxonomy":"product_tag","embeddable":true,"href":"https:\/\/discount-licensing.com\/de\/wp-json\/wp\/v2\/product_tag?post=25566"}],"curies":[{"name":"wp","href":"https:\/\/api.w.org\/{rel}","templated":true}]}}