{"id":11495,"date":"2022-12-21T12:15:18","date_gmt":"2022-12-21T12:15:18","guid":{"rendered":"https:\/\/wp.discount-licensing.com\/\/product\/microsoft-windows-10-enterprise-ltsc-volume-upgrade\/"},"modified":"2023-05-30T13:36:01","modified_gmt":"2023-05-30T12:36:01","slug":"microsoft-windows-10-enterprise-ltsc-volume-upgrade","status":"publish","type":"product","link":"https:\/\/discount-licensing.com\/de\/produkt\/microsoft-windows-10-enterprise-ltsc-volume-upgrade\/","title":{"rendered":"Microsoft Windows 10 Enterprise LTSC Volume Upgrade"},"content":{"rendered":"<p><strong>Beschreibung<\/strong><\/p>\n<p>Microsoft Windows 10 Enterprise LTSC Volume Upgrade (Windows 10 Desktop-Betriebssystem) : Bitte beachten Sie, dass f\u00fcr Volume-Upgrade-Lizenzen geeignete Grundlizenzen vorhanden sein m\u00fcssen. Downgraderechte auf Vorg\u00e4ngerversionen enthalten. Downgraderechte auf Vorg\u00e4ngerversionen enthalten.<\/p>\n<p>Alle unsere Gebrauchtsoftwarelizenzen stammen aus Open-, Select-, Enterprise- oder MPSA-Programmen \u00fcber unbefristete Microsoft-Volumenlizenzen. Alle Softwarelizenzen werden streng gepr\u00fcft, um die vollst\u00e4ndige Einhaltung der Gesetze der Europ\u00e4ischen Union und des Vereinigten K\u00f6nigreichs sicherzustellen. Softwarelizenzen werden zu erm\u00e4\u00dfigten Preisen verkauft und mit einem vollst\u00e4ndig dokumentierten Auditprotokoll geliefert, um im Falle eines Anbieter-\/SAM-Audits das gesetzliche Eigentum nachweisen zu k\u00f6nnen. Weitere Informationen erhalten Sie unter <a href=\"tel:+34934923499\">+34 934 923499<\/a> (EU) oder <a href=\"tel:+441283511524\">+44(0)1283 511524<\/a> (UK) oder senden Sie eine Online-Anfrage.<\/p>\n<p><strong>\u00dcbersicht \/ Eigenschaften<\/strong><\/p>\n<p>Lizenzart: Gebrauchte, unbefristete Volumenlizenz<br \/>\nG\u00fcltigkeit: Unbefristet<br \/>\nInstallationsmethode:<br \/>\nArchitektur:<br \/>\nBetriebssystem:<br \/>\nSystemanforderungen:<br \/>\nMindest-Prozessortyp: 1 GHz<br \/>\nMindestgr\u00f6\u00dfe Arbeitsspeicher: 1 GB<br \/>\nMindestgr\u00f6\u00dfe freier Festplattenspeicher: 16 GB<br \/>\n&#8211;<br \/>\n&#8211;<\/p>\n","protected":false},"excerpt":{"rendered":"<p>Beschreibung Microsoft Windows 10 Enterprise LTSC Volume Upgrade (Windows 10 Desktop-Betriebssystem) : Bitte beachten Sie, dass f\u00fcr Volume-Upgrade-Lizenzen geeignete Grundlizenzen vorhanden sein m\u00fcssen. Downgraderechte auf Vorg\u00e4ngerversionen<span class=\"excerpt-hellip\"> [\u2026]<\/span><\/p>\n","protected":false},"featured_media":6682,"template":"","meta":[],"product_brand":[],"product_cat":[393,399],"product_tag":[],"class_list":{"0":"post-11495","1":"product","2":"type-product","3":"status-publish","4":"has-post-thumbnail","6":"product_cat-microsoft-operating-systems-de","7":"product_cat-microsoft-windows-10-upgrades-de","9":"first","10":"instock","11":"shipping-taxable","12":"purchasable","13":"product-type-simple"},"yoast_head":"<!-- This site is optimized with the Yoast SEO plugin v27.1.1 - https:\/\/yoast.com\/product\/yoast-seo-wordpress\/ -->\n<title>Microsoft Windows 10 Enterprise LTSC Volume Upgrade - discount-licensing<\/title>\n<meta name=\"robots\" content=\"index, follow, max-snippet:-1, max-image-preview:large, max-video-preview:-1\" \/>\n<link rel=\"canonical\" href=\"https:\/\/discount-licensing.com\/de\/produkt\/microsoft-windows-10-enterprise-ltsc-volume-upgrade\/\" \/>\n<meta property=\"og:locale\" content=\"de_DE\" \/>\n<meta property=\"og:type\" content=\"article\" \/>\n<meta property=\"og:title\" content=\"Microsoft Windows 10 Enterprise LTSC Volume Upgrade - discount-licensing\" \/>\n<meta property=\"og:description\" content=\"Beschreibung Microsoft Windows 10 Enterprise LTSC Volume Upgrade (Windows 10 Desktop-Betriebssystem) : Bitte beachten Sie, dass f\u00fcr Volume-Upgrade-Lizenzen geeignete Grundlizenzen vorhanden sein m\u00fcssen. Downgraderechte auf Vorg\u00e4ngerversionen [\u2026]\" \/>\n<meta property=\"og:url\" content=\"https:\/\/discount-licensing.com\/de\/produkt\/microsoft-windows-10-enterprise-ltsc-volume-upgrade\/\" \/>\n<meta property=\"og:site_name\" content=\"discount-licensing\" \/>\n<meta property=\"article:modified_time\" content=\"2023-05-30T12:36:01+00:00\" \/>\n<meta property=\"og:image\" content=\"https:\/\/discount-licensing.com\/wp-content\/uploads\/2022\/09\/Microsoft-Windows-10-Enterprise-LTSB-Volume-Upgrade.jpg\" \/>\n\t<meta property=\"og:image:width\" content=\"787\" \/>\n\t<meta property=\"og:image:height\" content=\"787\" \/>\n\t<meta property=\"og:image:type\" content=\"image\/jpeg\" \/>\n<meta name=\"twitter:card\" content=\"summary_large_image\" \/>\n<meta name=\"twitter:label1\" content=\"Gesch\u00e4tzte Lesezeit\" \/>\n\t<meta name=\"twitter:data1\" content=\"1\u00a0Minute\" \/>\n<script type=\"application\/ld+json\" class=\"yoast-schema-graph\">{\"@context\":\"https:\/\/schema.org\",\"@graph\":[{\"@type\":\"WebPage\",\"@id\":\"https:\/\/discount-licensing.com\/de\/produkt\/microsoft-windows-10-enterprise-ltsc-volume-upgrade\/\",\"url\":\"https:\/\/discount-licensing.com\/de\/produkt\/microsoft-windows-10-enterprise-ltsc-volume-upgrade\/\",\"name\":\"Microsoft Windows 10 Enterprise LTSC Volume Upgrade - discount-licensing\",\"isPartOf\":{\"@id\":\"https:\/\/discount-licensing.com\/de\/#website\"},\"primaryImageOfPage\":{\"@id\":\"https:\/\/discount-licensing.com\/de\/produkt\/microsoft-windows-10-enterprise-ltsc-volume-upgrade\/#primaryimage\"},\"image\":{\"@id\":\"https:\/\/discount-licensing.com\/de\/produkt\/microsoft-windows-10-enterprise-ltsc-volume-upgrade\/#primaryimage\"},\"thumbnailUrl\":\"https:\/\/discount-licensing.com\/wp-content\/uploads\/2022\/09\/Microsoft-Windows-10-Enterprise-LTSB-Volume-Upgrade.jpg\",\"datePublished\":\"2022-12-21T12:15:18+00:00\",\"dateModified\":\"2023-05-30T12:36:01+00:00\",\"breadcrumb\":{\"@id\":\"https:\/\/discount-licensing.com\/de\/produkt\/microsoft-windows-10-enterprise-ltsc-volume-upgrade\/#breadcrumb\"},\"inLanguage\":\"de\",\"potentialAction\":[{\"@type\":\"ReadAction\",\"target\":[\"https:\/\/discount-licensing.com\/de\/produkt\/microsoft-windows-10-enterprise-ltsc-volume-upgrade\/\"]}]},{\"@type\":\"ImageObject\",\"inLanguage\":\"de\",\"@id\":\"https:\/\/discount-licensing.com\/de\/produkt\/microsoft-windows-10-enterprise-ltsc-volume-upgrade\/#primaryimage\",\"url\":\"https:\/\/discount-licensing.com\/wp-content\/uploads\/2022\/09\/Microsoft-Windows-10-Enterprise-LTSB-Volume-Upgrade.jpg\",\"contentUrl\":\"https:\/\/discount-licensing.com\/wp-content\/uploads\/2022\/09\/Microsoft-Windows-10-Enterprise-LTSB-Volume-Upgrade.jpg\",\"width\":787,\"height\":787},{\"@type\":\"BreadcrumbList\",\"@id\":\"https:\/\/discount-licensing.com\/de\/produkt\/microsoft-windows-10-enterprise-ltsc-volume-upgrade\/#breadcrumb\",\"itemListElement\":[{\"@type\":\"ListItem\",\"position\":1,\"name\":\"Home\",\"item\":\"https:\/\/discount-licensing.com\/de\/home\/\"},{\"@type\":\"ListItem\",\"position\":2,\"name\":\"Shop\",\"item\":\"https:\/\/discount-licensing.com\/de\/shop\/\"},{\"@type\":\"ListItem\",\"position\":3,\"name\":\"Microsoft Windows 10 Enterprise LTSC Volume Upgrade\"}]},{\"@type\":\"WebSite\",\"@id\":\"https:\/\/discount-licensing.com\/de\/#website\",\"url\":\"https:\/\/discount-licensing.com\/de\/\",\"name\":\"discount-licensing\",\"description\":\"We Sell Discounted Pre-owned Microsoft Volume Software Throughout Europe\",\"potentialAction\":[{\"@type\":\"SearchAction\",\"target\":{\"@type\":\"EntryPoint\",\"urlTemplate\":\"https:\/\/discount-licensing.com\/de\/?s={search_term_string}\"},\"query-input\":{\"@type\":\"PropertyValueSpecification\",\"valueRequired\":true,\"valueName\":\"search_term_string\"}}],\"inLanguage\":\"de\"}]}<\/script>\n<!-- \/ Yoast SEO plugin. -->","yoast_head_json":{"title":"Microsoft Windows 10 Enterprise LTSC Volume Upgrade - discount-licensing","robots":{"index":"index","follow":"follow","max-snippet":"max-snippet:-1","max-image-preview":"max-image-preview:large","max-video-preview":"max-video-preview:-1"},"canonical":"https:\/\/discount-licensing.com\/de\/produkt\/microsoft-windows-10-enterprise-ltsc-volume-upgrade\/","og_locale":"de_DE","og_type":"article","og_title":"Microsoft Windows 10 Enterprise LTSC Volume Upgrade - discount-licensing","og_description":"Beschreibung Microsoft Windows 10 Enterprise LTSC Volume Upgrade (Windows 10 Desktop-Betriebssystem) : Bitte beachten Sie, dass f\u00fcr Volume-Upgrade-Lizenzen geeignete Grundlizenzen vorhanden sein m\u00fcssen. Downgraderechte auf Vorg\u00e4ngerversionen [\u2026]","og_url":"https:\/\/discount-licensing.com\/de\/produkt\/microsoft-windows-10-enterprise-ltsc-volume-upgrade\/","og_site_name":"discount-licensing","article_modified_time":"2023-05-30T12:36:01+00:00","og_image":[{"width":787,"height":787,"url":"https:\/\/discount-licensing.com\/wp-content\/uploads\/2022\/09\/Microsoft-Windows-10-Enterprise-LTSB-Volume-Upgrade.jpg","type":"image\/jpeg"}],"twitter_card":"summary_large_image","twitter_misc":{"Gesch\u00e4tzte Lesezeit":"1\u00a0Minute"},"schema":{"@context":"https:\/\/schema.org","@graph":[{"@type":"WebPage","@id":"https:\/\/discount-licensing.com\/de\/produkt\/microsoft-windows-10-enterprise-ltsc-volume-upgrade\/","url":"https:\/\/discount-licensing.com\/de\/produkt\/microsoft-windows-10-enterprise-ltsc-volume-upgrade\/","name":"Microsoft Windows 10 Enterprise LTSC Volume Upgrade - discount-licensing","isPartOf":{"@id":"https:\/\/discount-licensing.com\/de\/#website"},"primaryImageOfPage":{"@id":"https:\/\/discount-licensing.com\/de\/produkt\/microsoft-windows-10-enterprise-ltsc-volume-upgrade\/#primaryimage"},"image":{"@id":"https:\/\/discount-licensing.com\/de\/produkt\/microsoft-windows-10-enterprise-ltsc-volume-upgrade\/#primaryimage"},"thumbnailUrl":"https:\/\/discount-licensing.com\/wp-content\/uploads\/2022\/09\/Microsoft-Windows-10-Enterprise-LTSB-Volume-Upgrade.jpg","datePublished":"2022-12-21T12:15:18+00:00","dateModified":"2023-05-30T12:36:01+00:00","breadcrumb":{"@id":"https:\/\/discount-licensing.com\/de\/produkt\/microsoft-windows-10-enterprise-ltsc-volume-upgrade\/#breadcrumb"},"inLanguage":"de","potentialAction":[{"@type":"ReadAction","target":["https:\/\/discount-licensing.com\/de\/produkt\/microsoft-windows-10-enterprise-ltsc-volume-upgrade\/"]}]},{"@type":"ImageObject","inLanguage":"de","@id":"https:\/\/discount-licensing.com\/de\/produkt\/microsoft-windows-10-enterprise-ltsc-volume-upgrade\/#primaryimage","url":"https:\/\/discount-licensing.com\/wp-content\/uploads\/2022\/09\/Microsoft-Windows-10-Enterprise-LTSB-Volume-Upgrade.jpg","contentUrl":"https:\/\/discount-licensing.com\/wp-content\/uploads\/2022\/09\/Microsoft-Windows-10-Enterprise-LTSB-Volume-Upgrade.jpg","width":787,"height":787},{"@type":"BreadcrumbList","@id":"https:\/\/discount-licensing.com\/de\/produkt\/microsoft-windows-10-enterprise-ltsc-volume-upgrade\/#breadcrumb","itemListElement":[{"@type":"ListItem","position":1,"name":"Home","item":"https:\/\/discount-licensing.com\/de\/home\/"},{"@type":"ListItem","position":2,"name":"Shop","item":"https:\/\/discount-licensing.com\/de\/shop\/"},{"@type":"ListItem","position":3,"name":"Microsoft Windows 10 Enterprise LTSC Volume Upgrade"}]},{"@type":"WebSite","@id":"https:\/\/discount-licensing.com\/de\/#website","url":"https:\/\/discount-licensing.com\/de\/","name":"discount-licensing","description":"We Sell Discounted Pre-owned Microsoft Volume Software Throughout Europe","potentialAction":[{"@type":"SearchAction","target":{"@type":"EntryPoint","urlTemplate":"https:\/\/discount-licensing.com\/de\/?s={search_term_string}"},"query-input":{"@type":"PropertyValueSpecification","valueRequired":true,"valueName":"search_term_string"}}],"inLanguage":"de"}]}},"_links":{"self":[{"href":"https:\/\/discount-licensing.com\/de\/wp-json\/wp\/v2\/product\/11495","targetHints":{"allow":["GET"]}}],"collection":[{"href":"https:\/\/discount-licensing.com\/de\/wp-json\/wp\/v2\/product"}],"about":[{"href":"https:\/\/discount-licensing.com\/de\/wp-json\/wp\/v2\/types\/product"}],"version-history":[{"count":0,"href":"https:\/\/discount-licensing.com\/de\/wp-json\/wp\/v2\/product\/11495\/revisions"}],"wp:featuredmedia":[{"embeddable":true,"href":"https:\/\/discount-licensing.com\/de\/wp-json\/wp\/v2\/media\/6682"}],"wp:attachment":[{"href":"https:\/\/discount-licensing.com\/de\/wp-json\/wp\/v2\/media?parent=11495"}],"wp:term":[{"taxonomy":"product_brand","embeddable":true,"href":"https:\/\/discount-licensing.com\/de\/wp-json\/wp\/v2\/product_brand?post=11495"},{"taxonomy":"product_cat","embeddable":true,"href":"https:\/\/discount-licensing.com\/de\/wp-json\/wp\/v2\/product_cat?post=11495"},{"taxonomy":"product_tag","embeddable":true,"href":"https:\/\/discount-licensing.com\/de\/wp-json\/wp\/v2\/product_tag?post=11495"}],"curies":[{"name":"wp","href":"https:\/\/api.w.org\/{rel}","templated":true}]}}