{"id":11163,"date":"2019-03-11T12:37:13","date_gmt":"2019-03-11T12:37:13","guid":{"rendered":"https:\/\/wp.discount-licensing.com\/\/product\/sql-server-enterprise-2014-2-core\/"},"modified":"2023-06-01T11:40:43","modified_gmt":"2023-06-01T10:40:43","slug":"sql-server-2014-enterprise-2-core","status":"publish","type":"product","link":"https:\/\/discount-licensing.com\/de\/produkt\/sql-server-2014-enterprise-2-core\/","title":{"rendered":"SQL Server Enterprise 2014 (2 Core)"},"content":{"rendered":"<p><strong>Beschreibung<\/strong><\/p>\n<p>SQL Server Enterprise 2014 (2 Core) ist die relationale Datenbank-Management-Software von Microsoft, bei der Daten durch andere Anwendungen gespeichert und abgerufen werden k\u00f6nnen. Downgraderechte auf Vorg\u00e4ngerversionen enthalten. SQL Server Enterprise Edition umfasst weitere Zusatzdienste und ist ideal f\u00fcr Anwendungen, die erfolgskritische In-Memory-Leistung, Sicherheit und hohe Verf\u00fcgbarkeit ben\u00f6tigen. Bei der Lizenzierung von SQL Server Enterprise Edition muss die angemessene Anzahl an Core-Lizenzen zugewiesen werden. Dabei sind vier Cores die Mindestanforderung. Sobald die Lizenzierung abgeschlossen ist, kann eine unbegrenzte Anzahl von Benutzern und Ger\u00e4ten ohne Client Access Licences (CALs) zugreifen. <\/p>\n<p>Alle unsere Gebrauchtsoftwarelizenzen stammen aus Open-, Select-, Enterprise- oder MPSA-Programmen \u00fcber unbefristete Microsoft-Volumenlizenzen. Alle Softwarelizenzen werden streng gepr\u00fcft, um die vollst\u00e4ndige Einhaltung der Gesetze der Europ\u00e4ischen Union und des Vereinigten K\u00f6nigreichs sicherzustellen. Softwarelizenzen werden zu erm\u00e4\u00dfigten Preisen verkauft und mit einem vollst\u00e4ndig dokumentierten Auditprotokoll geliefert, um im Falle eines Anbieter-\/SAM-Audits das gesetzliche Eigentum nachweisen zu k\u00f6nnen. Weitere Informationen erhalten Sie unter <a href=\"tel:+34934923499\">+34 934 923499<\/a> (EU) oder <a href=\"tel:+441283511524\">+44(0)1283 511524<\/a> (UK) oder senden Sie eine Online-Anfrage.<\/p>\n<p><strong>\u00dcbersicht \/ Eigenschaften<\/strong><\/p>\n<p>Lizenzart: Gebrauchte, unbefristete Volumenlizenz<br \/>\nG\u00fcltigkeit: Unbefristet<br \/>\nInstallationsmethode: ISO<br \/>\nArchitektur: 64 bit<br \/>\nBetriebssystem:<br \/>\nSystemanforderungen:<br \/>\nMindest-Prozessortyp:<br \/>\nMindestgr\u00f6\u00dfe Arbeitsspeicher:<br \/>\nMindestgr\u00f6\u00dfe freier Festplattenspeicher:<br \/>\n&#8211;<\/p>\n","protected":false},"excerpt":{"rendered":"<p>Beschreibung SQL Server Enterprise 2014 (2 Core) ist die relationale Datenbank-Management-Software von Microsoft, bei der Daten durch andere Anwendungen gespeichert und abgerufen werden k\u00f6nnen. Downgraderechte auf<span class=\"excerpt-hellip\"> [\u2026]<\/span><\/p>\n","protected":false},"featured_media":6622,"template":"","meta":[],"product_brand":[],"product_cat":[306,270,640,469],"product_tag":[],"class_list":{"0":"post-11163","1":"product","2":"type-product","3":"status-publish","4":"has-post-thumbnail","6":"product_cat-microsoft-sql-server-de","7":"product_cat-server-de","8":"product_cat-2014-versions-de","9":"product_cat-sql-server-2014-de","11":"first","12":"instock","13":"shipping-taxable","14":"purchasable","15":"product-type-simple"},"yoast_head":"<!-- This site is optimized with the Yoast SEO plugin v27.1.1 - https:\/\/yoast.com\/product\/yoast-seo-wordpress\/ -->\n<title>SQL Server Enterprise 2014 (2 Core) - discount-licensing<\/title>\n<meta name=\"robots\" content=\"index, follow, max-snippet:-1, max-image-preview:large, max-video-preview:-1\" \/>\n<link rel=\"canonical\" href=\"https:\/\/discount-licensing.com\/de\/produkt\/sql-server-2014-enterprise-2-core\/\" \/>\n<meta property=\"og:locale\" content=\"de_DE\" \/>\n<meta property=\"og:type\" content=\"article\" \/>\n<meta property=\"og:title\" content=\"SQL Server Enterprise 2014 (2 Core) - discount-licensing\" \/>\n<meta property=\"og:description\" content=\"Beschreibung SQL Server Enterprise 2014 (2 Core) ist die relationale Datenbank-Management-Software von Microsoft, bei der Daten durch andere Anwendungen gespeichert und abgerufen werden k\u00f6nnen. Downgraderechte auf [\u2026]\" \/>\n<meta property=\"og:url\" content=\"https:\/\/discount-licensing.com\/de\/produkt\/sql-server-2014-enterprise-2-core\/\" \/>\n<meta property=\"og:site_name\" content=\"discount-licensing\" \/>\n<meta property=\"article:publisher\" content=\"https:\/\/www.facebook.com\/DiscountLicensing\" \/>\n<meta property=\"article:modified_time\" content=\"2023-06-01T10:40:43+00:00\" \/>\n<meta property=\"og:image\" content=\"https:\/\/discount-licensing.com\/wp-content\/uploads\/2022\/09\/SQL-2014-Enterprise-2-Core.jpg\" \/>\n\t<meta property=\"og:image:width\" content=\"787\" \/>\n\t<meta property=\"og:image:height\" content=\"787\" \/>\n\t<meta property=\"og:image:type\" content=\"image\/jpeg\" \/>\n<meta name=\"twitter:card\" content=\"summary_large_image\" \/>\n<meta name=\"twitter:label1\" content=\"Gesch\u00e4tzte Lesezeit\" \/>\n\t<meta name=\"twitter:data1\" content=\"1\u00a0Minute\" \/>\n<script type=\"application\/ld+json\" class=\"yoast-schema-graph\">{\"@context\":\"https:\/\/schema.org\",\"@graph\":[{\"@type\":\"WebPage\",\"@id\":\"https:\/\/discount-licensing.com\/de\/produkt\/sql-server-2014-enterprise-2-core\/\",\"url\":\"https:\/\/discount-licensing.com\/de\/produkt\/sql-server-2014-enterprise-2-core\/\",\"name\":\"SQL Server Enterprise 2014 (2 Core) - discount-licensing\",\"isPartOf\":{\"@id\":\"https:\/\/discount-licensing.com\/de\/#website\"},\"primaryImageOfPage\":{\"@id\":\"https:\/\/discount-licensing.com\/de\/produkt\/sql-server-2014-enterprise-2-core\/#primaryimage\"},\"image\":{\"@id\":\"https:\/\/discount-licensing.com\/de\/produkt\/sql-server-2014-enterprise-2-core\/#primaryimage\"},\"thumbnailUrl\":\"https:\/\/discount-licensing.com\/wp-content\/uploads\/2022\/09\/SQL-2014-Enterprise-2-Core.jpg\",\"datePublished\":\"2019-03-11T12:37:13+00:00\",\"dateModified\":\"2023-06-01T10:40:43+00:00\",\"breadcrumb\":{\"@id\":\"https:\/\/discount-licensing.com\/de\/produkt\/sql-server-2014-enterprise-2-core\/#breadcrumb\"},\"inLanguage\":\"de\",\"potentialAction\":[{\"@type\":\"ReadAction\",\"target\":[\"https:\/\/discount-licensing.com\/de\/produkt\/sql-server-2014-enterprise-2-core\/\"]}]},{\"@type\":\"ImageObject\",\"inLanguage\":\"de\",\"@id\":\"https:\/\/discount-licensing.com\/de\/produkt\/sql-server-2014-enterprise-2-core\/#primaryimage\",\"url\":\"https:\/\/discount-licensing.com\/wp-content\/uploads\/2022\/09\/SQL-2014-Enterprise-2-Core.jpg\",\"contentUrl\":\"https:\/\/discount-licensing.com\/wp-content\/uploads\/2022\/09\/SQL-2014-Enterprise-2-Core.jpg\",\"width\":787,\"height\":787},{\"@type\":\"BreadcrumbList\",\"@id\":\"https:\/\/discount-licensing.com\/de\/produkt\/sql-server-2014-enterprise-2-core\/#breadcrumb\",\"itemListElement\":[{\"@type\":\"ListItem\",\"position\":1,\"name\":\"Home\",\"item\":\"https:\/\/discount-licensing.com\/de\/home\/\"},{\"@type\":\"ListItem\",\"position\":2,\"name\":\"Shop\",\"item\":\"https:\/\/discount-licensing.com\/de\/shop\/\"},{\"@type\":\"ListItem\",\"position\":3,\"name\":\"SQL Server Enterprise 2014 (2 Core)\"}]},{\"@type\":\"WebSite\",\"@id\":\"https:\/\/discount-licensing.com\/de\/#website\",\"url\":\"https:\/\/discount-licensing.com\/de\/\",\"name\":\"discount-licensing\",\"description\":\"We Sell Discounted Pre-owned Microsoft Volume Software Throughout Europe\",\"publisher\":{\"@id\":\"https:\/\/discount-licensing.com\/de\/#organization\"},\"potentialAction\":[{\"@type\":\"SearchAction\",\"target\":{\"@type\":\"EntryPoint\",\"urlTemplate\":\"https:\/\/discount-licensing.com\/de\/?s={search_term_string}\"},\"query-input\":{\"@type\":\"PropertyValueSpecification\",\"valueRequired\":true,\"valueName\":\"search_term_string\"}}],\"inLanguage\":\"de\"},{\"@type\":\"Organization\",\"@id\":\"https:\/\/discount-licensing.com\/de\/#organization\",\"name\":\"discount-licensing\",\"url\":\"https:\/\/discount-licensing.com\/de\/\",\"logo\":{\"@type\":\"ImageObject\",\"inLanguage\":\"de\",\"@id\":\"https:\/\/discount-licensing.com\/de\/#\/schema\/logo\/image\/\",\"url\":\"https:\/\/discount-licensing.com\/wp-content\/uploads\/2023\/09\/discount-licensing-1.jpg\",\"contentUrl\":\"https:\/\/discount-licensing.com\/wp-content\/uploads\/2023\/09\/discount-licensing-1.jpg\",\"width\":800,\"height\":533,\"caption\":\"discount-licensing\"},\"image\":{\"@id\":\"https:\/\/discount-licensing.com\/de\/#\/schema\/logo\/image\/\"},\"sameAs\":[\"https:\/\/www.facebook.com\/DiscountLicensing\"]}]}<\/script>\n<!-- \/ Yoast SEO plugin. -->","yoast_head_json":{"title":"SQL Server Enterprise 2014 (2 Core) - discount-licensing","robots":{"index":"index","follow":"follow","max-snippet":"max-snippet:-1","max-image-preview":"max-image-preview:large","max-video-preview":"max-video-preview:-1"},"canonical":"https:\/\/discount-licensing.com\/de\/produkt\/sql-server-2014-enterprise-2-core\/","og_locale":"de_DE","og_type":"article","og_title":"SQL Server Enterprise 2014 (2 Core) - discount-licensing","og_description":"Beschreibung SQL Server Enterprise 2014 (2 Core) ist die relationale Datenbank-Management-Software von Microsoft, bei der Daten durch andere Anwendungen gespeichert und abgerufen werden k\u00f6nnen. Downgraderechte auf [\u2026]","og_url":"https:\/\/discount-licensing.com\/de\/produkt\/sql-server-2014-enterprise-2-core\/","og_site_name":"discount-licensing","article_publisher":"https:\/\/www.facebook.com\/DiscountLicensing","article_modified_time":"2023-06-01T10:40:43+00:00","og_image":[{"width":787,"height":787,"url":"https:\/\/discount-licensing.com\/wp-content\/uploads\/2022\/09\/SQL-2014-Enterprise-2-Core.jpg","type":"image\/jpeg"}],"twitter_card":"summary_large_image","twitter_misc":{"Gesch\u00e4tzte Lesezeit":"1\u00a0Minute"},"schema":{"@context":"https:\/\/schema.org","@graph":[{"@type":"WebPage","@id":"https:\/\/discount-licensing.com\/de\/produkt\/sql-server-2014-enterprise-2-core\/","url":"https:\/\/discount-licensing.com\/de\/produkt\/sql-server-2014-enterprise-2-core\/","name":"SQL Server Enterprise 2014 (2 Core) - discount-licensing","isPartOf":{"@id":"https:\/\/discount-licensing.com\/de\/#website"},"primaryImageOfPage":{"@id":"https:\/\/discount-licensing.com\/de\/produkt\/sql-server-2014-enterprise-2-core\/#primaryimage"},"image":{"@id":"https:\/\/discount-licensing.com\/de\/produkt\/sql-server-2014-enterprise-2-core\/#primaryimage"},"thumbnailUrl":"https:\/\/discount-licensing.com\/wp-content\/uploads\/2022\/09\/SQL-2014-Enterprise-2-Core.jpg","datePublished":"2019-03-11T12:37:13+00:00","dateModified":"2023-06-01T10:40:43+00:00","breadcrumb":{"@id":"https:\/\/discount-licensing.com\/de\/produkt\/sql-server-2014-enterprise-2-core\/#breadcrumb"},"inLanguage":"de","potentialAction":[{"@type":"ReadAction","target":["https:\/\/discount-licensing.com\/de\/produkt\/sql-server-2014-enterprise-2-core\/"]}]},{"@type":"ImageObject","inLanguage":"de","@id":"https:\/\/discount-licensing.com\/de\/produkt\/sql-server-2014-enterprise-2-core\/#primaryimage","url":"https:\/\/discount-licensing.com\/wp-content\/uploads\/2022\/09\/SQL-2014-Enterprise-2-Core.jpg","contentUrl":"https:\/\/discount-licensing.com\/wp-content\/uploads\/2022\/09\/SQL-2014-Enterprise-2-Core.jpg","width":787,"height":787},{"@type":"BreadcrumbList","@id":"https:\/\/discount-licensing.com\/de\/produkt\/sql-server-2014-enterprise-2-core\/#breadcrumb","itemListElement":[{"@type":"ListItem","position":1,"name":"Home","item":"https:\/\/discount-licensing.com\/de\/home\/"},{"@type":"ListItem","position":2,"name":"Shop","item":"https:\/\/discount-licensing.com\/de\/shop\/"},{"@type":"ListItem","position":3,"name":"SQL Server Enterprise 2014 (2 Core)"}]},{"@type":"WebSite","@id":"https:\/\/discount-licensing.com\/de\/#website","url":"https:\/\/discount-licensing.com\/de\/","name":"discount-licensing","description":"We Sell Discounted Pre-owned Microsoft Volume Software Throughout Europe","publisher":{"@id":"https:\/\/discount-licensing.com\/de\/#organization"},"potentialAction":[{"@type":"SearchAction","target":{"@type":"EntryPoint","urlTemplate":"https:\/\/discount-licensing.com\/de\/?s={search_term_string}"},"query-input":{"@type":"PropertyValueSpecification","valueRequired":true,"valueName":"search_term_string"}}],"inLanguage":"de"},{"@type":"Organization","@id":"https:\/\/discount-licensing.com\/de\/#organization","name":"discount-licensing","url":"https:\/\/discount-licensing.com\/de\/","logo":{"@type":"ImageObject","inLanguage":"de","@id":"https:\/\/discount-licensing.com\/de\/#\/schema\/logo\/image\/","url":"https:\/\/discount-licensing.com\/wp-content\/uploads\/2023\/09\/discount-licensing-1.jpg","contentUrl":"https:\/\/discount-licensing.com\/wp-content\/uploads\/2023\/09\/discount-licensing-1.jpg","width":800,"height":533,"caption":"discount-licensing"},"image":{"@id":"https:\/\/discount-licensing.com\/de\/#\/schema\/logo\/image\/"},"sameAs":["https:\/\/www.facebook.com\/DiscountLicensing"]}]}},"_links":{"self":[{"href":"https:\/\/discount-licensing.com\/de\/wp-json\/wp\/v2\/product\/11163","targetHints":{"allow":["GET"]}}],"collection":[{"href":"https:\/\/discount-licensing.com\/de\/wp-json\/wp\/v2\/product"}],"about":[{"href":"https:\/\/discount-licensing.com\/de\/wp-json\/wp\/v2\/types\/product"}],"version-history":[{"count":0,"href":"https:\/\/discount-licensing.com\/de\/wp-json\/wp\/v2\/product\/11163\/revisions"}],"wp:featuredmedia":[{"embeddable":true,"href":"https:\/\/discount-licensing.com\/de\/wp-json\/wp\/v2\/media\/6622"}],"wp:attachment":[{"href":"https:\/\/discount-licensing.com\/de\/wp-json\/wp\/v2\/media?parent=11163"}],"wp:term":[{"taxonomy":"product_brand","embeddable":true,"href":"https:\/\/discount-licensing.com\/de\/wp-json\/wp\/v2\/product_brand?post=11163"},{"taxonomy":"product_cat","embeddable":true,"href":"https:\/\/discount-licensing.com\/de\/wp-json\/wp\/v2\/product_cat?post=11163"},{"taxonomy":"product_tag","embeddable":true,"href":"https:\/\/discount-licensing.com\/de\/wp-json\/wp\/v2\/product_tag?post=11163"}],"curies":[{"name":"wp","href":"https:\/\/api.w.org\/{rel}","templated":true}]}}