{"id":10220,"date":"2019-08-01T15:16:19","date_gmt":"2019-08-01T14:16:19","guid":{"rendered":"https:\/\/wp.discount-licensing.com\/\/product\/visual-studio-2017-enterprise\/"},"modified":"2023-05-31T12:36:16","modified_gmt":"2023-05-31T11:36:16","slug":"visual-studio-2017-enterprise","status":"publish","type":"product","link":"https:\/\/discount-licensing.com\/de\/produkt\/visual-studio-2017-enterprise\/","title":{"rendered":"Visual Studio 2017 Enterprise"},"content":{"rendered":"<p><strong>Beschreibung<\/strong><\/p>\n<p>Bei Microsoft Visual Studio 2017 Enterprise handelt es sich um eine integrierte Entwicklungsumgebung (Integrated Development Environment, IDE) f\u00fcr alle unterst\u00fctzten Entwicklungssprachen. Es kann zur Entwicklung von Computerprogrammen, Websites, Webanwendungen, Webdiensten und mobilen Apps verwendet werden. Downgraderechte auf Vorg\u00e4ngerversionen enthalten.<\/p>\n<p>Alle unsere Gebrauchtsoftwarelizenzen stammen aus Open-, Select-, Enterprise- oder MPSA-Programmen \u00fcber unbefristete Microsoft-Volumenlizenzen. Alle Softwarelizenzen werden streng gepr\u00fcft, um die vollst\u00e4ndige Einhaltung der Gesetze der Europ\u00e4ischen Union und des Vereinigten K\u00f6nigreichs sicherzustellen. Softwarelizenzen werden zu erm\u00e4\u00dfigten Preisen verkauft und mit einem vollst\u00e4ndig dokumentierten Auditprotokoll geliefert, um im Falle eines Anbieter-\/SAM-Audits das gesetzliche Eigentum nachweisen zu k\u00f6nnen. Weitere Informationen erhalten Sie unter <a href=\"tel:+34934923499\">+34 934 923499<\/a> (EU) oder <a href=\"tel:+441283511524\">+44(0)1283 511524<\/a> (UK) oder senden Sie eine Online-Anfrage.<\/p>\n<p><strong>\u00dcbersicht \/ Eigenschaften<\/strong><\/p>\n<p>Lizenzart: Gebrauchte, unbefristete Volumenlizenz<br \/>\nG\u00fcltigkeit: Unbefristet<br \/>\nInstallationsmethode:<br \/>\nArchitektur:<br \/>\nBetriebssystem: Windows<br \/>\nSystemanforderungen:<br \/>\nMindest-Prozessortyp:<br \/>\nMindestgr\u00f6\u00dfe Arbeitsspeicher:<br \/>\nMindestgr\u00f6\u00dfe freier Festplattenspeicher: <\/p>\n","protected":false},"excerpt":{"rendered":"<p>Beschreibung Bei Microsoft Visual Studio 2017 Enterprise handelt es sich um eine integrierte Entwicklungsumgebung (Integrated Development Environment, IDE) f\u00fcr alle unterst\u00fctzten Entwicklungssprachen. Es kann zur Entwicklung<span class=\"excerpt-hellip\"> [\u2026]<\/span><\/p>\n","protected":false},"featured_media":7218,"template":"","meta":[],"product_brand":[],"product_cat":[233,196,255,256],"product_tag":[],"class_list":{"0":"post-10220","1":"product","2":"type-product","3":"status-publish","4":"has-post-thumbnail","6":"product_cat-2019-versions-de","7":"product_cat-anwendungen","8":"product_cat-microsoft-visual-studio-de","9":"product_cat-visual-studio-2017-de","11":"first","12":"instock","13":"shipping-taxable","14":"purchasable","15":"product-type-simple"},"yoast_head":"<!-- This site is optimized with the Yoast SEO plugin v27.1.1 - https:\/\/yoast.com\/product\/yoast-seo-wordpress\/ -->\n<title>Visual Studio 2017 Enterprise - discount-licensing<\/title>\n<meta name=\"robots\" content=\"index, follow, max-snippet:-1, max-image-preview:large, max-video-preview:-1\" \/>\n<link rel=\"canonical\" href=\"https:\/\/discount-licensing.com\/de\/produkt\/visual-studio-2017-enterprise\/\" \/>\n<meta property=\"og:locale\" content=\"de_DE\" \/>\n<meta property=\"og:type\" content=\"article\" \/>\n<meta property=\"og:title\" content=\"Visual Studio 2017 Enterprise - discount-licensing\" \/>\n<meta property=\"og:description\" content=\"Beschreibung Bei Microsoft Visual Studio 2017 Enterprise handelt es sich um eine integrierte Entwicklungsumgebung (Integrated Development Environment, IDE) f\u00fcr alle unterst\u00fctzten Entwicklungssprachen. Es kann zur Entwicklung [\u2026]\" \/>\n<meta property=\"og:url\" content=\"https:\/\/discount-licensing.com\/de\/produkt\/visual-studio-2017-enterprise\/\" \/>\n<meta property=\"og:site_name\" content=\"discount-licensing\" \/>\n<meta property=\"article:modified_time\" content=\"2023-05-31T11:36:16+00:00\" \/>\n<meta property=\"og:image\" content=\"https:\/\/discount-licensing.com\/wp-content\/uploads\/2022\/09\/Visual-Studio-2017-Enterprise.jpg\" \/>\n\t<meta property=\"og:image:width\" content=\"787\" \/>\n\t<meta property=\"og:image:height\" content=\"787\" \/>\n\t<meta property=\"og:image:type\" content=\"image\/jpeg\" \/>\n<meta name=\"twitter:card\" content=\"summary_large_image\" \/>\n<meta name=\"twitter:label1\" content=\"Gesch\u00e4tzte Lesezeit\" \/>\n\t<meta name=\"twitter:data1\" content=\"1\u00a0Minute\" \/>\n<script type=\"application\/ld+json\" class=\"yoast-schema-graph\">{\"@context\":\"https:\/\/schema.org\",\"@graph\":[{\"@type\":\"WebPage\",\"@id\":\"https:\/\/discount-licensing.com\/de\/produkt\/visual-studio-2017-enterprise\/\",\"url\":\"https:\/\/discount-licensing.com\/de\/produkt\/visual-studio-2017-enterprise\/\",\"name\":\"Visual Studio 2017 Enterprise - discount-licensing\",\"isPartOf\":{\"@id\":\"https:\/\/discount-licensing.com\/de\/#website\"},\"primaryImageOfPage\":{\"@id\":\"https:\/\/discount-licensing.com\/de\/produkt\/visual-studio-2017-enterprise\/#primaryimage\"},\"image\":{\"@id\":\"https:\/\/discount-licensing.com\/de\/produkt\/visual-studio-2017-enterprise\/#primaryimage\"},\"thumbnailUrl\":\"https:\/\/discount-licensing.com\/wp-content\/uploads\/2022\/09\/Visual-Studio-2017-Enterprise.jpg\",\"datePublished\":\"2019-08-01T14:16:19+00:00\",\"dateModified\":\"2023-05-31T11:36:16+00:00\",\"breadcrumb\":{\"@id\":\"https:\/\/discount-licensing.com\/de\/produkt\/visual-studio-2017-enterprise\/#breadcrumb\"},\"inLanguage\":\"de\",\"potentialAction\":[{\"@type\":\"ReadAction\",\"target\":[\"https:\/\/discount-licensing.com\/de\/produkt\/visual-studio-2017-enterprise\/\"]}]},{\"@type\":\"ImageObject\",\"inLanguage\":\"de\",\"@id\":\"https:\/\/discount-licensing.com\/de\/produkt\/visual-studio-2017-enterprise\/#primaryimage\",\"url\":\"https:\/\/discount-licensing.com\/wp-content\/uploads\/2022\/09\/Visual-Studio-2017-Enterprise.jpg\",\"contentUrl\":\"https:\/\/discount-licensing.com\/wp-content\/uploads\/2022\/09\/Visual-Studio-2017-Enterprise.jpg\",\"width\":787,\"height\":787},{\"@type\":\"BreadcrumbList\",\"@id\":\"https:\/\/discount-licensing.com\/de\/produkt\/visual-studio-2017-enterprise\/#breadcrumb\",\"itemListElement\":[{\"@type\":\"ListItem\",\"position\":1,\"name\":\"Home\",\"item\":\"https:\/\/discount-licensing.com\/de\/home\/\"},{\"@type\":\"ListItem\",\"position\":2,\"name\":\"Shop\",\"item\":\"https:\/\/discount-licensing.com\/de\/shop\/\"},{\"@type\":\"ListItem\",\"position\":3,\"name\":\"Visual Studio 2017 Enterprise\"}]},{\"@type\":\"WebSite\",\"@id\":\"https:\/\/discount-licensing.com\/de\/#website\",\"url\":\"https:\/\/discount-licensing.com\/de\/\",\"name\":\"discount-licensing\",\"description\":\"We Sell Discounted Pre-owned Microsoft Volume Software Throughout Europe\",\"potentialAction\":[{\"@type\":\"SearchAction\",\"target\":{\"@type\":\"EntryPoint\",\"urlTemplate\":\"https:\/\/discount-licensing.com\/de\/?s={search_term_string}\"},\"query-input\":{\"@type\":\"PropertyValueSpecification\",\"valueRequired\":true,\"valueName\":\"search_term_string\"}}],\"inLanguage\":\"de\"}]}<\/script>\n<!-- \/ Yoast SEO plugin. -->","yoast_head_json":{"title":"Visual Studio 2017 Enterprise - discount-licensing","robots":{"index":"index","follow":"follow","max-snippet":"max-snippet:-1","max-image-preview":"max-image-preview:large","max-video-preview":"max-video-preview:-1"},"canonical":"https:\/\/discount-licensing.com\/de\/produkt\/visual-studio-2017-enterprise\/","og_locale":"de_DE","og_type":"article","og_title":"Visual Studio 2017 Enterprise - discount-licensing","og_description":"Beschreibung Bei Microsoft Visual Studio 2017 Enterprise handelt es sich um eine integrierte Entwicklungsumgebung (Integrated Development Environment, IDE) f\u00fcr alle unterst\u00fctzten Entwicklungssprachen. Es kann zur Entwicklung [\u2026]","og_url":"https:\/\/discount-licensing.com\/de\/produkt\/visual-studio-2017-enterprise\/","og_site_name":"discount-licensing","article_modified_time":"2023-05-31T11:36:16+00:00","og_image":[{"width":787,"height":787,"url":"https:\/\/discount-licensing.com\/wp-content\/uploads\/2022\/09\/Visual-Studio-2017-Enterprise.jpg","type":"image\/jpeg"}],"twitter_card":"summary_large_image","twitter_misc":{"Gesch\u00e4tzte Lesezeit":"1\u00a0Minute"},"schema":{"@context":"https:\/\/schema.org","@graph":[{"@type":"WebPage","@id":"https:\/\/discount-licensing.com\/de\/produkt\/visual-studio-2017-enterprise\/","url":"https:\/\/discount-licensing.com\/de\/produkt\/visual-studio-2017-enterprise\/","name":"Visual Studio 2017 Enterprise - discount-licensing","isPartOf":{"@id":"https:\/\/discount-licensing.com\/de\/#website"},"primaryImageOfPage":{"@id":"https:\/\/discount-licensing.com\/de\/produkt\/visual-studio-2017-enterprise\/#primaryimage"},"image":{"@id":"https:\/\/discount-licensing.com\/de\/produkt\/visual-studio-2017-enterprise\/#primaryimage"},"thumbnailUrl":"https:\/\/discount-licensing.com\/wp-content\/uploads\/2022\/09\/Visual-Studio-2017-Enterprise.jpg","datePublished":"2019-08-01T14:16:19+00:00","dateModified":"2023-05-31T11:36:16+00:00","breadcrumb":{"@id":"https:\/\/discount-licensing.com\/de\/produkt\/visual-studio-2017-enterprise\/#breadcrumb"},"inLanguage":"de","potentialAction":[{"@type":"ReadAction","target":["https:\/\/discount-licensing.com\/de\/produkt\/visual-studio-2017-enterprise\/"]}]},{"@type":"ImageObject","inLanguage":"de","@id":"https:\/\/discount-licensing.com\/de\/produkt\/visual-studio-2017-enterprise\/#primaryimage","url":"https:\/\/discount-licensing.com\/wp-content\/uploads\/2022\/09\/Visual-Studio-2017-Enterprise.jpg","contentUrl":"https:\/\/discount-licensing.com\/wp-content\/uploads\/2022\/09\/Visual-Studio-2017-Enterprise.jpg","width":787,"height":787},{"@type":"BreadcrumbList","@id":"https:\/\/discount-licensing.com\/de\/produkt\/visual-studio-2017-enterprise\/#breadcrumb","itemListElement":[{"@type":"ListItem","position":1,"name":"Home","item":"https:\/\/discount-licensing.com\/de\/home\/"},{"@type":"ListItem","position":2,"name":"Shop","item":"https:\/\/discount-licensing.com\/de\/shop\/"},{"@type":"ListItem","position":3,"name":"Visual Studio 2017 Enterprise"}]},{"@type":"WebSite","@id":"https:\/\/discount-licensing.com\/de\/#website","url":"https:\/\/discount-licensing.com\/de\/","name":"discount-licensing","description":"We Sell Discounted Pre-owned Microsoft Volume Software Throughout Europe","potentialAction":[{"@type":"SearchAction","target":{"@type":"EntryPoint","urlTemplate":"https:\/\/discount-licensing.com\/de\/?s={search_term_string}"},"query-input":{"@type":"PropertyValueSpecification","valueRequired":true,"valueName":"search_term_string"}}],"inLanguage":"de"}]}},"_links":{"self":[{"href":"https:\/\/discount-licensing.com\/de\/wp-json\/wp\/v2\/product\/10220","targetHints":{"allow":["GET"]}}],"collection":[{"href":"https:\/\/discount-licensing.com\/de\/wp-json\/wp\/v2\/product"}],"about":[{"href":"https:\/\/discount-licensing.com\/de\/wp-json\/wp\/v2\/types\/product"}],"version-history":[{"count":0,"href":"https:\/\/discount-licensing.com\/de\/wp-json\/wp\/v2\/product\/10220\/revisions"}],"wp:featuredmedia":[{"embeddable":true,"href":"https:\/\/discount-licensing.com\/de\/wp-json\/wp\/v2\/media\/7218"}],"wp:attachment":[{"href":"https:\/\/discount-licensing.com\/de\/wp-json\/wp\/v2\/media?parent=10220"}],"wp:term":[{"taxonomy":"product_brand","embeddable":true,"href":"https:\/\/discount-licensing.com\/de\/wp-json\/wp\/v2\/product_brand?post=10220"},{"taxonomy":"product_cat","embeddable":true,"href":"https:\/\/discount-licensing.com\/de\/wp-json\/wp\/v2\/product_cat?post=10220"},{"taxonomy":"product_tag","embeddable":true,"href":"https:\/\/discount-licensing.com\/de\/wp-json\/wp\/v2\/product_tag?post=10220"}],"curies":[{"name":"wp","href":"https:\/\/api.w.org\/{rel}","templated":true}]}}