{"id":10189,"date":"2019-08-01T14:27:51","date_gmt":"2019-08-01T13:27:51","guid":{"rendered":"https:\/\/wp.discount-licensing.com\/\/product\/project-2019-professional\/"},"modified":"2023-05-31T11:12:13","modified_gmt":"2023-05-31T10:12:13","slug":"project-2019-professional","status":"publish","type":"product","link":"https:\/\/discount-licensing.com\/de\/produkt\/project-2019-professional\/","title":{"rendered":"Project 2019 Professional"},"content":{"rendered":"<p><strong>Beschreibung<\/strong><\/p>\n<p>Microsoft Project 2019 Professional unterst\u00fctzt Sie bei einem schnellen Projektstart und bei der einfachen Projektausf\u00fchrung. Integrierte Vorlagen und bekannte Planungs-Tools helfen Vorgesetzten und Teams dabei, produktiv zu bleiben. Downgraderechte auf Vorg\u00e4ngerversionen enthalten. Die Professional Edition umfasst alle Funktionen von Microsoft Project Standard plus zus\u00e4tzliche Funktionen wie Team-Kollaborationstools und die M\u00f6glichkeit, sich mit dem Microsoft Project Server zu verbinden.<\/p>\n<p>Alle unsere Gebrauchtsoftwarelizenzen stammen aus Open-, Select-, Enterprise- oder MPSA-Programmen \u00fcber unbefristete Microsoft-Volumenlizenzen. Alle Softwarelizenzen werden streng gepr\u00fcft, um die vollst\u00e4ndige Einhaltung der Gesetze der Europ\u00e4ischen Union und des Vereinigten K\u00f6nigreichs sicherzustellen. Softwarelizenzen werden zu erm\u00e4\u00dfigten Preisen verkauft und mit einem vollst\u00e4ndig dokumentierten Auditprotokoll geliefert, um im Falle eines Anbieter-\/SAM-Audits das gesetzliche Eigentum nachweisen zu k\u00f6nnen. Weitere Informationen erhalten Sie unter <a href=\"tel:+34934923499\">+34 934 923499<\/a> (EU) oder <a href=\"tel:+441283511524\">+44(0)1283 511524<\/a> (UK) oder senden Sie eine Online-Anfrage.<\/p>\n<p><strong>\u00dcbersicht \/ Eigenschaften<\/strong><\/p>\n<p>Lizenzart: Gebrauchte, unbefristete Volumenlizenz<br \/>\nG\u00fcltigkeit: Unbefristet<br \/>\nInstallationsmethode: Microsoft Office Deployment Tool<br \/>\nArchitektur: 32\/64 bit<br \/>\nBetriebssystem: Windows 10 \/ Windows 11<br \/>\nSystemanforderungen:<br \/>\nMindest-Prozessortyp:<br \/>\nMindestgr\u00f6\u00dfe Arbeitsspeicher:<br \/>\nMindestgr\u00f6\u00dfe freier Festplattenspeicher:<br \/>\n&#8211; <\/p>\n","protected":false},"excerpt":{"rendered":"<p>Beschreibung Microsoft Project 2019 Professional unterst\u00fctzt Sie bei einem schnellen Projektstart und bei der einfachen Projektausf\u00fchrung. Integrierte Vorlagen und bekannte Planungs-Tools helfen Vorgesetzten und Teams dabei,<span class=\"excerpt-hellip\"> [\u2026]<\/span><\/p>\n","protected":false},"featured_media":7210,"template":"","meta":[],"product_brand":[],"product_cat":[233,196,246,247],"product_tag":[],"class_list":{"0":"post-10189","1":"product","2":"type-product","3":"status-publish","4":"has-post-thumbnail","6":"product_cat-2019-versions-de","7":"product_cat-anwendungen","8":"product_cat-microsoft-project-de","9":"product_cat-project-2019-de","11":"first","12":"instock","13":"shipping-taxable","14":"purchasable","15":"product-type-simple"},"yoast_head":"<!-- This site is optimized with the Yoast SEO plugin v27.1.1 - https:\/\/yoast.com\/product\/yoast-seo-wordpress\/ -->\n<title>Project 2019 Professional - discount-licensing<\/title>\n<meta name=\"robots\" content=\"index, follow, max-snippet:-1, max-image-preview:large, max-video-preview:-1\" \/>\n<link rel=\"canonical\" href=\"https:\/\/discount-licensing.com\/de\/produkt\/project-2019-professional\/\" \/>\n<meta property=\"og:locale\" content=\"de_DE\" \/>\n<meta property=\"og:type\" content=\"article\" \/>\n<meta property=\"og:title\" content=\"Project 2019 Professional - discount-licensing\" \/>\n<meta property=\"og:description\" content=\"Beschreibung Microsoft Project 2019 Professional unterst\u00fctzt Sie bei einem schnellen Projektstart und bei der einfachen Projektausf\u00fchrung. Integrierte Vorlagen und bekannte Planungs-Tools helfen Vorgesetzten und Teams dabei, [\u2026]\" \/>\n<meta property=\"og:url\" content=\"https:\/\/discount-licensing.com\/de\/produkt\/project-2019-professional\/\" \/>\n<meta property=\"og:site_name\" content=\"discount-licensing\" \/>\n<meta property=\"article:modified_time\" content=\"2023-05-31T10:12:13+00:00\" \/>\n<meta property=\"og:image\" content=\"https:\/\/discount-licensing.com\/wp-content\/uploads\/2022\/09\/Project-2019-Professional.jpg\" \/>\n\t<meta property=\"og:image:width\" content=\"787\" \/>\n\t<meta property=\"og:image:height\" content=\"787\" \/>\n\t<meta property=\"og:image:type\" content=\"image\/jpeg\" \/>\n<meta name=\"twitter:card\" content=\"summary_large_image\" \/>\n<meta name=\"twitter:label1\" content=\"Gesch\u00e4tzte Lesezeit\" \/>\n\t<meta name=\"twitter:data1\" content=\"1\u00a0Minute\" \/>\n<script type=\"application\/ld+json\" class=\"yoast-schema-graph\">{\"@context\":\"https:\/\/schema.org\",\"@graph\":[{\"@type\":\"WebPage\",\"@id\":\"https:\/\/discount-licensing.com\/de\/produkt\/project-2019-professional\/\",\"url\":\"https:\/\/discount-licensing.com\/de\/produkt\/project-2019-professional\/\",\"name\":\"Project 2019 Professional - discount-licensing\",\"isPartOf\":{\"@id\":\"https:\/\/discount-licensing.com\/de\/#website\"},\"primaryImageOfPage\":{\"@id\":\"https:\/\/discount-licensing.com\/de\/produkt\/project-2019-professional\/#primaryimage\"},\"image\":{\"@id\":\"https:\/\/discount-licensing.com\/de\/produkt\/project-2019-professional\/#primaryimage\"},\"thumbnailUrl\":\"https:\/\/discount-licensing.com\/wp-content\/uploads\/2022\/09\/Project-2019-Professional.jpg\",\"datePublished\":\"2019-08-01T13:27:51+00:00\",\"dateModified\":\"2023-05-31T10:12:13+00:00\",\"breadcrumb\":{\"@id\":\"https:\/\/discount-licensing.com\/de\/produkt\/project-2019-professional\/#breadcrumb\"},\"inLanguage\":\"de\",\"potentialAction\":[{\"@type\":\"ReadAction\",\"target\":[\"https:\/\/discount-licensing.com\/de\/produkt\/project-2019-professional\/\"]}]},{\"@type\":\"ImageObject\",\"inLanguage\":\"de\",\"@id\":\"https:\/\/discount-licensing.com\/de\/produkt\/project-2019-professional\/#primaryimage\",\"url\":\"https:\/\/discount-licensing.com\/wp-content\/uploads\/2022\/09\/Project-2019-Professional.jpg\",\"contentUrl\":\"https:\/\/discount-licensing.com\/wp-content\/uploads\/2022\/09\/Project-2019-Professional.jpg\",\"width\":787,\"height\":787},{\"@type\":\"BreadcrumbList\",\"@id\":\"https:\/\/discount-licensing.com\/de\/produkt\/project-2019-professional\/#breadcrumb\",\"itemListElement\":[{\"@type\":\"ListItem\",\"position\":1,\"name\":\"Home\",\"item\":\"https:\/\/discount-licensing.com\/de\/home\/\"},{\"@type\":\"ListItem\",\"position\":2,\"name\":\"Shop\",\"item\":\"https:\/\/discount-licensing.com\/de\/shop\/\"},{\"@type\":\"ListItem\",\"position\":3,\"name\":\"Project 2019 Professional\"}]},{\"@type\":\"WebSite\",\"@id\":\"https:\/\/discount-licensing.com\/de\/#website\",\"url\":\"https:\/\/discount-licensing.com\/de\/\",\"name\":\"discount-licensing\",\"description\":\"We Sell Discounted Pre-owned Microsoft Volume Software Throughout Europe\",\"potentialAction\":[{\"@type\":\"SearchAction\",\"target\":{\"@type\":\"EntryPoint\",\"urlTemplate\":\"https:\/\/discount-licensing.com\/de\/?s={search_term_string}\"},\"query-input\":{\"@type\":\"PropertyValueSpecification\",\"valueRequired\":true,\"valueName\":\"search_term_string\"}}],\"inLanguage\":\"de\"}]}<\/script>\n<!-- \/ Yoast SEO plugin. -->","yoast_head_json":{"title":"Project 2019 Professional - discount-licensing","robots":{"index":"index","follow":"follow","max-snippet":"max-snippet:-1","max-image-preview":"max-image-preview:large","max-video-preview":"max-video-preview:-1"},"canonical":"https:\/\/discount-licensing.com\/de\/produkt\/project-2019-professional\/","og_locale":"de_DE","og_type":"article","og_title":"Project 2019 Professional - discount-licensing","og_description":"Beschreibung Microsoft Project 2019 Professional unterst\u00fctzt Sie bei einem schnellen Projektstart und bei der einfachen Projektausf\u00fchrung. Integrierte Vorlagen und bekannte Planungs-Tools helfen Vorgesetzten und Teams dabei, [\u2026]","og_url":"https:\/\/discount-licensing.com\/de\/produkt\/project-2019-professional\/","og_site_name":"discount-licensing","article_modified_time":"2023-05-31T10:12:13+00:00","og_image":[{"width":787,"height":787,"url":"https:\/\/discount-licensing.com\/wp-content\/uploads\/2022\/09\/Project-2019-Professional.jpg","type":"image\/jpeg"}],"twitter_card":"summary_large_image","twitter_misc":{"Gesch\u00e4tzte Lesezeit":"1\u00a0Minute"},"schema":{"@context":"https:\/\/schema.org","@graph":[{"@type":"WebPage","@id":"https:\/\/discount-licensing.com\/de\/produkt\/project-2019-professional\/","url":"https:\/\/discount-licensing.com\/de\/produkt\/project-2019-professional\/","name":"Project 2019 Professional - discount-licensing","isPartOf":{"@id":"https:\/\/discount-licensing.com\/de\/#website"},"primaryImageOfPage":{"@id":"https:\/\/discount-licensing.com\/de\/produkt\/project-2019-professional\/#primaryimage"},"image":{"@id":"https:\/\/discount-licensing.com\/de\/produkt\/project-2019-professional\/#primaryimage"},"thumbnailUrl":"https:\/\/discount-licensing.com\/wp-content\/uploads\/2022\/09\/Project-2019-Professional.jpg","datePublished":"2019-08-01T13:27:51+00:00","dateModified":"2023-05-31T10:12:13+00:00","breadcrumb":{"@id":"https:\/\/discount-licensing.com\/de\/produkt\/project-2019-professional\/#breadcrumb"},"inLanguage":"de","potentialAction":[{"@type":"ReadAction","target":["https:\/\/discount-licensing.com\/de\/produkt\/project-2019-professional\/"]}]},{"@type":"ImageObject","inLanguage":"de","@id":"https:\/\/discount-licensing.com\/de\/produkt\/project-2019-professional\/#primaryimage","url":"https:\/\/discount-licensing.com\/wp-content\/uploads\/2022\/09\/Project-2019-Professional.jpg","contentUrl":"https:\/\/discount-licensing.com\/wp-content\/uploads\/2022\/09\/Project-2019-Professional.jpg","width":787,"height":787},{"@type":"BreadcrumbList","@id":"https:\/\/discount-licensing.com\/de\/produkt\/project-2019-professional\/#breadcrumb","itemListElement":[{"@type":"ListItem","position":1,"name":"Home","item":"https:\/\/discount-licensing.com\/de\/home\/"},{"@type":"ListItem","position":2,"name":"Shop","item":"https:\/\/discount-licensing.com\/de\/shop\/"},{"@type":"ListItem","position":3,"name":"Project 2019 Professional"}]},{"@type":"WebSite","@id":"https:\/\/discount-licensing.com\/de\/#website","url":"https:\/\/discount-licensing.com\/de\/","name":"discount-licensing","description":"We Sell Discounted Pre-owned Microsoft Volume Software Throughout Europe","potentialAction":[{"@type":"SearchAction","target":{"@type":"EntryPoint","urlTemplate":"https:\/\/discount-licensing.com\/de\/?s={search_term_string}"},"query-input":{"@type":"PropertyValueSpecification","valueRequired":true,"valueName":"search_term_string"}}],"inLanguage":"de"}]}},"_links":{"self":[{"href":"https:\/\/discount-licensing.com\/de\/wp-json\/wp\/v2\/product\/10189","targetHints":{"allow":["GET"]}}],"collection":[{"href":"https:\/\/discount-licensing.com\/de\/wp-json\/wp\/v2\/product"}],"about":[{"href":"https:\/\/discount-licensing.com\/de\/wp-json\/wp\/v2\/types\/product"}],"version-history":[{"count":0,"href":"https:\/\/discount-licensing.com\/de\/wp-json\/wp\/v2\/product\/10189\/revisions"}],"wp:featuredmedia":[{"embeddable":true,"href":"https:\/\/discount-licensing.com\/de\/wp-json\/wp\/v2\/media\/7210"}],"wp:attachment":[{"href":"https:\/\/discount-licensing.com\/de\/wp-json\/wp\/v2\/media?parent=10189"}],"wp:term":[{"taxonomy":"product_brand","embeddable":true,"href":"https:\/\/discount-licensing.com\/de\/wp-json\/wp\/v2\/product_brand?post=10189"},{"taxonomy":"product_cat","embeddable":true,"href":"https:\/\/discount-licensing.com\/de\/wp-json\/wp\/v2\/product_cat?post=10189"},{"taxonomy":"product_tag","embeddable":true,"href":"https:\/\/discount-licensing.com\/de\/wp-json\/wp\/v2\/product_tag?post=10189"}],"curies":[{"name":"wp","href":"https:\/\/api.w.org\/{rel}","templated":true}]}}