{"id":10162,"date":"2019-03-04T16:11:37","date_gmt":"2019-03-04T16:11:37","guid":{"rendered":"https:\/\/wp.discount-licensing.com\/\/product\/office-2019-professional-plus\/"},"modified":"2025-05-23T11:58:48","modified_gmt":"2025-05-23T10:58:48","slug":"microsoft-office-2019-professional","status":"publish","type":"product","link":"https:\/\/discount-licensing.com\/de\/produkt\/microsoft-office-2019-professional\/","title":{"rendered":"Microsoft 365: Office 2019 Professional Plus"},"content":{"rendered":"<h5>*** <strong>Please Note: Minimum Order Quantity of 3 Licences***<\/strong><\/h5>\n<p><strong>Beschreibung<\/strong><\/p>\n<p>Bei Microsoft Office 2019 Professional Plus handelt es sich um ein Paket an Desktop-Anwendungen einschlie\u00dflich Word, Excel, PowerPoint, OneNote, Outlook, Access und Publisher. Diese Ger\u00e4telizenz ist f\u00fcr die gewerbliche Nutzung und f\u00fcr die Nutzung in einer Terminaldienst-Umgebung geeignet. SQL Server Enterprise Edition umfasst weitere Zusatzdienste und ist ideal f\u00fcr Anwendungen, die erfolgskritische In-Memory-Leistung, Sicherheit und hohe Verf\u00fcgbarkeit ben\u00f6tigen.<\/p>\n<p>Alle unsere Gebrauchtsoftwarelizenzen stammen aus Open-, Select-, Enterprise- oder MPSA-Programmen \u00fcber unbefristete Microsoft-Volumenlizenzen. Alle Softwarelizenzen werden streng gepr\u00fcft, um die vollst\u00e4ndige Einhaltung der Gesetze der Europ\u00e4ischen Union und des Vereinigten K\u00f6nigreichs sicherzustellen. Softwarelizenzen werden zu erm\u00e4\u00dfigten Preisen verkauft und mit einem vollst\u00e4ndig dokumentierten Auditprotokoll geliefert, um im Falle eines Anbieter-\/SAM-Audits das gesetzliche Eigentum nachweisen zu k\u00f6nnen. Weitere Informationen erhalten Sie unter <a href=\"tel:+34934923499\">+34 934 923499<\/a> (EU) oder <a href=\"tel:+441283%20511524\">+44(0)1283 511524<\/a> (UK) oder senden Sie eine Online-Anfrage.<\/p>\n<p><strong>\u00dcbersicht \/ Eigenschaften<\/strong><\/p>\n<p>Lizenztyp: Pre-owned Perpetual Volume<br \/>\nG\u00fcltig f\u00fcr: Unbegrenzter Zeitraum<br \/>\nInstallationsmethode: Microsoft Office Deployment Tool<br \/>\nArchitektur: 32\/64 bit<br \/>\nOS-Plattform: Windows 10, Windows 11<br \/>\nSystemanforderungen:<br \/>\nMin. Prozessortyp:<br \/>\nMin. RAM-Gr\u00f6\u00dfe:<br \/>\nMin. Festplattenspeicher:<\/p>\n<p><strong>&#8211; <\/strong><\/p>\n<p><strong>Microsoft Word<\/strong> &#8211; Ob Sie eine der zahlreichen vorinstallierten Vorlagen nutzen oder mit einem wei\u00dfen Blatt beginnen, die breite Palette an Tools in Word unterst\u00fctzt Sie beim Erstellen des perfekten Dokuments.<\/p>\n<p><strong>Microsoft Excel<\/strong> &#8211; Organisieren und analysieren Sie Daten mit diesem leistungsstarken Tabellenkalkulationsprogramm. Die breite Palette an Funktionen und Eigenschaften umfasst Neuberechnung intelligenter Zellen, Grafikwerkzeuge, Pivot-Tabellen, Autovervollst\u00e4ndigung und Makroprogrammierung.<\/p>\n<p><strong>Microsoft Publisher<\/strong> &#8211; Erstellen Sie ganz einfach ausgefeilte, professionelle Layouts f\u00fcr Brosch\u00fcren, Flyer und Newsletter. Stimmen Sie Ver\u00f6ffentlichungen ganz auf Ihr Publikum ab.<\/p>\n<p><strong>Microsoft PowerPoint<\/strong> &#8211; Erstellen Sie eindrucksvolle Pr\u00e4sentationen mit Ihrem eigenen Design oder einer der zahlreichen Vorlagen. Legen Sie Farbzusammenstellungen fest, f\u00fcgen Sie Animationen, Sound oder Multimedia ein und importieren Sie Grafiken, Diagramme, Tabellen oder Bilder.<\/p>\n<p><strong>Microsoft Outlook<\/strong> \u2013 Lesen und verwalten Sie Ihre E-Mails in Microsoft Outlook. Planen Sie Meetings, teilen Sie den Kalender, legen Sie Aufgabenerinnerungen und Postfachregeln fest, damit die Anwendung E-Mails automatisch sortieren kann.<\/p>\n<p><strong>Microsoft Access<\/strong> \u2013 Ein Datenbank-Managementsystem, das Sie bei der Ablage, Berichterstattung und Analyse gro\u00dfer Datenmengen unterst\u00fctzt, die f\u00fcr eine Standard-Tabelle zu umfangreich w\u00e4ren.<\/p>\n","protected":false},"excerpt":{"rendered":"<p>*** Please Note: Minimum Order Quantity of 3 Licences*** Beschreibung Bei Microsoft Office 2019 Professional Plus handelt es sich um ein Paket an Desktop-Anwendungen einschlie\u00dflich Word,<span class=\"excerpt-hellip\"> [\u2026]<\/span><\/p>\n","protected":false},"featured_media":6486,"template":"","meta":[],"product_brand":[],"product_cat":[233,196,231,232],"product_tag":[],"class_list":{"0":"post-10162","1":"product","2":"type-product","3":"status-publish","4":"has-post-thumbnail","6":"product_cat-2019-versions-de","7":"product_cat-anwendungen","8":"product_cat-microsoft-office-de","9":"product_cat-office-2019-de","11":"first","12":"instock","13":"shipping-taxable","14":"purchasable","15":"product-type-simple"},"yoast_head":"<!-- This site is optimized with the Yoast SEO plugin v27.1.1 - https:\/\/yoast.com\/product\/yoast-seo-wordpress\/ -->\n<title>Microsoft 365: Office 2019 Professional Plus - discount-licensing<\/title>\n<meta name=\"robots\" content=\"index, follow, max-snippet:-1, max-image-preview:large, max-video-preview:-1\" \/>\n<link rel=\"canonical\" href=\"https:\/\/discount-licensing.com\/de\/produkt\/microsoft-office-2019-professional\/\" \/>\n<meta property=\"og:locale\" content=\"de_DE\" \/>\n<meta property=\"og:type\" content=\"article\" \/>\n<meta property=\"og:title\" content=\"Microsoft 365: Office 2019 Professional Plus - discount-licensing\" \/>\n<meta property=\"og:description\" content=\"*** Please Note: Minimum Order Quantity of 3 Licences*** Beschreibung Bei Microsoft Office 2019 Professional Plus handelt es sich um ein Paket an Desktop-Anwendungen einschlie\u00dflich Word, [\u2026]\" \/>\n<meta property=\"og:url\" content=\"https:\/\/discount-licensing.com\/de\/produkt\/microsoft-office-2019-professional\/\" \/>\n<meta property=\"og:site_name\" content=\"discount-licensing\" \/>\n<meta property=\"article:publisher\" content=\"https:\/\/www.facebook.com\/DiscountLicensing\" \/>\n<meta property=\"article:modified_time\" content=\"2025-05-23T10:58:48+00:00\" \/>\n<meta property=\"og:image\" content=\"https:\/\/discount-licensing.com\/wp-content\/uploads\/2022\/09\/Office-2019-Professional-Plus.jpg\" \/>\n\t<meta property=\"og:image:width\" content=\"787\" \/>\n\t<meta property=\"og:image:height\" content=\"787\" \/>\n\t<meta property=\"og:image:type\" content=\"image\/jpeg\" \/>\n<meta name=\"twitter:card\" content=\"summary_large_image\" \/>\n<meta name=\"twitter:label1\" content=\"Gesch\u00e4tzte Lesezeit\" \/>\n\t<meta name=\"twitter:data1\" content=\"2\u00a0Minuten\" \/>\n<script type=\"application\/ld+json\" class=\"yoast-schema-graph\">{\"@context\":\"https:\/\/schema.org\",\"@graph\":[{\"@type\":\"WebPage\",\"@id\":\"https:\/\/discount-licensing.com\/de\/produkt\/microsoft-office-2019-professional\/\",\"url\":\"https:\/\/discount-licensing.com\/de\/produkt\/microsoft-office-2019-professional\/\",\"name\":\"Microsoft 365: Office 2019 Professional Plus - discount-licensing\",\"isPartOf\":{\"@id\":\"https:\/\/discount-licensing.com\/de\/#website\"},\"primaryImageOfPage\":{\"@id\":\"https:\/\/discount-licensing.com\/de\/produkt\/microsoft-office-2019-professional\/#primaryimage\"},\"image\":{\"@id\":\"https:\/\/discount-licensing.com\/de\/produkt\/microsoft-office-2019-professional\/#primaryimage\"},\"thumbnailUrl\":\"https:\/\/discount-licensing.com\/wp-content\/uploads\/2022\/09\/Office-2019-Professional-Plus.jpg\",\"datePublished\":\"2019-03-04T16:11:37+00:00\",\"dateModified\":\"2025-05-23T10:58:48+00:00\",\"breadcrumb\":{\"@id\":\"https:\/\/discount-licensing.com\/de\/produkt\/microsoft-office-2019-professional\/#breadcrumb\"},\"inLanguage\":\"de\",\"potentialAction\":[{\"@type\":\"ReadAction\",\"target\":[\"https:\/\/discount-licensing.com\/de\/produkt\/microsoft-office-2019-professional\/\"]}]},{\"@type\":\"ImageObject\",\"inLanguage\":\"de\",\"@id\":\"https:\/\/discount-licensing.com\/de\/produkt\/microsoft-office-2019-professional\/#primaryimage\",\"url\":\"https:\/\/discount-licensing.com\/wp-content\/uploads\/2022\/09\/Office-2019-Professional-Plus.jpg\",\"contentUrl\":\"https:\/\/discount-licensing.com\/wp-content\/uploads\/2022\/09\/Office-2019-Professional-Plus.jpg\",\"width\":787,\"height\":787},{\"@type\":\"BreadcrumbList\",\"@id\":\"https:\/\/discount-licensing.com\/de\/produkt\/microsoft-office-2019-professional\/#breadcrumb\",\"itemListElement\":[{\"@type\":\"ListItem\",\"position\":1,\"name\":\"Home\",\"item\":\"https:\/\/discount-licensing.com\/de\/home\/\"},{\"@type\":\"ListItem\",\"position\":2,\"name\":\"Shop\",\"item\":\"https:\/\/discount-licensing.com\/de\/shop\/\"},{\"@type\":\"ListItem\",\"position\":3,\"name\":\"Microsoft 365: Office 2019 Professional Plus\"}]},{\"@type\":\"WebSite\",\"@id\":\"https:\/\/discount-licensing.com\/de\/#website\",\"url\":\"https:\/\/discount-licensing.com\/de\/\",\"name\":\"discount-licensing\",\"description\":\"We Sell Discounted Pre-owned Microsoft Volume Software Throughout Europe\",\"publisher\":{\"@id\":\"https:\/\/discount-licensing.com\/de\/#organization\"},\"potentialAction\":[{\"@type\":\"SearchAction\",\"target\":{\"@type\":\"EntryPoint\",\"urlTemplate\":\"https:\/\/discount-licensing.com\/de\/?s={search_term_string}\"},\"query-input\":{\"@type\":\"PropertyValueSpecification\",\"valueRequired\":true,\"valueName\":\"search_term_string\"}}],\"inLanguage\":\"de\"},{\"@type\":\"Organization\",\"@id\":\"https:\/\/discount-licensing.com\/de\/#organization\",\"name\":\"discount-licensing\",\"url\":\"https:\/\/discount-licensing.com\/de\/\",\"logo\":{\"@type\":\"ImageObject\",\"inLanguage\":\"de\",\"@id\":\"https:\/\/discount-licensing.com\/de\/#\/schema\/logo\/image\/\",\"url\":\"https:\/\/discount-licensing.com\/wp-content\/uploads\/2023\/09\/discount-licensing-1.jpg\",\"contentUrl\":\"https:\/\/discount-licensing.com\/wp-content\/uploads\/2023\/09\/discount-licensing-1.jpg\",\"width\":800,\"height\":533,\"caption\":\"discount-licensing\"},\"image\":{\"@id\":\"https:\/\/discount-licensing.com\/de\/#\/schema\/logo\/image\/\"},\"sameAs\":[\"https:\/\/www.facebook.com\/DiscountLicensing\"]}]}<\/script>\n<!-- \/ Yoast SEO plugin. -->","yoast_head_json":{"title":"Microsoft 365: Office 2019 Professional Plus - discount-licensing","robots":{"index":"index","follow":"follow","max-snippet":"max-snippet:-1","max-image-preview":"max-image-preview:large","max-video-preview":"max-video-preview:-1"},"canonical":"https:\/\/discount-licensing.com\/de\/produkt\/microsoft-office-2019-professional\/","og_locale":"de_DE","og_type":"article","og_title":"Microsoft 365: Office 2019 Professional Plus - discount-licensing","og_description":"*** Please Note: Minimum Order Quantity of 3 Licences*** Beschreibung Bei Microsoft Office 2019 Professional Plus handelt es sich um ein Paket an Desktop-Anwendungen einschlie\u00dflich Word, [\u2026]","og_url":"https:\/\/discount-licensing.com\/de\/produkt\/microsoft-office-2019-professional\/","og_site_name":"discount-licensing","article_publisher":"https:\/\/www.facebook.com\/DiscountLicensing","article_modified_time":"2025-05-23T10:58:48+00:00","og_image":[{"width":787,"height":787,"url":"https:\/\/discount-licensing.com\/wp-content\/uploads\/2022\/09\/Office-2019-Professional-Plus.jpg","type":"image\/jpeg"}],"twitter_card":"summary_large_image","twitter_misc":{"Gesch\u00e4tzte Lesezeit":"2\u00a0Minuten"},"schema":{"@context":"https:\/\/schema.org","@graph":[{"@type":"WebPage","@id":"https:\/\/discount-licensing.com\/de\/produkt\/microsoft-office-2019-professional\/","url":"https:\/\/discount-licensing.com\/de\/produkt\/microsoft-office-2019-professional\/","name":"Microsoft 365: Office 2019 Professional Plus - discount-licensing","isPartOf":{"@id":"https:\/\/discount-licensing.com\/de\/#website"},"primaryImageOfPage":{"@id":"https:\/\/discount-licensing.com\/de\/produkt\/microsoft-office-2019-professional\/#primaryimage"},"image":{"@id":"https:\/\/discount-licensing.com\/de\/produkt\/microsoft-office-2019-professional\/#primaryimage"},"thumbnailUrl":"https:\/\/discount-licensing.com\/wp-content\/uploads\/2022\/09\/Office-2019-Professional-Plus.jpg","datePublished":"2019-03-04T16:11:37+00:00","dateModified":"2025-05-23T10:58:48+00:00","breadcrumb":{"@id":"https:\/\/discount-licensing.com\/de\/produkt\/microsoft-office-2019-professional\/#breadcrumb"},"inLanguage":"de","potentialAction":[{"@type":"ReadAction","target":["https:\/\/discount-licensing.com\/de\/produkt\/microsoft-office-2019-professional\/"]}]},{"@type":"ImageObject","inLanguage":"de","@id":"https:\/\/discount-licensing.com\/de\/produkt\/microsoft-office-2019-professional\/#primaryimage","url":"https:\/\/discount-licensing.com\/wp-content\/uploads\/2022\/09\/Office-2019-Professional-Plus.jpg","contentUrl":"https:\/\/discount-licensing.com\/wp-content\/uploads\/2022\/09\/Office-2019-Professional-Plus.jpg","width":787,"height":787},{"@type":"BreadcrumbList","@id":"https:\/\/discount-licensing.com\/de\/produkt\/microsoft-office-2019-professional\/#breadcrumb","itemListElement":[{"@type":"ListItem","position":1,"name":"Home","item":"https:\/\/discount-licensing.com\/de\/home\/"},{"@type":"ListItem","position":2,"name":"Shop","item":"https:\/\/discount-licensing.com\/de\/shop\/"},{"@type":"ListItem","position":3,"name":"Microsoft 365: Office 2019 Professional Plus"}]},{"@type":"WebSite","@id":"https:\/\/discount-licensing.com\/de\/#website","url":"https:\/\/discount-licensing.com\/de\/","name":"discount-licensing","description":"We Sell Discounted Pre-owned Microsoft Volume Software Throughout Europe","publisher":{"@id":"https:\/\/discount-licensing.com\/de\/#organization"},"potentialAction":[{"@type":"SearchAction","target":{"@type":"EntryPoint","urlTemplate":"https:\/\/discount-licensing.com\/de\/?s={search_term_string}"},"query-input":{"@type":"PropertyValueSpecification","valueRequired":true,"valueName":"search_term_string"}}],"inLanguage":"de"},{"@type":"Organization","@id":"https:\/\/discount-licensing.com\/de\/#organization","name":"discount-licensing","url":"https:\/\/discount-licensing.com\/de\/","logo":{"@type":"ImageObject","inLanguage":"de","@id":"https:\/\/discount-licensing.com\/de\/#\/schema\/logo\/image\/","url":"https:\/\/discount-licensing.com\/wp-content\/uploads\/2023\/09\/discount-licensing-1.jpg","contentUrl":"https:\/\/discount-licensing.com\/wp-content\/uploads\/2023\/09\/discount-licensing-1.jpg","width":800,"height":533,"caption":"discount-licensing"},"image":{"@id":"https:\/\/discount-licensing.com\/de\/#\/schema\/logo\/image\/"},"sameAs":["https:\/\/www.facebook.com\/DiscountLicensing"]}]}},"_links":{"self":[{"href":"https:\/\/discount-licensing.com\/de\/wp-json\/wp\/v2\/product\/10162","targetHints":{"allow":["GET"]}}],"collection":[{"href":"https:\/\/discount-licensing.com\/de\/wp-json\/wp\/v2\/product"}],"about":[{"href":"https:\/\/discount-licensing.com\/de\/wp-json\/wp\/v2\/types\/product"}],"version-history":[{"count":2,"href":"https:\/\/discount-licensing.com\/de\/wp-json\/wp\/v2\/product\/10162\/revisions"}],"predecessor-version":[{"id":25004,"href":"https:\/\/discount-licensing.com\/de\/wp-json\/wp\/v2\/product\/10162\/revisions\/25004"}],"wp:featuredmedia":[{"embeddable":true,"href":"https:\/\/discount-licensing.com\/de\/wp-json\/wp\/v2\/media\/6486"}],"wp:attachment":[{"href":"https:\/\/discount-licensing.com\/de\/wp-json\/wp\/v2\/media?parent=10162"}],"wp:term":[{"taxonomy":"product_brand","embeddable":true,"href":"https:\/\/discount-licensing.com\/de\/wp-json\/wp\/v2\/product_brand?post=10162"},{"taxonomy":"product_cat","embeddable":true,"href":"https:\/\/discount-licensing.com\/de\/wp-json\/wp\/v2\/product_cat?post=10162"},{"taxonomy":"product_tag","embeddable":true,"href":"https:\/\/discount-licensing.com\/de\/wp-json\/wp\/v2\/product_tag?post=10162"}],"curies":[{"name":"wp","href":"https:\/\/api.w.org\/{rel}","templated":true}]}}